{"id":3548,"date":"2021-05-24T12:24:34","date_gmt":"2021-05-24T15:24:34","guid":{"rendered":"https:\/\/www.taller-palabras.com\/WordPress_04\/?post_type=product&#038;p=3548"},"modified":"2024-02-13T17:40:03","modified_gmt":"2024-02-13T20:40:03","slug":"todos-nuestros-ayeres-natalia-ginzburg-ebook","status":"publish","type":"product","link":"https:\/\/www.taller-palabras.com\/WordPress_04\/producto\/todos-nuestros-ayeres-natalia-ginzburg-ebook","title":{"rendered":"Todos nuestros ayeres &#8211; Natalia Ginzburg \/ebook"},"content":{"rendered":"<figure id=\"attachment_3552\" aria-describedby=\"caption-attachment-3552\" style=\"width: 150px\" class=\"wp-caption alignleft\"><img loading=\"lazy\" decoding=\"async\" class=\"wp-image-3552 size-thumbnail\" src=\"https:\/\/www.taller-palabras.com\/WordPress_04\/wp-content\/uploads\/2021\/05\/NataliaGinzburg-150x150.jpg\" alt=\"\" width=\"150\" height=\"150\" srcset=\"https:\/\/www.taller-palabras.com\/WordPress_04\/wp-content\/uploads\/2021\/05\/NataliaGinzburg-150x150.jpg 150w, https:\/\/www.taller-palabras.com\/WordPress_04\/wp-content\/uploads\/2021\/05\/NataliaGinzburg-100x100.jpg 100w\" sizes=\"auto, (max-width: 150px) 100vw, 150px\" \/><figcaption id=\"caption-attachment-3552\" class=\"wp-caption-text\">Autora Natalia Ginzburg<\/figcaption><\/figure>\n<p>A veces basta la mirada ingenua de una chiquilla para arrancar una historia que cambiar\u00e1 la vida de dos familias y del mundo entero. Anna, un bicho triste y perezoso en palabras de la propia Ginzburg, es esa ni\u00f1a apocada que vive en un pueblo del norte de Italia en los a\u00f1os previos a la Segunda Guerra Mundial y se enamora de los juguetes de su vecino; es tambi\u00e9n la joven que casi sin protestar se somete a la violencia del sexo, y es la mujer que sigue a Cenzo Rena, un hombre treinta a\u00f1os mayor que ella, a un lugar inh\u00f3spito del sur tras convertirse en su esposa. Anna calla, mientras todos a su alrededor hablan y gesticulan: hay quien pasa las noches tramando atentados contra Mussolini, otros que se pasean en coches descapotables o se fugan de repente. Con la guerra llegan las decisiones importantes y los actos extremos: el escenario se abre, respira dolor, pide dignidad, y el miedo es moneda com\u00fan. Cuando finalmente todo acaba, los pocos que sobreviven tendr\u00e1n que v\u00e9rselas con un vac\u00edo lleno de preguntas sin respuesta. La que muchos han calificado como la mejor novela de Natalia Ginzburg nos devuelve p\u00e1gina a p\u00e1gina los gestos de su gente y los a\u00f1os que cambiaron para siempre el destino de Europa: en la mirada de Anna est\u00e1 nuestro pasado.<\/p>\n","protected":false},"excerpt":{"rendered":"<p>A veces basta la mirada ingenua de una chiquilla para arrancar una historia que cambiar\u00e1 la vida de dos familias y del mundo entero. Anna, un bicho triste y perezoso en palabras de la propia Ginzburg, es esa ni\u00f1a apocada que vive en un pueblo del norte de Italia en los a\u00f1os previos a la [&hellip;]<\/p>\n","protected":false},"featured_media":3556,"template":"","meta":[],"product_brand":[],"product_cat":[25],"product_tag":[136,437,55,438],"class_list":{"0":"post-3548","1":"product","2":"type-product","3":"status-publish","4":"has-post-thumbnail","6":"product_cat-libros-digitales-ebooks","7":"product_tag-decargar-ebook","8":"product_tag-natalia-ginzburg","9":"product_tag-novelas","10":"product_tag-todos-nuestros-ayeres","12":"first","13":"instock","14":"shipping-taxable","15":"purchasable","16":"product-type-variable","17":"has-default-attributes"},"_links":{"self":[{"href":"https:\/\/www.taller-palabras.com\/WordPress_04\/wp-json\/wp\/v2\/product\/3548","targetHints":{"allow":["GET"]}}],"collection":[{"href":"https:\/\/www.taller-palabras.com\/WordPress_04\/wp-json\/wp\/v2\/product"}],"about":[{"href":"https:\/\/www.taller-palabras.com\/WordPress_04\/wp-json\/wp\/v2\/types\/product"}],"wp:featuredmedia":[{"embeddable":true,"href":"https:\/\/www.taller-palabras.com\/WordPress_04\/wp-json\/wp\/v2\/media\/3556"}],"wp:attachment":[{"href":"https:\/\/www.taller-palabras.com\/WordPress_04\/wp-json\/wp\/v2\/media?parent=3548"}],"wp:term":[{"taxonomy":"product_brand","embeddable":true,"href":"https:\/\/www.taller-palabras.com\/WordPress_04\/wp-json\/wp\/v2\/product_brand?post=3548"},{"taxonomy":"product_cat","embeddable":true,"href":"https:\/\/www.taller-palabras.com\/WordPress_04\/wp-json\/wp\/v2\/product_cat?post=3548"},{"taxonomy":"product_tag","embeddable":true,"href":"https:\/\/www.taller-palabras.com\/WordPress_04\/wp-json\/wp\/v2\/product_tag?post=3548"}],"curies":[{"name":"wp","href":"https:\/\/api.w.org\/{rel}","templated":true}]}}