{"id":3569,"date":"2021-05-24T12:52:15","date_gmt":"2021-05-24T15:52:15","guid":{"rendered":"https:\/\/www.taller-palabras.com\/WordPress_04\/?post_type=product&#038;p=3569"},"modified":"2024-02-16T12:24:18","modified_gmt":"2024-02-16T15:24:18","slug":"las-palabras-de-la-noche-natalia-ginzburg-ebook","status":"publish","type":"product","link":"https:\/\/www.taller-palabras.com\/WordPress_04\/producto\/las-palabras-de-la-noche-natalia-ginzburg-ebook","title":{"rendered":"Las palabras de la noche &#8211; Natalia Ginzburg \/ebook"},"content":{"rendered":"<figure id=\"attachment_3552\" aria-describedby=\"caption-attachment-3552\" style=\"width: 150px\" class=\"wp-caption alignleft\"><img loading=\"lazy\" decoding=\"async\" class=\"wp-image-3552 size-thumbnail\" src=\"https:\/\/www.taller-palabras.com\/WordPress_04\/wp-content\/uploads\/2021\/05\/NataliaGinzburg-150x150.jpg\" alt=\"\" width=\"150\" height=\"150\" srcset=\"https:\/\/www.taller-palabras.com\/WordPress_04\/wp-content\/uploads\/2021\/05\/NataliaGinzburg-150x150.jpg 150w, https:\/\/www.taller-palabras.com\/WordPress_04\/wp-content\/uploads\/2021\/05\/NataliaGinzburg-100x100.jpg 100w\" sizes=\"auto, (max-width: 150px) 100vw, 150px\" \/><figcaption id=\"caption-attachment-3552\" class=\"wp-caption-text\">Autora Natalia Ginzburg<\/figcaption><\/figure>\n<p>Algunos cr\u00edticos consideran que ninguna escritora ha pose\u00eddo, como Natalia Ginzburg, una mirada tan sutil y precisa. Y su inocencia, una gracia tan fina as\u00ed como deliciosamente incorp\u00f3rea. \u00abLas palabras de la noche\u00bb, llevada al cine por el director espa\u00f1ol Salvador Garc\u00eda Ru\u00edz en 2004 con el t\u00edtulo \u00abLas voces de la noche\u00bb, es un ejemplo emblem\u00e1tico de esa manera tan delicada de narrar que posee esta singular autora, por lo dem\u00e1s poco traducida a nuestra lengua.<\/p>\n","protected":false},"excerpt":{"rendered":"<p>Algunos cr\u00edticos consideran que ninguna escritora ha pose\u00eddo, como Natalia Ginzburg, una mirada tan sutil y precisa. Y su inocencia, una gracia tan fina as\u00ed como deliciosamente incorp\u00f3rea. \u00abLas palabras de la noche\u00bb, llevada al cine por el director espa\u00f1ol Salvador Garc\u00eda Ru\u00edz en 2004 con el t\u00edtulo \u00abLas voces de la noche\u00bb, es un [&hellip;]<\/p>\n","protected":false},"featured_media":3568,"template":"","meta":[],"product_brand":[],"product_cat":[25],"product_tag":[136,440,437,55],"class_list":{"0":"post-3569","1":"product","2":"type-product","3":"status-publish","4":"has-post-thumbnail","6":"product_cat-libros-digitales-ebooks","7":"product_tag-decargar-ebook","8":"product_tag-las-palabras-de-la-noche","9":"product_tag-natalia-ginzburg","10":"product_tag-novelas","12":"first","13":"instock","14":"shipping-taxable","15":"purchasable","16":"product-type-variable","17":"has-default-attributes"},"_links":{"self":[{"href":"https:\/\/www.taller-palabras.com\/WordPress_04\/wp-json\/wp\/v2\/product\/3569","targetHints":{"allow":["GET"]}}],"collection":[{"href":"https:\/\/www.taller-palabras.com\/WordPress_04\/wp-json\/wp\/v2\/product"}],"about":[{"href":"https:\/\/www.taller-palabras.com\/WordPress_04\/wp-json\/wp\/v2\/types\/product"}],"wp:featuredmedia":[{"embeddable":true,"href":"https:\/\/www.taller-palabras.com\/WordPress_04\/wp-json\/wp\/v2\/media\/3568"}],"wp:attachment":[{"href":"https:\/\/www.taller-palabras.com\/WordPress_04\/wp-json\/wp\/v2\/media?parent=3569"}],"wp:term":[{"taxonomy":"product_brand","embeddable":true,"href":"https:\/\/www.taller-palabras.com\/WordPress_04\/wp-json\/wp\/v2\/product_brand?post=3569"},{"taxonomy":"product_cat","embeddable":true,"href":"https:\/\/www.taller-palabras.com\/WordPress_04\/wp-json\/wp\/v2\/product_cat?post=3569"},{"taxonomy":"product_tag","embeddable":true,"href":"https:\/\/www.taller-palabras.com\/WordPress_04\/wp-json\/wp\/v2\/product_tag?post=3569"}],"curies":[{"name":"wp","href":"https:\/\/api.w.org\/{rel}","templated":true}]}}