{"id":3594,"date":"2021-05-28T13:41:31","date_gmt":"2021-05-28T16:41:31","guid":{"rendered":"https:\/\/www.taller-palabras.com\/WordPress_04\/?post_type=product&#038;p=3594"},"modified":"2024-02-16T13:26:50","modified_gmt":"2024-02-16T16:26:50","slug":"eugenia-grandet-honore-de-balzac-ebook","status":"publish","type":"product","link":"https:\/\/www.taller-palabras.com\/WordPress_04\/producto\/eugenia-grandet-honore-de-balzac-ebook","title":{"rendered":"Eugenia Grandet &#8211; Honor\u00e9 de Balzac \/ebook"},"content":{"rendered":"<figure id=\"attachment_3593\" aria-describedby=\"caption-attachment-3593\" style=\"width: 150px\" class=\"wp-caption alignleft\"><img loading=\"lazy\" decoding=\"async\" class=\"wp-image-3593 size-thumbnail\" src=\"https:\/\/www.taller-palabras.com\/WordPress_04\/wp-content\/uploads\/2021\/05\/honore-de-balzac-150x150.jpg\" alt=\"\" width=\"150\" height=\"150\" srcset=\"https:\/\/www.taller-palabras.com\/WordPress_04\/wp-content\/uploads\/2021\/05\/honore-de-balzac-150x150.jpg 150w, https:\/\/www.taller-palabras.com\/WordPress_04\/wp-content\/uploads\/2021\/05\/honore-de-balzac-100x100.jpg 100w, https:\/\/www.taller-palabras.com\/WordPress_04\/wp-content\/uploads\/2021\/05\/honore-de-balzac.jpg 283w\" sizes=\"auto, (max-width: 150px) 100vw, 150px\" \/><figcaption id=\"caption-attachment-3593\" class=\"wp-caption-text\">Autor Honor\u00e9 de Balzac<\/figcaption><\/figure>\n<p>Como dijo Oscar Wilde, el siglo XIX es un invento de Balzac. Dentro de \u00abLa comedia humana\u00bb, el vasto ciclo de su novel\u00edstica, \u00abEug\u00e9nie Grandet\u00bb ocupa un lugar cenital. La historia del avaro Grandet y de su hija Eug\u00e9nie, que vive desgarrada entre la tiran\u00eda de su padre y el amor por un joven parisino, compone el mejor retrato coral de la sociedad francesa de la \u00e9poca, a la vez que presenta a algunos de los personajes m\u00e1s perfectos de la historia de la literatura. No en vano, esta obra ha sido a lo largo de los a\u00f1os la m\u00e1s persistentemente popular de cuantas escribi\u00f3 su autor. En exquisita traducci\u00f3n de Joan Riambau, presentamos esta nueva edici\u00f3n que incorpora un estudio introductorio de Martine Reid \u2014catedr\u00e1tica de literatura francesa en la Universidad de Lille y experta en narrativa del siglo XIX\u2014, as\u00ed como el pre\u00e1mbulo y el ep\u00edlogo originales, que Balzac prefiri\u00f3 suprimir en las \u00faltimas ediciones de la novela.<\/p>\n","protected":false},"excerpt":{"rendered":"<p>Como dijo Oscar Wilde, el siglo XIX es un invento de Balzac. Dentro de \u00abLa comedia humana\u00bb, el vasto ciclo de su novel\u00edstica, \u00abEug\u00e9nie Grandet\u00bb ocupa un lugar cenital. La historia del avaro Grandet y de su hija Eug\u00e9nie, que vive desgarrada entre la tiran\u00eda de su padre y el amor por un joven parisino, [&hellip;]<\/p>\n","protected":false},"featured_media":3578,"template":"","meta":[],"product_brand":[],"product_cat":[25],"product_tag":[54,442,443,225],"class_list":{"0":"post-3594","1":"product","2":"type-product","3":"status-publish","4":"has-post-thumbnail","6":"product_cat-libros-digitales-ebooks","7":"product_tag-descargar-ebook","8":"product_tag-eugenia-grandet","9":"product_tag-honore-de-balzac","10":"product_tag-mejores-novelas","12":"first","13":"instock","14":"shipping-taxable","15":"purchasable","16":"product-type-variable","17":"has-default-attributes"},"_links":{"self":[{"href":"https:\/\/www.taller-palabras.com\/WordPress_04\/wp-json\/wp\/v2\/product\/3594","targetHints":{"allow":["GET"]}}],"collection":[{"href":"https:\/\/www.taller-palabras.com\/WordPress_04\/wp-json\/wp\/v2\/product"}],"about":[{"href":"https:\/\/www.taller-palabras.com\/WordPress_04\/wp-json\/wp\/v2\/types\/product"}],"wp:featuredmedia":[{"embeddable":true,"href":"https:\/\/www.taller-palabras.com\/WordPress_04\/wp-json\/wp\/v2\/media\/3578"}],"wp:attachment":[{"href":"https:\/\/www.taller-palabras.com\/WordPress_04\/wp-json\/wp\/v2\/media?parent=3594"}],"wp:term":[{"taxonomy":"product_brand","embeddable":true,"href":"https:\/\/www.taller-palabras.com\/WordPress_04\/wp-json\/wp\/v2\/product_brand?post=3594"},{"taxonomy":"product_cat","embeddable":true,"href":"https:\/\/www.taller-palabras.com\/WordPress_04\/wp-json\/wp\/v2\/product_cat?post=3594"},{"taxonomy":"product_tag","embeddable":true,"href":"https:\/\/www.taller-palabras.com\/WordPress_04\/wp-json\/wp\/v2\/product_tag?post=3594"}],"curies":[{"name":"wp","href":"https:\/\/api.w.org\/{rel}","templated":true}]}}