{"id":3603,"date":"2021-05-28T13:56:02","date_gmt":"2021-05-28T16:56:02","guid":{"rendered":"https:\/\/www.taller-palabras.com\/WordPress_04\/?post_type=product&#038;p=3603"},"modified":"2024-02-17T13:27:10","modified_gmt":"2024-02-17T16:27:10","slug":"una-madre-alejandro-palomas-ebook","status":"publish","type":"product","link":"https:\/\/www.taller-palabras.com\/WordPress_04\/producto\/una-madre-alejandro-palomas-ebook","title":{"rendered":"Una madre &#8211; Alejandro Palomas \/ebook"},"content":{"rendered":"<figure id=\"attachment_3607\" aria-describedby=\"caption-attachment-3607\" style=\"width: 150px\" class=\"wp-caption alignleft\"><img loading=\"lazy\" decoding=\"async\" class=\"wp-image-3607 size-thumbnail\" src=\"https:\/\/www.taller-palabras.com\/WordPress_04\/wp-content\/uploads\/2021\/05\/alejandro-palomas-150x150.jpg\" alt=\"\" width=\"150\" height=\"150\" srcset=\"https:\/\/www.taller-palabras.com\/WordPress_04\/wp-content\/uploads\/2021\/05\/alejandro-palomas-150x150.jpg 150w, https:\/\/www.taller-palabras.com\/WordPress_04\/wp-content\/uploads\/2021\/05\/alejandro-palomas-100x100.jpg 100w, https:\/\/www.taller-palabras.com\/WordPress_04\/wp-content\/uploads\/2021\/05\/alejandro-palomas.jpg 283w\" sizes=\"auto, (max-width: 150px) 100vw, 150px\" \/><figcaption id=\"caption-attachment-3607\" class=\"wp-caption-text\">Autor Alejandro Palomas<\/figcaption><\/figure>\n<p>El retrato de una ciudad acogedora y esquiva a partes iguales, de una familia unida por los fr\u00e1giles lazos de la necesidad y del amor y la mirada \u00fanica de una mujer maravillosa en un momento extraordinario. Faltan unas horas para la medianoche. Por fin, despu\u00e9s de varias tentativas, Amalia ha logrado a sus 65 a\u00f1os ver cumplido su sue\u00f1o: reunir a toda la familia para cenar en Nochevieja. Una madre cuenta la historia de c\u00f3mo Amalia entreteje con su humor y su entrega particular una red de hilos invisibles con la que une y protege a los suyos, zurciendo los silencios de unos y encauzando el futuro de los otros. Sabe que va a ser una noche intensa, llena de secretos y mentiras, de mucha risa y de confesiones largo tiempo contenidas que por fin estallan para descubrir lo que queda por vivir. Sabe que es el momento de actuar y no est\u00e1 dispuesta a que nada la aparte de su cometido. Un cartel luminoso que emite mensajes desde una azotea junto al puerto, una silla en la que desde hace a\u00f1os jam\u00e1s se sienta nadie, una Barcelona de cielos a\u00f1iles que conspira para que vuelva una luz que parec\u00eda apagada, unos ojos como bosques alemanes y una libreta que aclara los porqu\u00e9s de una vida entera\u2026 Una madre no es solo el retrato de una mujer valiente y entra\u00f1able, y de los miembros de su familia que dependen de ella y de su peculiar energ\u00eda para afrontar sus vidas, sino tambi\u00e9n un atisbo de lo que la condici\u00f3n humana es capaz de demostrarse y mostrar cuando ahonda en su mejor versi\u00f3n.<\/p>\n","protected":false},"excerpt":{"rendered":"<p>El retrato de una ciudad acogedora y esquiva a partes iguales, de una familia unida por los fr\u00e1giles lazos de la necesidad y del amor y la mirada \u00fanica de una mujer maravillosa en un momento extraordinario. Faltan unas horas para la medianoche. Por fin, despu\u00e9s de varias tentativas, Amalia ha logrado a sus 65 [&hellip;]<\/p>\n","protected":false},"featured_media":3579,"template":"","meta":[],"product_brand":[],"product_cat":[25],"product_tag":[447,54,225,446],"class_list":{"0":"post-3603","1":"product","2":"type-product","3":"status-publish","4":"has-post-thumbnail","6":"product_cat-libros-digitales-ebooks","7":"product_tag-alejandro-palomas","8":"product_tag-descargar-ebook","9":"product_tag-mejores-novelas","10":"product_tag-una-madre","12":"first","13":"instock","14":"shipping-taxable","15":"purchasable","16":"product-type-variable","17":"has-default-attributes"},"_links":{"self":[{"href":"https:\/\/www.taller-palabras.com\/WordPress_04\/wp-json\/wp\/v2\/product\/3603","targetHints":{"allow":["GET"]}}],"collection":[{"href":"https:\/\/www.taller-palabras.com\/WordPress_04\/wp-json\/wp\/v2\/product"}],"about":[{"href":"https:\/\/www.taller-palabras.com\/WordPress_04\/wp-json\/wp\/v2\/types\/product"}],"wp:featuredmedia":[{"embeddable":true,"href":"https:\/\/www.taller-palabras.com\/WordPress_04\/wp-json\/wp\/v2\/media\/3579"}],"wp:attachment":[{"href":"https:\/\/www.taller-palabras.com\/WordPress_04\/wp-json\/wp\/v2\/media?parent=3603"}],"wp:term":[{"taxonomy":"product_brand","embeddable":true,"href":"https:\/\/www.taller-palabras.com\/WordPress_04\/wp-json\/wp\/v2\/product_brand?post=3603"},{"taxonomy":"product_cat","embeddable":true,"href":"https:\/\/www.taller-palabras.com\/WordPress_04\/wp-json\/wp\/v2\/product_cat?post=3603"},{"taxonomy":"product_tag","embeddable":true,"href":"https:\/\/www.taller-palabras.com\/WordPress_04\/wp-json\/wp\/v2\/product_tag?post=3603"}],"curies":[{"name":"wp","href":"https:\/\/api.w.org\/{rel}","templated":true}]}}