{"id":3621,"date":"2021-06-01T12:22:59","date_gmt":"2021-06-01T15:22:59","guid":{"rendered":"https:\/\/www.taller-palabras.com\/WordPress_04\/?post_type=product&#038;p=3621"},"modified":"2024-02-19T10:44:51","modified_gmt":"2024-02-19T13:44:51","slug":"la-trastienda-de-la-escritura-liliana-heker-ebook","status":"publish","type":"product","link":"https:\/\/www.taller-palabras.com\/WordPress_04\/producto\/la-trastienda-de-la-escritura-liliana-heker-ebook","title":{"rendered":"La trastienda de la escritura &#8211; Liliana Heker  \/ebook"},"content":{"rendered":"<figure id=\"attachment_3642\" aria-describedby=\"caption-attachment-3642\" style=\"width: 150px\" class=\"wp-caption alignleft\"><img loading=\"lazy\" decoding=\"async\" class=\"wp-image-3642 size-thumbnail\" src=\"https:\/\/www.taller-palabras.com\/WordPress_04\/wp-content\/uploads\/2021\/06\/Liliana_Heker-150x150.jpg\" alt=\"\" width=\"150\" height=\"150\" srcset=\"https:\/\/www.taller-palabras.com\/WordPress_04\/wp-content\/uploads\/2021\/06\/Liliana_Heker-150x150.jpg 150w, https:\/\/www.taller-palabras.com\/WordPress_04\/wp-content\/uploads\/2021\/06\/Liliana_Heker-100x100.jpg 100w, https:\/\/www.taller-palabras.com\/WordPress_04\/wp-content\/uploads\/2021\/06\/Liliana_Heker.jpg 283w\" sizes=\"auto, (max-width: 150px) 100vw, 150px\" \/><figcaption id=\"caption-attachment-3642\" class=\"wp-caption-text\">Autora Liliana Heker<\/figcaption><\/figure>\n<p>Dirigido a todos los interesados en cada una de las etapas de la producci\u00f3n literaria \u2014el germen de una idea, las herramientas, la inspiraci\u00f3n, los rituales, el punto de vista del narrador, los comienzos y los finales, los m\u00f3viles ocultos, las intervenciones del azar\u2014, \u00abLa trastienda de la escritura\u00bb ofrece la historia minuciosa del proceso de creaci\u00f3n de sus propias ficciones y tambi\u00e9n las de otros escritores, tanto cl\u00e1sicos como contempor\u00e1neos. Heker, quiz\u00e1s la exponente m\u00e1s emblem\u00e1tica de esa particular costumbre argentina que es el taller literario \u2014por el suyo pasaron muchos de los m\u00e1s destacados escritores de la actualidad\u2014, brinda, adem\u00e1s de un retrato de \u00e9poca, las claves para moldear ese material prodigioso e infinito que es lo real y componer con \u00e9l un hecho literario.<\/p>\n","protected":false},"excerpt":{"rendered":"<p>Dirigido a todos los interesados en cada una de las etapas de la producci\u00f3n literaria \u2014el germen de una idea, las herramientas, la inspiraci\u00f3n, los rituales, el punto de vista del narrador, los comienzos y los finales, los m\u00f3viles ocultos, las intervenciones del azar\u2014, \u00abLa trastienda de la escritura\u00bb ofrece la historia minuciosa del proceso [&hellip;]<\/p>\n","protected":false},"featured_media":3620,"template":"","meta":[],"product_brand":[],"product_cat":[25],"product_tag":[54,452,451,225],"class_list":{"0":"post-3621","1":"product","2":"type-product","3":"status-publish","4":"has-post-thumbnail","6":"product_cat-libros-digitales-ebooks","7":"product_tag-descargar-ebook","8":"product_tag-la-trastienda-de-la-escritura","9":"product_tag-liliana-heker","10":"product_tag-mejores-novelas","12":"first","13":"instock","14":"shipping-taxable","15":"purchasable","16":"product-type-variable","17":"has-default-attributes"},"_links":{"self":[{"href":"https:\/\/www.taller-palabras.com\/WordPress_04\/wp-json\/wp\/v2\/product\/3621","targetHints":{"allow":["GET"]}}],"collection":[{"href":"https:\/\/www.taller-palabras.com\/WordPress_04\/wp-json\/wp\/v2\/product"}],"about":[{"href":"https:\/\/www.taller-palabras.com\/WordPress_04\/wp-json\/wp\/v2\/types\/product"}],"wp:featuredmedia":[{"embeddable":true,"href":"https:\/\/www.taller-palabras.com\/WordPress_04\/wp-json\/wp\/v2\/media\/3620"}],"wp:attachment":[{"href":"https:\/\/www.taller-palabras.com\/WordPress_04\/wp-json\/wp\/v2\/media?parent=3621"}],"wp:term":[{"taxonomy":"product_brand","embeddable":true,"href":"https:\/\/www.taller-palabras.com\/WordPress_04\/wp-json\/wp\/v2\/product_brand?post=3621"},{"taxonomy":"product_cat","embeddable":true,"href":"https:\/\/www.taller-palabras.com\/WordPress_04\/wp-json\/wp\/v2\/product_cat?post=3621"},{"taxonomy":"product_tag","embeddable":true,"href":"https:\/\/www.taller-palabras.com\/WordPress_04\/wp-json\/wp\/v2\/product_tag?post=3621"}],"curies":[{"name":"wp","href":"https:\/\/api.w.org\/{rel}","templated":true}]}}