{"id":3625,"date":"2021-06-01T12:23:52","date_gmt":"2021-06-01T15:23:52","guid":{"rendered":"https:\/\/www.taller-palabras.com\/WordPress_04\/?post_type=product&#038;p=3625"},"modified":"2024-01-02T11:25:19","modified_gmt":"2024-01-02T14:25:19","slug":"mientras-escribo-stephen-king-ebook","status":"publish","type":"product","link":"https:\/\/www.taller-palabras.com\/WordPress_04\/producto\/mientras-escribo-stephen-king-ebook","title":{"rendered":"Mientras escribo &#8211; Stephen King \/ebook"},"content":{"rendered":"<figure id=\"attachment_2450\" aria-describedby=\"caption-attachment-2450\" style=\"width: 150px\" class=\"wp-caption alignleft\"><img loading=\"lazy\" decoding=\"async\" class=\"wp-image-2450 size-thumbnail\" src=\"https:\/\/www.taller-palabras.com\/WordPress_04\/wp-content\/uploads\/2020\/09\/StephenKing-150x150.jpg\" alt=\"\" width=\"150\" height=\"150\" srcset=\"https:\/\/www.taller-palabras.com\/WordPress_04\/wp-content\/uploads\/2020\/09\/StephenKing-150x150.jpg 150w, https:\/\/www.taller-palabras.com\/WordPress_04\/wp-content\/uploads\/2020\/09\/StephenKing-100x100.jpg 100w\" sizes=\"auto, (max-width: 150px) 100vw, 150px\" \/><figcaption id=\"caption-attachment-2450\" class=\"wp-caption-text\">Autor Stephen King<\/figcaption><\/figure>\n<p>\u00abSi no tiene tiempo para leer, no tendr\u00e1 el tiempo o las herramientas necesarias para escribir\u00bb. Una clase magistral de Stephen King sobre el oficio de escribir. Una obra aut\u00e9ntica, l\u00facida y pragm\u00e1tica en la que se une la historia de su vida con el arte de la escritura. Pocas veces un libro sobre el oficio de escribir ha resultado tan clarificador, \u00fatil y revelador. Mientras escribo empieza con el relato de la asombrosa infancia de Stephen King y su extra\u00f1o y temprano inter\u00e9s por la escritura. Una serie de vividos recuerdos de la adolescencia, de la universidad y de los a\u00f1os de lucha que lo llevaron a la culminaci\u00f3n de su primera novela, Carne, aportan al lector una amena y a menudo divertida perspectiva sobre la formaci\u00f3n del escritor. A continuaci\u00f3n King describe las herramientas b\u00e1sicas del oficio y expone y ejemplifica sus muy personales opiniones sobre el secreto de la escritura. Mientras escribo culmina con el conmovedor relato de c\u00f3mo su necesidad de escribir lo estimul\u00f3 a conseguir recuperarse de su casi fatal accidente en el verano de 2000. Brillantemente estructurada, amena e inspiradora, esta obra resultar\u00e1 motivadora para todos sus lectores -fans del autor, cr\u00edticos literarios, futuros escritores o estudiosos del arte de escribir-, que descubrir\u00e1n adem\u00e1s las vicisitudes del hombre que se esconde tras el famoso escritor.<\/p>\n","protected":false},"excerpt":{"rendered":"<p>\u00abSi no tiene tiempo para leer, no tendr\u00e1 el tiempo o las herramientas necesarias para escribir\u00bb. Una clase magistral de Stephen King sobre el oficio de escribir. Una obra aut\u00e9ntica, l\u00facida y pragm\u00e1tica en la que se une la historia de su vida con el arte de la escritura. Pocas veces un libro sobre el [&hellip;]<\/p>\n","protected":false},"featured_media":3618,"template":"","meta":[],"product_brand":[],"product_cat":[25],"product_tag":[54,45,449,272],"class_list":{"0":"post-3625","1":"product","2":"type-product","3":"status-publish","4":"has-post-thumbnail","6":"product_cat-libros-digitales-ebooks","7":"product_tag-descargar-ebook","8":"product_tag-mejor-novela","9":"product_tag-mientras-escribo","10":"product_tag-stephen-king","12":"first","13":"instock","14":"shipping-taxable","15":"purchasable","16":"product-type-variable","17":"has-default-attributes"},"_links":{"self":[{"href":"https:\/\/www.taller-palabras.com\/WordPress_04\/wp-json\/wp\/v2\/product\/3625","targetHints":{"allow":["GET"]}}],"collection":[{"href":"https:\/\/www.taller-palabras.com\/WordPress_04\/wp-json\/wp\/v2\/product"}],"about":[{"href":"https:\/\/www.taller-palabras.com\/WordPress_04\/wp-json\/wp\/v2\/types\/product"}],"wp:featuredmedia":[{"embeddable":true,"href":"https:\/\/www.taller-palabras.com\/WordPress_04\/wp-json\/wp\/v2\/media\/3618"}],"wp:attachment":[{"href":"https:\/\/www.taller-palabras.com\/WordPress_04\/wp-json\/wp\/v2\/media?parent=3625"}],"wp:term":[{"taxonomy":"product_brand","embeddable":true,"href":"https:\/\/www.taller-palabras.com\/WordPress_04\/wp-json\/wp\/v2\/product_brand?post=3625"},{"taxonomy":"product_cat","embeddable":true,"href":"https:\/\/www.taller-palabras.com\/WordPress_04\/wp-json\/wp\/v2\/product_cat?post=3625"},{"taxonomy":"product_tag","embeddable":true,"href":"https:\/\/www.taller-palabras.com\/WordPress_04\/wp-json\/wp\/v2\/product_tag?post=3625"}],"curies":[{"name":"wp","href":"https:\/\/api.w.org\/{rel}","templated":true}]}}