{"id":3632,"date":"2021-06-01T12:30:05","date_gmt":"2021-06-01T15:30:05","guid":{"rendered":"https:\/\/www.taller-palabras.com\/WordPress_04\/?post_type=product&#038;p=3632"},"modified":"2024-01-01T13:05:28","modified_gmt":"2024-01-01T16:05:28","slug":"suspense-patricia-highsmith-ebook","status":"publish","type":"product","link":"https:\/\/www.taller-palabras.com\/WordPress_04\/producto\/suspense-patricia-highsmith-ebook","title":{"rendered":"Suspense &#8211; Patricia Highsmith  \/ebook"},"content":{"rendered":"<figure id=\"attachment_2430\" aria-describedby=\"caption-attachment-2430\" style=\"width: 150px\" class=\"wp-caption alignleft\"><img loading=\"lazy\" decoding=\"async\" class=\"wp-image-2430 size-thumbnail\" src=\"https:\/\/www.taller-palabras.com\/WordPress_04\/wp-content\/uploads\/2020\/09\/patricia-highsmith-150x150.jpg\" alt=\"\" width=\"150\" height=\"150\" srcset=\"https:\/\/www.taller-palabras.com\/WordPress_04\/wp-content\/uploads\/2020\/09\/patricia-highsmith-150x150.jpg 150w, https:\/\/www.taller-palabras.com\/WordPress_04\/wp-content\/uploads\/2020\/09\/patricia-highsmith-100x100.jpg 100w\" sizes=\"auto, (max-width: 150px) 100vw, 150px\" \/><figcaption id=\"caption-attachment-2430\" class=\"wp-caption-text\">Autora Patricia Highsmith<\/figcaption><\/figure>\n<p>Patricia Highsmith, reconocida mundialmente como excelente escritora y como maestra del \u00absuspense\u00bb, lleva a cabo en este libro una completa disecci\u00f3n del proceso creador y de la t\u00e9cnica narrativa, que interesar\u00e1 tanto a quienes son aficionados al g\u00e9nero como a aquellos otros que se preocupan por la novela y el relato como formas literarias m\u00e1s amplias, pues, como cree la autora de este ensayo, la intriga forma parte esencial de cualquier relato.<\/p>\n","protected":false},"excerpt":{"rendered":"<p>Patricia Highsmith, reconocida mundialmente como excelente escritora y como maestra del \u00absuspense\u00bb, lleva a cabo en este libro una completa disecci\u00f3n del proceso creador y de la t\u00e9cnica narrativa, que interesar\u00e1 tanto a quienes son aficionados al g\u00e9nero como a aquellos otros que se preocupan por la novela y el relato como formas literarias m\u00e1s [&hellip;]<\/p>\n","protected":false},"featured_media":3619,"template":"","meta":[],"product_brand":[],"product_cat":[25],"product_tag":[54,225,270,450],"class_list":{"0":"post-3632","1":"product","2":"type-product","3":"status-publish","4":"has-post-thumbnail","6":"product_cat-libros-digitales-ebooks","7":"product_tag-descargar-ebook","8":"product_tag-mejores-novelas","9":"product_tag-patricia-highsmith","10":"product_tag-suspense","12":"first","13":"instock","14":"shipping-taxable","15":"purchasable","16":"product-type-variable","17":"has-default-attributes"},"_links":{"self":[{"href":"https:\/\/www.taller-palabras.com\/WordPress_04\/wp-json\/wp\/v2\/product\/3632","targetHints":{"allow":["GET"]}}],"collection":[{"href":"https:\/\/www.taller-palabras.com\/WordPress_04\/wp-json\/wp\/v2\/product"}],"about":[{"href":"https:\/\/www.taller-palabras.com\/WordPress_04\/wp-json\/wp\/v2\/types\/product"}],"wp:featuredmedia":[{"embeddable":true,"href":"https:\/\/www.taller-palabras.com\/WordPress_04\/wp-json\/wp\/v2\/media\/3619"}],"wp:attachment":[{"href":"https:\/\/www.taller-palabras.com\/WordPress_04\/wp-json\/wp\/v2\/media?parent=3632"}],"wp:term":[{"taxonomy":"product_brand","embeddable":true,"href":"https:\/\/www.taller-palabras.com\/WordPress_04\/wp-json\/wp\/v2\/product_brand?post=3632"},{"taxonomy":"product_cat","embeddable":true,"href":"https:\/\/www.taller-palabras.com\/WordPress_04\/wp-json\/wp\/v2\/product_cat?post=3632"},{"taxonomy":"product_tag","embeddable":true,"href":"https:\/\/www.taller-palabras.com\/WordPress_04\/wp-json\/wp\/v2\/product_tag?post=3632"}],"curies":[{"name":"wp","href":"https:\/\/api.w.org\/{rel}","templated":true}]}}