{"id":3647,"date":"2021-06-01T12:44:44","date_gmt":"2021-06-01T15:44:44","guid":{"rendered":"https:\/\/www.taller-palabras.com\/WordPress_04\/?post_type=product&#038;p=3647"},"modified":"2024-02-19T11:08:14","modified_gmt":"2024-02-19T14:08:14","slug":"de-que-hablo-cuando-hablo-de-escribir-haruki-murakami-ebook","status":"publish","type":"product","link":"https:\/\/www.taller-palabras.com\/WordPress_04\/producto\/de-que-hablo-cuando-hablo-de-escribir-haruki-murakami-ebook","title":{"rendered":"De qu\u00e9 hablo cuando hablo de escribir &#8211; Haruki Murakami  \/ebook"},"content":{"rendered":"<figure id=\"attachment_3651\" aria-describedby=\"caption-attachment-3651\" style=\"width: 150px\" class=\"wp-caption alignleft\"><img loading=\"lazy\" decoding=\"async\" class=\"wp-image-3651 size-thumbnail\" src=\"https:\/\/www.taller-palabras.com\/WordPress_04\/wp-content\/uploads\/2021\/06\/Haruki-Murakami-150x150.jpeg\" alt=\"\" width=\"150\" height=\"150\" srcset=\"https:\/\/www.taller-palabras.com\/WordPress_04\/wp-content\/uploads\/2021\/06\/Haruki-Murakami-150x150.jpeg 150w, https:\/\/www.taller-palabras.com\/WordPress_04\/wp-content\/uploads\/2021\/06\/Haruki-Murakami-100x100.jpeg 100w\" sizes=\"auto, (max-width: 150px) 100vw, 150px\" \/><figcaption id=\"caption-attachment-3651\" class=\"wp-caption-text\">Autor Haruki Murakami<\/figcaption><\/figure>\n<p>Haruki Murakami encarna el prototipo de escritor solitario y reservado; se considera extremadamente t\u00edmido y siempre ha subrayado que le incomoda hablar de s\u00ed mismo, de su vida privada y de su visi\u00f3n del mundo. Sin embargo, el autor ha roto ese silencio para compartir con sus lectores su experiencia como escritor y como lector. A partir de autores como Kafka, Chandler, Dostoievski o Hemingway, Murakami reflexiona sobre la literatura, sobre la imaginaci\u00f3n, sobre los premios literarios y sobre la en ocasiones controvertida figura del escritor. Adem\u00e1s, aporta ideas y sugerencias para todos los que se han enfrentado en alguna ocasi\u00f3n al reto de escribir: \u00bfsobre qu\u00e9 escribir?, \u00bfc\u00f3mo preparar una trama?, \u00bfqu\u00e9 h\u00e1bitos y rituales sigue \u00e9l mismo? Pero en este texto cercano, lleno de frescura, delicioso y personal\u00edsimo, los lectores descubrir\u00e1n, por encima de todo, c\u00f3mo es Haruki Murakami: el hombre, la persona, y tendr\u00e1n un acceso privilegiado al \u00abtaller\u00bb de uno de los escritores m\u00e1s le\u00eddos de nuestro tiempo.<\/p>\n","protected":false},"excerpt":{"rendered":"<p>Haruki Murakami encarna el prototipo de escritor solitario y reservado; se considera extremadamente t\u00edmido y siempre ha subrayado que le incomoda hablar de s\u00ed mismo, de su vida privada y de su visi\u00f3n del mundo. Sin embargo, el autor ha roto ese silencio para compartir con sus lectores su experiencia como escritor y como lector. [&hellip;]<\/p>\n","protected":false},"featured_media":3617,"template":"","meta":[],"product_brand":[],"product_cat":[25],"product_tag":[454,54,453,225],"class_list":{"0":"post-3647","1":"product","2":"type-product","3":"status-publish","4":"has-post-thumbnail","6":"product_cat-libros-digitales-ebooks","7":"product_tag-de-que-hablo-cuando-hablo-de-escribir","8":"product_tag-descargar-ebook","9":"product_tag-haruki-murakami","10":"product_tag-mejores-novelas","12":"first","13":"instock","14":"shipping-taxable","15":"purchasable","16":"product-type-variable","17":"has-default-attributes"},"_links":{"self":[{"href":"https:\/\/www.taller-palabras.com\/WordPress_04\/wp-json\/wp\/v2\/product\/3647","targetHints":{"allow":["GET"]}}],"collection":[{"href":"https:\/\/www.taller-palabras.com\/WordPress_04\/wp-json\/wp\/v2\/product"}],"about":[{"href":"https:\/\/www.taller-palabras.com\/WordPress_04\/wp-json\/wp\/v2\/types\/product"}],"wp:featuredmedia":[{"embeddable":true,"href":"https:\/\/www.taller-palabras.com\/WordPress_04\/wp-json\/wp\/v2\/media\/3617"}],"wp:attachment":[{"href":"https:\/\/www.taller-palabras.com\/WordPress_04\/wp-json\/wp\/v2\/media?parent=3647"}],"wp:term":[{"taxonomy":"product_brand","embeddable":true,"href":"https:\/\/www.taller-palabras.com\/WordPress_04\/wp-json\/wp\/v2\/product_brand?post=3647"},{"taxonomy":"product_cat","embeddable":true,"href":"https:\/\/www.taller-palabras.com\/WordPress_04\/wp-json\/wp\/v2\/product_cat?post=3647"},{"taxonomy":"product_tag","embeddable":true,"href":"https:\/\/www.taller-palabras.com\/WordPress_04\/wp-json\/wp\/v2\/product_tag?post=3647"}],"curies":[{"name":"wp","href":"https:\/\/api.w.org\/{rel}","templated":true}]}}