{"id":3660,"date":"2021-06-08T13:08:14","date_gmt":"2021-06-08T16:08:14","guid":{"rendered":"https:\/\/www.taller-palabras.com\/WordPress_04\/?post_type=product&#038;p=3660"},"modified":"2024-02-19T13:35:29","modified_gmt":"2024-02-19T16:35:29","slug":"una-vida-en-nuestro-planeta-david-attenborough-ebook","status":"publish","type":"product","link":"https:\/\/www.taller-palabras.com\/WordPress_04\/producto\/una-vida-en-nuestro-planeta-david-attenborough-ebook","title":{"rendered":"Una vida en nuestro planeta &#8211; David Attenborough  \/ebook"},"content":{"rendered":"<figure id=\"attachment_3669\" aria-describedby=\"caption-attachment-3669\" style=\"width: 150px\" class=\"wp-caption alignleft\"><img loading=\"lazy\" decoding=\"async\" class=\"wp-image-3669 size-thumbnail\" src=\"https:\/\/www.taller-palabras.com\/WordPress_04\/wp-content\/uploads\/2021\/06\/DavidAttenborough-150x150.jpg\" alt=\"\" width=\"150\" height=\"150\" srcset=\"https:\/\/www.taller-palabras.com\/WordPress_04\/wp-content\/uploads\/2021\/06\/DavidAttenborough-150x150.jpg 150w, https:\/\/www.taller-palabras.com\/WordPress_04\/wp-content\/uploads\/2021\/06\/DavidAttenborough.jpg 300w, https:\/\/www.taller-palabras.com\/WordPress_04\/wp-content\/uploads\/2021\/06\/DavidAttenborough-100x100.jpg 100w\" sizes=\"auto, (max-width: 150px) 100vw, 150px\" \/><figcaption id=\"caption-attachment-3669\" class=\"wp-caption-text\">Autor David Attenborough<\/figcaption><\/figure>\n<p>\u00abTengo 94 a\u00f1os. He tenido una vida extraordinaria. Es solo ahora que aprecio lo extraordinario.<br \/>\nCuando era joven, sent\u00eda que estaba en la naturaleza, experimentando el mundo natural intacto, pero era una ilusi\u00f3n. La tragedia de nuestro tiempo ha estado sucediendo a nuestro alrededor, apenas perceptible d\u00eda a d\u00eda: la p\u00e9rdida de los lugares salvajes de nuestro planeta, su biodiversidad.<br \/>\nHe sido testigo de este declive. Una vida en nuestro planeta es mi testimonio y una visi\u00f3n para el futuro. Es la historia de c\u00f3mo llegamos a cometer esto, nuestro mayor error, y c\u00f3mo, si actuamos ahora, a\u00fan podemos corregirlo.<br \/>\n<i>Tenemos una \u00faltima oportunidad de crear el hogar perfecto para nosotros y restaurar el maravilloso mundo que heredamos.<br \/>\nTodo lo que necesitamos es la voluntad para hacerlo.\u00bb<\/i><br \/>\nDavid Attenborough<\/p>\n","protected":false},"excerpt":{"rendered":"<p>\u00abTengo 94 a\u00f1os. He tenido una vida extraordinaria. Es solo ahora que aprecio lo extraordinario. Cuando era joven, sent\u00eda que estaba en la naturaleza, experimentando el mundo natural intacto, pero era una ilusi\u00f3n. La tragedia de nuestro tiempo ha estado sucediendo a nuestro alrededor, apenas perceptible d\u00eda a d\u00eda: la p\u00e9rdida de los lugares salvajes [&hellip;]<\/p>\n","protected":false},"featured_media":3668,"template":"","meta":[],"product_brand":[],"product_cat":[25],"product_tag":[455,54,225,456],"class_list":{"0":"post-3660","1":"product","2":"type-product","3":"status-publish","4":"has-post-thumbnail","6":"product_cat-libros-digitales-ebooks","7":"product_tag-david-attenborough","8":"product_tag-descargar-ebook","9":"product_tag-mejores-novelas","10":"product_tag-una-vida-en-nuestro-planeta","12":"first","13":"instock","14":"shipping-taxable","15":"purchasable","16":"product-type-variable","17":"has-default-attributes"},"_links":{"self":[{"href":"https:\/\/www.taller-palabras.com\/WordPress_04\/wp-json\/wp\/v2\/product\/3660","targetHints":{"allow":["GET"]}}],"collection":[{"href":"https:\/\/www.taller-palabras.com\/WordPress_04\/wp-json\/wp\/v2\/product"}],"about":[{"href":"https:\/\/www.taller-palabras.com\/WordPress_04\/wp-json\/wp\/v2\/types\/product"}],"wp:featuredmedia":[{"embeddable":true,"href":"https:\/\/www.taller-palabras.com\/WordPress_04\/wp-json\/wp\/v2\/media\/3668"}],"wp:attachment":[{"href":"https:\/\/www.taller-palabras.com\/WordPress_04\/wp-json\/wp\/v2\/media?parent=3660"}],"wp:term":[{"taxonomy":"product_brand","embeddable":true,"href":"https:\/\/www.taller-palabras.com\/WordPress_04\/wp-json\/wp\/v2\/product_brand?post=3660"},{"taxonomy":"product_cat","embeddable":true,"href":"https:\/\/www.taller-palabras.com\/WordPress_04\/wp-json\/wp\/v2\/product_cat?post=3660"},{"taxonomy":"product_tag","embeddable":true,"href":"https:\/\/www.taller-palabras.com\/WordPress_04\/wp-json\/wp\/v2\/product_tag?post=3660"}],"curies":[{"name":"wp","href":"https:\/\/api.w.org\/{rel}","templated":true}]}}