{"id":3670,"date":"2021-06-08T13:22:23","date_gmt":"2021-06-08T16:22:23","guid":{"rendered":"https:\/\/www.taller-palabras.com\/WordPress_04\/?post_type=product&#038;p=3670"},"modified":"2024-02-20T16:46:49","modified_gmt":"2024-02-20T19:46:49","slug":"los-arboles-te-ensenaran-a-ver-el-bosque-joaquin-araujo-ebook","status":"publish","type":"product","link":"https:\/\/www.taller-palabras.com\/WordPress_04\/producto\/los-arboles-te-ensenaran-a-ver-el-bosque-joaquin-araujo-ebook","title":{"rendered":"Los \u00e1rboles te ense\u00f1ar\u00e1n a ver el bosque -Joaqu\u00edn Araujo  \/ebook"},"content":{"rendered":"<figure id=\"attachment_3674\" aria-describedby=\"caption-attachment-3674\" style=\"width: 150px\" class=\"wp-caption alignleft\"><img loading=\"lazy\" decoding=\"async\" class=\"wp-image-3674 size-thumbnail\" src=\"https:\/\/www.taller-palabras.com\/WordPress_04\/wp-content\/uploads\/2021\/06\/Joaquin_Araujo-150x150.jpg\" alt=\"\" width=\"150\" height=\"150\" srcset=\"https:\/\/www.taller-palabras.com\/WordPress_04\/wp-content\/uploads\/2021\/06\/Joaquin_Araujo-150x150.jpg 150w, https:\/\/www.taller-palabras.com\/WordPress_04\/wp-content\/uploads\/2021\/06\/Joaquin_Araujo-100x100.jpg 100w\" sizes=\"auto, (max-width: 150px) 100vw, 150px\" \/><figcaption id=\"caption-attachment-3674\" class=\"wp-caption-text\">Autor Joaqu\u00edn Araujo<\/figcaption><\/figure>\n<p>La m\u00e1s completa y compleja, la m\u00e1s necesaria y hospitalaria, la m\u00e1s bella y generosa de las creaciones de la historia de la Vida es el bosque. Si poco, o nada, del pasado \u2014tanto el nuestro como el de la Natura\u2014 tiene sentido sin las arboledas, menos futuro a\u00fan tendr\u00e1 el futuro sin ellas. Sin embargo esta civilizaci\u00f3n ha consumado su m\u00e1s imprudente torpeza arranc\u00e1ndose de su propio origen y devastando el gran hogar de la vida, envenenando al fabricante de la transparencia que respiramos, abatiendo al creador de la fertilidad.<br \/>\nMantiene el autor, el emboscado Joaqu\u00edn Ara\u00fajo, que cada \u00e1rbol en pie es un punto de apoyo para esta lisiada humanidad, para los aires rotos, para la vivacidad en su conjunto, para hacerle cara al desierto, para combatir el ruido y a la amontonada fealdad que la prisa siembra en casi todos los rincones. Nada como los \u00e1rboles para darnos paz y ayudarnos a conectar con la Naturaleza y a reencontrarnos con nosotros mismos.<br \/>\nEn estas p\u00e1ginas puede leerse una de las m\u00e1s intensas convivencias con las arboledas de uno de nuestros contempor\u00e1neos. Muchos de los mejores momentos de la vida de Ara\u00fajo, a lo largo de sus cincuenta a\u00f1os de emboscadura, son narrados aqu\u00ed con intensa belleza y emoci\u00f3n. Sin duda para que comprendamos mejor el extraordinario acierto de Federico Garc\u00eda Lorca cuando escribi\u00f3: \u00abPoeta es \u00c1rbol\u00bb.<\/p>\n","protected":false},"excerpt":{"rendered":"<p>La m\u00e1s completa y compleja, la m\u00e1s necesaria y hospitalaria, la m\u00e1s bella y generosa de las creaciones de la historia de la Vida es el bosque. Si poco, o nada, del pasado \u2014tanto el nuestro como el de la Natura\u2014 tiene sentido sin las arboledas, menos futuro a\u00fan tendr\u00e1 el futuro sin ellas. Sin [&hellip;]<\/p>\n","protected":false},"featured_media":3678,"template":"","meta":[],"product_brand":[],"product_cat":[25],"product_tag":[54,458,457,225],"class_list":{"0":"post-3670","1":"product","2":"type-product","3":"status-publish","4":"has-post-thumbnail","6":"product_cat-libros-digitales-ebooks","7":"product_tag-descargar-ebook","8":"product_tag-joaquin-araujo","9":"product_tag-los-arboles-te-ensenaran-a-ver-el-bosque","10":"product_tag-mejores-novelas","12":"first","13":"instock","14":"shipping-taxable","15":"purchasable","16":"product-type-variable","17":"has-default-attributes"},"_links":{"self":[{"href":"https:\/\/www.taller-palabras.com\/WordPress_04\/wp-json\/wp\/v2\/product\/3670","targetHints":{"allow":["GET"]}}],"collection":[{"href":"https:\/\/www.taller-palabras.com\/WordPress_04\/wp-json\/wp\/v2\/product"}],"about":[{"href":"https:\/\/www.taller-palabras.com\/WordPress_04\/wp-json\/wp\/v2\/types\/product"}],"wp:featuredmedia":[{"embeddable":true,"href":"https:\/\/www.taller-palabras.com\/WordPress_04\/wp-json\/wp\/v2\/media\/3678"}],"wp:attachment":[{"href":"https:\/\/www.taller-palabras.com\/WordPress_04\/wp-json\/wp\/v2\/media?parent=3670"}],"wp:term":[{"taxonomy":"product_brand","embeddable":true,"href":"https:\/\/www.taller-palabras.com\/WordPress_04\/wp-json\/wp\/v2\/product_brand?post=3670"},{"taxonomy":"product_cat","embeddable":true,"href":"https:\/\/www.taller-palabras.com\/WordPress_04\/wp-json\/wp\/v2\/product_cat?post=3670"},{"taxonomy":"product_tag","embeddable":true,"href":"https:\/\/www.taller-palabras.com\/WordPress_04\/wp-json\/wp\/v2\/product_tag?post=3670"}],"curies":[{"name":"wp","href":"https:\/\/api.w.org\/{rel}","templated":true}]}}