{"id":3679,"date":"2021-06-08T13:33:18","date_gmt":"2021-06-08T16:33:18","guid":{"rendered":"https:\/\/www.taller-palabras.com\/WordPress_04\/?post_type=product&#038;p=3679"},"modified":"2024-02-20T16:28:55","modified_gmt":"2024-02-20T19:28:55","slug":"escrito-en-los-arboles-valerie-trouet-ebook","status":"publish","type":"product","link":"https:\/\/www.taller-palabras.com\/WordPress_04\/producto\/escrito-en-los-arboles-valerie-trouet-ebook","title":{"rendered":"Escrito en los \u00e1rboles-Valerie Trouet  \/ebook"},"content":{"rendered":"<figure id=\"attachment_3684\" aria-describedby=\"caption-attachment-3684\" style=\"width: 150px\" class=\"wp-caption alignleft\"><img loading=\"lazy\" decoding=\"async\" class=\"wp-image-3684 size-thumbnail\" src=\"https:\/\/www.taller-palabras.com\/WordPress_04\/wp-content\/uploads\/2021\/06\/ValerieTrouet-150x150.jpg\" alt=\"\" width=\"150\" height=\"150\" srcset=\"https:\/\/www.taller-palabras.com\/WordPress_04\/wp-content\/uploads\/2021\/06\/ValerieTrouet-150x150.jpg 150w, https:\/\/www.taller-palabras.com\/WordPress_04\/wp-content\/uploads\/2021\/06\/ValerieTrouet-100x100.jpg 100w\" sizes=\"auto, (max-width: 150px) 100vw, 150px\" \/><figcaption id=\"caption-attachment-3684\" class=\"wp-caption-text\">Autora Valerie Trouet<\/figcaption><\/figure>\n<p>Desde que somos ni\u00f1os nos ense\u00f1an que para descubrir la edad de un \u00e1rbol solo tenemos que contar los anillos de su tronco. No obstante, desconocemos que en los \u00e1rboles tambi\u00e9n se hallan las pistas para comprender las complejas interacciones entre la naturaleza y las personas a lo largo de la historia.<br \/>\nValerie Trouet nos lleva desde las remotas aldeas africanas hasta los radiactivos bosques rusos para ofrecernos una mirada privilegiada acerca de las aplicaciones de la ciencia que estudia los anillos de los \u00e1rboles. Combinando ciencia, historia cultural y diarios de viaje.<\/p>\n","protected":false},"excerpt":{"rendered":"<p>Desde que somos ni\u00f1os nos ense\u00f1an que para descubrir la edad de un \u00e1rbol solo tenemos que contar los anillos de su tronco. No obstante, desconocemos que en los \u00e1rboles tambi\u00e9n se hallan las pistas para comprender las complejas interacciones entre la naturaleza y las personas a lo largo de la historia. Valerie Trouet nos [&hellip;]<\/p>\n","protected":false},"featured_media":3683,"template":"","meta":[],"product_brand":[],"product_cat":[25],"product_tag":[54,460,225,459],"class_list":{"0":"post-3679","1":"product","2":"type-product","3":"status-publish","4":"has-post-thumbnail","6":"product_cat-libros-digitales-ebooks","7":"product_tag-descargar-ebook","8":"product_tag-escrito-en-los-arboles","9":"product_tag-mejores-novelas","10":"product_tag-valerie-trouet","12":"first","13":"instock","14":"shipping-taxable","15":"purchasable","16":"product-type-variable","17":"has-default-attributes"},"_links":{"self":[{"href":"https:\/\/www.taller-palabras.com\/WordPress_04\/wp-json\/wp\/v2\/product\/3679","targetHints":{"allow":["GET"]}}],"collection":[{"href":"https:\/\/www.taller-palabras.com\/WordPress_04\/wp-json\/wp\/v2\/product"}],"about":[{"href":"https:\/\/www.taller-palabras.com\/WordPress_04\/wp-json\/wp\/v2\/types\/product"}],"wp:featuredmedia":[{"embeddable":true,"href":"https:\/\/www.taller-palabras.com\/WordPress_04\/wp-json\/wp\/v2\/media\/3683"}],"wp:attachment":[{"href":"https:\/\/www.taller-palabras.com\/WordPress_04\/wp-json\/wp\/v2\/media?parent=3679"}],"wp:term":[{"taxonomy":"product_brand","embeddable":true,"href":"https:\/\/www.taller-palabras.com\/WordPress_04\/wp-json\/wp\/v2\/product_brand?post=3679"},{"taxonomy":"product_cat","embeddable":true,"href":"https:\/\/www.taller-palabras.com\/WordPress_04\/wp-json\/wp\/v2\/product_cat?post=3679"},{"taxonomy":"product_tag","embeddable":true,"href":"https:\/\/www.taller-palabras.com\/WordPress_04\/wp-json\/wp\/v2\/product_tag?post=3679"}],"curies":[{"name":"wp","href":"https:\/\/api.w.org\/{rel}","templated":true}]}}