{"id":3688,"date":"2021-06-08T13:40:54","date_gmt":"2021-06-08T16:40:54","guid":{"rendered":"https:\/\/www.taller-palabras.com\/WordPress_04\/?post_type=product&#038;p=3688"},"modified":"2024-02-20T17:49:57","modified_gmt":"2024-02-20T20:49:57","slug":"el-mar-que-nos-rodea-rachel-carson-ebook","status":"publish","type":"product","link":"https:\/\/www.taller-palabras.com\/WordPress_04\/producto\/el-mar-que-nos-rodea-rachel-carson-ebook","title":{"rendered":"El mar que nos rodea &#8211; Rachel Carson  \/ebook"},"content":{"rendered":"<figure id=\"attachment_3692\" aria-describedby=\"caption-attachment-3692\" style=\"width: 150px\" class=\"wp-caption alignleft\"><img loading=\"lazy\" decoding=\"async\" class=\"wp-image-3692 size-thumbnail\" src=\"https:\/\/www.taller-palabras.com\/WordPress_04\/wp-content\/uploads\/2021\/06\/RachelCarson-150x150.jpg\" alt=\"\" width=\"150\" height=\"150\" srcset=\"https:\/\/www.taller-palabras.com\/WordPress_04\/wp-content\/uploads\/2021\/06\/RachelCarson-150x150.jpg 150w, https:\/\/www.taller-palabras.com\/WordPress_04\/wp-content\/uploads\/2021\/06\/RachelCarson-100x100.jpg 100w, https:\/\/www.taller-palabras.com\/WordPress_04\/wp-content\/uploads\/2021\/06\/RachelCarson.jpg 224w\" sizes=\"auto, (max-width: 150px) 100vw, 150px\" \/><figcaption id=\"caption-attachment-3692\" class=\"wp-caption-text\">Autora Rachel Carson<\/figcaption><\/figure>\n<p>Cl\u00e1sico indiscutido de la Ecolog\u00eda, que nos recuerda la imperiosa necesidad de preservar la naturaleza y la vida en todas sus formas. Carson no solo se remonta al origen de la vida, ligada al agua, sino que propone un recorrido fascinante por todos los aspectos de la ciencia marina en un cautivador estudio acerca del proceso de formaci\u00f3n de los oc\u00e9anos, a la vez que un alegato en favor de su conservaci\u00f3n.<\/p>\n","protected":false},"excerpt":{"rendered":"<p>Cl\u00e1sico indiscutido de la Ecolog\u00eda, que nos recuerda la imperiosa necesidad de preservar la naturaleza y la vida en todas sus formas. Carson no solo se remonta al origen de la vida, ligada al agua, sino que propone un recorrido fascinante por todos los aspectos de la ciencia marina en un cautivador estudio acerca del [&hellip;]<\/p>\n","protected":false},"featured_media":3696,"template":"","meta":[],"product_brand":[],"product_cat":[25],"product_tag":[54,462,225,461],"class_list":{"0":"post-3688","1":"product","2":"type-product","3":"status-publish","4":"has-post-thumbnail","6":"product_cat-libros-digitales-ebooks","7":"product_tag-descargar-ebook","8":"product_tag-el-mar-que-nos-rodea","9":"product_tag-mejores-novelas","10":"product_tag-rachel-carson","12":"first","13":"instock","14":"shipping-taxable","15":"purchasable","16":"product-type-variable","17":"has-default-attributes"},"_links":{"self":[{"href":"https:\/\/www.taller-palabras.com\/WordPress_04\/wp-json\/wp\/v2\/product\/3688","targetHints":{"allow":["GET"]}}],"collection":[{"href":"https:\/\/www.taller-palabras.com\/WordPress_04\/wp-json\/wp\/v2\/product"}],"about":[{"href":"https:\/\/www.taller-palabras.com\/WordPress_04\/wp-json\/wp\/v2\/types\/product"}],"wp:featuredmedia":[{"embeddable":true,"href":"https:\/\/www.taller-palabras.com\/WordPress_04\/wp-json\/wp\/v2\/media\/3696"}],"wp:attachment":[{"href":"https:\/\/www.taller-palabras.com\/WordPress_04\/wp-json\/wp\/v2\/media?parent=3688"}],"wp:term":[{"taxonomy":"product_brand","embeddable":true,"href":"https:\/\/www.taller-palabras.com\/WordPress_04\/wp-json\/wp\/v2\/product_brand?post=3688"},{"taxonomy":"product_cat","embeddable":true,"href":"https:\/\/www.taller-palabras.com\/WordPress_04\/wp-json\/wp\/v2\/product_cat?post=3688"},{"taxonomy":"product_tag","embeddable":true,"href":"https:\/\/www.taller-palabras.com\/WordPress_04\/wp-json\/wp\/v2\/product_tag?post=3688"}],"curies":[{"name":"wp","href":"https:\/\/api.w.org\/{rel}","templated":true}]}}