{"id":3699,"date":"2021-06-14T16:13:28","date_gmt":"2021-06-14T19:13:28","guid":{"rendered":"https:\/\/www.taller-palabras.com\/WordPress_04\/?post_type=product&#038;p=3699"},"modified":"2024-02-21T12:46:07","modified_gmt":"2024-02-21T15:46:07","slug":"hollywood-charles-bukowski-ebook","status":"publish","type":"product","link":"https:\/\/www.taller-palabras.com\/WordPress_04\/producto\/hollywood-charles-bukowski-ebook","title":{"rendered":"Hollywood &#8211; Charles Bukowski  \/ebook"},"content":{"rendered":"<figure id=\"attachment_3703\" aria-describedby=\"caption-attachment-3703\" style=\"width: 150px\" class=\"wp-caption alignleft\"><img loading=\"lazy\" decoding=\"async\" class=\"wp-image-3703 size-thumbnail\" src=\"https:\/\/www.taller-palabras.com\/WordPress_04\/wp-content\/uploads\/2021\/06\/Charles_bukowski-150x150.jpg\" alt=\"\" width=\"150\" height=\"150\" srcset=\"https:\/\/www.taller-palabras.com\/WordPress_04\/wp-content\/uploads\/2021\/06\/Charles_bukowski-150x150.jpg 150w, https:\/\/www.taller-palabras.com\/WordPress_04\/wp-content\/uploads\/2021\/06\/Charles_bukowski-100x100.jpg 100w\" sizes=\"auto, (max-width: 150px) 100vw, 150px\" \/><figcaption id=\"caption-attachment-3703\" class=\"wp-caption-text\">Autor Charles Bukowski<\/figcaption><\/figure>\n<p>Henry Chinaski siempre ha estado en pie de guerra, sin bajar la guardia, contra el \u00abestablishment\u00bb y sus infinitos tent\u00e1culos. Pero en Hollywood no le ser\u00e1 nada f\u00e1cil: John Pinchot, un enloquecido director de cine, se empe\u00f1a en llevar a la pantalla sus relatos de juventud, o sea la autobiograf\u00eda de un alcoh\u00f3lico empedernido. Chinaski desconf\u00eda del proyecto, aunque acepta a rega\u00f1adientes escribir el gui\u00f3n de la pel\u00edcula. Y aqu\u00ed comienzan los verdaderos problemas. Bukowski cuenta en este libro las experiencias de su \u00abalter ego\u00bb Chinaski con la filmaci\u00f3n de la pel\u00edcula \u00abBarfly\u00bb, dirigida por Barbet Schroeder e interpretada por Mickey Rourke y Faye Dunaway. Una visi\u00f3n sarc\u00e1stica, \u00e1cida y corrosiva de los entretelones de Hollywood en la que desfilan personajes curiosos y exc\u00e9ntricos: productores, escritorzuelos, artistas de todo lo imaginable, ejecutivos fantasmas, periodistas\u2026 Un mundo duro donde todo gira al comp\u00e1s del sacrosanto d\u00f3lar, que es parad\u00f3jicamente, el \u00fanico medio para realizar los sue\u00f1os m\u00e1s subversivos y las empresas m\u00e1s enloquecidas. \u00abUna narrativa tremendamente veloz, que te atrapa aunque no quieras\u00bb (Ram\u00f3n de Espa\u00f1a, \u00abEl Pa\u00eds\u00bb); \u00abUn verdadero genio en su tratamiento ir\u00f3nico de la sociedad. Absolutamente nada escapa a su sarcasmo\u00bb (Jos\u00e9 Antonio Gurpegui, \u00abABC\u00bb); \u00abSu mejor pieza\u00bb (F\u00e9lix Romeo Pescador, \u00abDiario 16\u00bb).<\/p>\n","protected":false},"excerpt":{"rendered":"<p>Henry Chinaski siempre ha estado en pie de guerra, sin bajar la guardia, contra el \u00abestablishment\u00bb y sus infinitos tent\u00e1culos. Pero en Hollywood no le ser\u00e1 nada f\u00e1cil: John Pinchot, un enloquecido director de cine, se empe\u00f1a en llevar a la pantalla sus relatos de juventud, o sea la autobiograf\u00eda de un alcoh\u00f3lico empedernido. Chinaski [&hellip;]<\/p>\n","protected":false},"featured_media":3707,"template":"","meta":[],"product_brand":[],"product_cat":[25],"product_tag":[463,54,464,225],"class_list":{"0":"post-3699","1":"product","2":"type-product","3":"status-publish","4":"has-post-thumbnail","6":"product_cat-libros-digitales-ebooks","7":"product_tag-charles-bukowski","8":"product_tag-descargar-ebook","9":"product_tag-hollywood","10":"product_tag-mejores-novelas","12":"first","13":"instock","14":"shipping-taxable","15":"purchasable","16":"product-type-variable","17":"has-default-attributes"},"_links":{"self":[{"href":"https:\/\/www.taller-palabras.com\/WordPress_04\/wp-json\/wp\/v2\/product\/3699","targetHints":{"allow":["GET"]}}],"collection":[{"href":"https:\/\/www.taller-palabras.com\/WordPress_04\/wp-json\/wp\/v2\/product"}],"about":[{"href":"https:\/\/www.taller-palabras.com\/WordPress_04\/wp-json\/wp\/v2\/types\/product"}],"wp:featuredmedia":[{"embeddable":true,"href":"https:\/\/www.taller-palabras.com\/WordPress_04\/wp-json\/wp\/v2\/media\/3707"}],"wp:attachment":[{"href":"https:\/\/www.taller-palabras.com\/WordPress_04\/wp-json\/wp\/v2\/media?parent=3699"}],"wp:term":[{"taxonomy":"product_brand","embeddable":true,"href":"https:\/\/www.taller-palabras.com\/WordPress_04\/wp-json\/wp\/v2\/product_brand?post=3699"},{"taxonomy":"product_cat","embeddable":true,"href":"https:\/\/www.taller-palabras.com\/WordPress_04\/wp-json\/wp\/v2\/product_cat?post=3699"},{"taxonomy":"product_tag","embeddable":true,"href":"https:\/\/www.taller-palabras.com\/WordPress_04\/wp-json\/wp\/v2\/product_tag?post=3699"}],"curies":[{"name":"wp","href":"https:\/\/api.w.org\/{rel}","templated":true}]}}