{"id":3725,"date":"2021-06-17T12:55:38","date_gmt":"2021-06-17T15:55:38","guid":{"rendered":"https:\/\/www.taller-palabras.com\/WordPress_04\/?post_type=product&#038;p=3725"},"modified":"2024-02-21T14:20:44","modified_gmt":"2024-02-21T17:20:44","slug":"curso-de-literatura-europea-vladimir-nabokov-ebook","status":"publish","type":"product","link":"https:\/\/www.taller-palabras.com\/WordPress_04\/producto\/curso-de-literatura-europea-vladimir-nabokov-ebook","title":{"rendered":"Curso de literatura europea &#8211; Vladimir Nabokov \/ebook"},"content":{"rendered":"<figure id=\"attachment_3730\" aria-describedby=\"caption-attachment-3730\" style=\"width: 150px\" class=\"wp-caption alignleft\"><img loading=\"lazy\" decoding=\"async\" class=\"wp-image-3730 size-thumbnail\" src=\"https:\/\/www.taller-palabras.com\/WordPress_04\/wp-content\/uploads\/2021\/06\/Vladimir_Nabokov-150x150.jpg\" alt=\"\" width=\"150\" height=\"150\" srcset=\"https:\/\/www.taller-palabras.com\/WordPress_04\/wp-content\/uploads\/2021\/06\/Vladimir_Nabokov-150x150.jpg 150w, https:\/\/www.taller-palabras.com\/WordPress_04\/wp-content\/uploads\/2021\/06\/Vladimir_Nabokov-100x100.jpg 100w, https:\/\/www.taller-palabras.com\/WordPress_04\/wp-content\/uploads\/2021\/06\/Vladimir_Nabokov.jpg 283w\" sizes=\"auto, (max-width: 150px) 100vw, 150px\" \/><figcaption id=\"caption-attachment-3730\" class=\"wp-caption-text\">Autor Vladimir Nabokov<\/figcaption><\/figure>\n<p>A lo largo de casi dos d\u00e9cadas, Vladimir Nabokov imparti\u00f3 cursos de literatura en Wellesley y Cornell, y sus clases, con el tiempo, han llegado a constituir toda una leyenda. Nabokov, lejos de generalidades y teorizaciones, ense\u00f1a a leer a sus alumnos, a \u00abacariciar los detalles\u00bb y a apasionarse con la lectura de Jane Austen, de Dickens y Stevenson, de Proust, de Flaubert, de Joyce o de Kafka. Esas lecciones apasionadas y apasionantes, reconstruidas m\u00e1s tarde por Fredson Bowers a partir de los apuntes del maestro, son una ocasi\u00f3n \u00fanica para asistir a aquellas clases legendarias y releer a fondo las grandes novelas de la literatura europea.<\/p>\n","protected":false},"excerpt":{"rendered":"<p>A lo largo de casi dos d\u00e9cadas, Vladimir Nabokov imparti\u00f3 cursos de literatura en Wellesley y Cornell, y sus clases, con el tiempo, han llegado a constituir toda una leyenda. Nabokov, lejos de generalidades y teorizaciones, ense\u00f1a a leer a sus alumnos, a \u00abacariciar los detalles\u00bb y a apasionarse con la lectura de Jane Austen, [&hellip;]<\/p>\n","protected":false},"featured_media":3718,"template":"","meta":[],"product_brand":[],"product_cat":[25],"product_tag":[466,54,225,467],"class_list":{"0":"post-3725","1":"product","2":"type-product","3":"status-publish","4":"has-post-thumbnail","6":"product_cat-libros-digitales-ebooks","7":"product_tag-curso-de-literatura-europea","8":"product_tag-descargar-ebook","9":"product_tag-mejores-novelas","10":"product_tag-vladimir-nabokov","12":"first","13":"instock","14":"shipping-taxable","15":"purchasable","16":"product-type-variable","17":"has-default-attributes"},"_links":{"self":[{"href":"https:\/\/www.taller-palabras.com\/WordPress_04\/wp-json\/wp\/v2\/product\/3725","targetHints":{"allow":["GET"]}}],"collection":[{"href":"https:\/\/www.taller-palabras.com\/WordPress_04\/wp-json\/wp\/v2\/product"}],"about":[{"href":"https:\/\/www.taller-palabras.com\/WordPress_04\/wp-json\/wp\/v2\/types\/product"}],"wp:featuredmedia":[{"embeddable":true,"href":"https:\/\/www.taller-palabras.com\/WordPress_04\/wp-json\/wp\/v2\/media\/3718"}],"wp:attachment":[{"href":"https:\/\/www.taller-palabras.com\/WordPress_04\/wp-json\/wp\/v2\/media?parent=3725"}],"wp:term":[{"taxonomy":"product_brand","embeddable":true,"href":"https:\/\/www.taller-palabras.com\/WordPress_04\/wp-json\/wp\/v2\/product_brand?post=3725"},{"taxonomy":"product_cat","embeddable":true,"href":"https:\/\/www.taller-palabras.com\/WordPress_04\/wp-json\/wp\/v2\/product_cat?post=3725"},{"taxonomy":"product_tag","embeddable":true,"href":"https:\/\/www.taller-palabras.com\/WordPress_04\/wp-json\/wp\/v2\/product_tag?post=3725"}],"curies":[{"name":"wp","href":"https:\/\/api.w.org\/{rel}","templated":true}]}}