{"id":3793,"date":"2021-06-25T12:27:49","date_gmt":"2021-06-25T15:27:49","guid":{"rendered":"https:\/\/www.taller-palabras.com\/WordPress_04\/?post_type=product&#038;p=3793"},"modified":"2024-02-28T11:31:58","modified_gmt":"2024-02-28T14:31:58","slug":"en-llamas-suzanne-collins-ebook","status":"publish","type":"product","link":"https:\/\/www.taller-palabras.com\/WordPress_04\/producto\/en-llamas-suzanne-collins-ebook","title":{"rendered":"Saga: En llamas &#8211; (2) Suzanne Collins  \/ebook"},"content":{"rendered":"<figure id=\"attachment_3780\" aria-describedby=\"caption-attachment-3780\" style=\"width: 150px\" class=\"wp-caption alignleft\"><img loading=\"lazy\" decoding=\"async\" class=\"wp-image-3780 size-thumbnail\" src=\"https:\/\/www.taller-palabras.com\/WordPress_04\/wp-content\/uploads\/2021\/06\/Suzanne_Collins-150x150.jpg\" alt=\"\" width=\"150\" height=\"150\" srcset=\"https:\/\/www.taller-palabras.com\/WordPress_04\/wp-content\/uploads\/2021\/06\/Suzanne_Collins-150x150.jpg 150w, https:\/\/www.taller-palabras.com\/WordPress_04\/wp-content\/uploads\/2021\/06\/Suzanne_Collins-100x100.jpg 100w\" sizes=\"auto, (max-width: 150px) 100vw, 150px\" \/><figcaption id=\"caption-attachment-3780\" class=\"wp-caption-text\">Autora Suzanne Collins<\/figcaption><\/figure>\n<p>En llamas es una novela de ciencia ficci\u00f3n dist\u00f3pica y el segundo libro de la trilog\u00eda de Los juegos del hambre.<br \/>\nContra todo pron\u00f3stico, Katniss ha ganado Los Juegos del Hambre. Es un milagro que ella y su compa\u00f1ero del Distrito 12, Peeta Mellark, sigan vivos. Katniss deber\u00eda sentirse aliviada, incluso contenta, ya que, al fin y al cabo, ha regresado con su familia y su amigo de toda la vida, Gale. Sin embargo, nada es como a ella le gustar\u00eda. Gale guarda las distancias y Peeta le ha dado la espalda por completo. Adem\u00e1s se rumorea que existe una rebeli\u00f3n contra el Capitolio\u2026<\/p>\n","protected":false},"excerpt":{"rendered":"<p>En llamas es una novela de ciencia ficci\u00f3n dist\u00f3pica y el segundo libro de la trilog\u00eda de Los juegos del hambre. Contra todo pron\u00f3stico, Katniss ha ganado Los Juegos del Hambre. Es un milagro que ella y su compa\u00f1ero del Distrito 12, Peeta Mellark, sigan vivos. Katniss deber\u00eda sentirse aliviada, incluso contenta, ya que, al [&hellip;]<\/p>\n","protected":false},"featured_media":3790,"template":"","meta":[],"product_brand":[],"product_cat":[25,47],"product_tag":[136,477,55,475],"class_list":{"0":"post-3793","1":"product","2":"type-product","3":"status-publish","4":"has-post-thumbnail","6":"product_cat-libros-digitales-ebooks","7":"product_cat-libros-digitales-sagas","8":"product_tag-decargar-ebook","9":"product_tag-en-llamas","10":"product_tag-novelas","11":"product_tag-suzanne-collins","13":"first","14":"instock","15":"shipping-taxable","16":"purchasable","17":"product-type-variable","18":"has-default-attributes"},"_links":{"self":[{"href":"https:\/\/www.taller-palabras.com\/WordPress_04\/wp-json\/wp\/v2\/product\/3793","targetHints":{"allow":["GET"]}}],"collection":[{"href":"https:\/\/www.taller-palabras.com\/WordPress_04\/wp-json\/wp\/v2\/product"}],"about":[{"href":"https:\/\/www.taller-palabras.com\/WordPress_04\/wp-json\/wp\/v2\/types\/product"}],"wp:featuredmedia":[{"embeddable":true,"href":"https:\/\/www.taller-palabras.com\/WordPress_04\/wp-json\/wp\/v2\/media\/3790"}],"wp:attachment":[{"href":"https:\/\/www.taller-palabras.com\/WordPress_04\/wp-json\/wp\/v2\/media?parent=3793"}],"wp:term":[{"taxonomy":"product_brand","embeddable":true,"href":"https:\/\/www.taller-palabras.com\/WordPress_04\/wp-json\/wp\/v2\/product_brand?post=3793"},{"taxonomy":"product_cat","embeddable":true,"href":"https:\/\/www.taller-palabras.com\/WordPress_04\/wp-json\/wp\/v2\/product_cat?post=3793"},{"taxonomy":"product_tag","embeddable":true,"href":"https:\/\/www.taller-palabras.com\/WordPress_04\/wp-json\/wp\/v2\/product_tag?post=3793"}],"curies":[{"name":"wp","href":"https:\/\/api.w.org\/{rel}","templated":true}]}}