{"id":3797,"date":"2021-06-25T12:30:56","date_gmt":"2021-06-25T15:30:56","guid":{"rendered":"https:\/\/www.taller-palabras.com\/WordPress_04\/?post_type=product&#038;p=3797"},"modified":"2024-03-02T13:51:10","modified_gmt":"2024-03-02T16:51:10","slug":"los-juegos-del-hambre-suzanne-collins-ebook","status":"publish","type":"product","link":"https:\/\/www.taller-palabras.com\/WordPress_04\/producto\/los-juegos-del-hambre-suzanne-collins-ebook","title":{"rendered":"Saga: Los juegos del hambre &#8211; (1) Suzanne Collins  \/ebook"},"content":{"rendered":"<figure id=\"attachment_3780\" aria-describedby=\"caption-attachment-3780\" style=\"width: 150px\" class=\"wp-caption alignleft\"><img loading=\"lazy\" decoding=\"async\" class=\"wp-image-3780 size-thumbnail\" src=\"https:\/\/www.taller-palabras.com\/WordPress_04\/wp-content\/uploads\/2021\/06\/Suzanne_Collins-150x150.jpg\" alt=\"\" width=\"150\" height=\"150\" srcset=\"https:\/\/www.taller-palabras.com\/WordPress_04\/wp-content\/uploads\/2021\/06\/Suzanne_Collins-150x150.jpg 150w, https:\/\/www.taller-palabras.com\/WordPress_04\/wp-content\/uploads\/2021\/06\/Suzanne_Collins-100x100.jpg 100w\" sizes=\"auto, (max-width: 150px) 100vw, 150px\" \/><figcaption id=\"caption-attachment-3780\" class=\"wp-caption-text\">Autora Suzanne Collins<\/figcaption><\/figure>\n<p>Los juegos del hambre es una novela de ciencia ficci\u00f3n dist\u00f3pica y el primer libro de esta trilog\u00eda hom\u00f3nima .<br \/>\nGANAR SIGNIFICA FAMA Y RIQUEZA. PERDER SIGNIFICA UNA MUERTE SEGURA. En una oscura versi\u00f3n del futuro pr\u00f3ximo, doce chicos y doce chicas se ven obligados a participar en un reality show llamado Los juegos del hambre. Solo hay una regla: matar o morir. Cuando Katniss Everdeen, una joven de diecis\u00e9is a\u00f1os se presenta voluntaria para ocupar el lugar de su hermana en los juegos, lo entiende como una condena a muerte. Sin embargo Katniss ya ha visto la muerte de cerca y la supervivencia forma parte de su naturaleza. \u00a1Que empiecen los septuag\u00e9simo cuartos juegos del hambre!<\/p>\n","protected":false},"excerpt":{"rendered":"<p>Los juegos del hambre es una novela de ciencia ficci\u00f3n dist\u00f3pica y el primer libro de esta trilog\u00eda hom\u00f3nima . GANAR SIGNIFICA FAMA Y RIQUEZA. PERDER SIGNIFICA UNA MUERTE SEGURA. En una oscura versi\u00f3n del futuro pr\u00f3ximo, doce chicos y doce chicas se ven obligados a participar en un reality show llamado Los juegos del [&hellip;]<\/p>\n","protected":false},"featured_media":3791,"template":"","meta":[],"product_brand":[],"product_cat":[25,47],"product_tag":[136,478,55,475],"class_list":{"0":"post-3797","1":"product","2":"type-product","3":"status-publish","4":"has-post-thumbnail","6":"product_cat-libros-digitales-ebooks","7":"product_cat-libros-digitales-sagas","8":"product_tag-decargar-ebook","9":"product_tag-los-juegos-del-hambre","10":"product_tag-novelas","11":"product_tag-suzanne-collins","13":"first","14":"instock","15":"shipping-taxable","16":"purchasable","17":"product-type-variable","18":"has-default-attributes"},"_links":{"self":[{"href":"https:\/\/www.taller-palabras.com\/WordPress_04\/wp-json\/wp\/v2\/product\/3797","targetHints":{"allow":["GET"]}}],"collection":[{"href":"https:\/\/www.taller-palabras.com\/WordPress_04\/wp-json\/wp\/v2\/product"}],"about":[{"href":"https:\/\/www.taller-palabras.com\/WordPress_04\/wp-json\/wp\/v2\/types\/product"}],"wp:featuredmedia":[{"embeddable":true,"href":"https:\/\/www.taller-palabras.com\/WordPress_04\/wp-json\/wp\/v2\/media\/3791"}],"wp:attachment":[{"href":"https:\/\/www.taller-palabras.com\/WordPress_04\/wp-json\/wp\/v2\/media?parent=3797"}],"wp:term":[{"taxonomy":"product_brand","embeddable":true,"href":"https:\/\/www.taller-palabras.com\/WordPress_04\/wp-json\/wp\/v2\/product_brand?post=3797"},{"taxonomy":"product_cat","embeddable":true,"href":"https:\/\/www.taller-palabras.com\/WordPress_04\/wp-json\/wp\/v2\/product_cat?post=3797"},{"taxonomy":"product_tag","embeddable":true,"href":"https:\/\/www.taller-palabras.com\/WordPress_04\/wp-json\/wp\/v2\/product_tag?post=3797"}],"curies":[{"name":"wp","href":"https:\/\/api.w.org\/{rel}","templated":true}]}}