{"id":3801,"date":"2020-08-24T12:59:40","date_gmt":"2020-08-24T15:59:40","guid":{"rendered":"https:\/\/www.taller-palabras.com\/WordPress_04\/?post_type=product&#038;p=3801"},"modified":"2023-12-23T13:17:55","modified_gmt":"2023-12-23T16:17:55","slug":"los-testamentos-margaret-atwood-ebook","status":"publish","type":"product","link":"https:\/\/www.taller-palabras.com\/WordPress_04\/producto\/los-testamentos-margaret-atwood-ebook","title":{"rendered":"Saga: Los testamentos &#8211; (2) Margaret Atwood \/ebook"},"content":{"rendered":"<figure id=\"attachment_2328\" aria-describedby=\"caption-attachment-2328\" style=\"width: 150px\" class=\"wp-caption alignleft\"><img loading=\"lazy\" decoding=\"async\" class=\"wp-image-2328 size-thumbnail\" src=\"https:\/\/www.taller-palabras.com\/WordPress_04\/wp-content\/uploads\/2020\/08\/margaretAtwood-150x150.jpg\" alt=\"\" width=\"150\" height=\"150\" srcset=\"https:\/\/www.taller-palabras.com\/WordPress_04\/wp-content\/uploads\/2020\/08\/margaretAtwood-150x150.jpg 150w, https:\/\/www.taller-palabras.com\/WordPress_04\/wp-content\/uploads\/2020\/08\/margaretAtwood-100x100.jpg 100w\" sizes=\"auto, (max-width: 150px) 100vw, 150px\" \/><figcaption id=\"caption-attachment-2328\" class=\"wp-caption-text\">Autora Margaret Atwood<\/figcaption><\/figure>\n<p>En esta brillante secuela de El cuento de la criada, la aclamada autora Margaret Atwood responde a las preguntas que han cautivado a los lectores durante d\u00e9cadas.<br \/>\n\u00abSubo y penetro en la oscuridad del interior; o en la luz.\u00bb<br \/>\nCuando las puertas de la furgoneta se cerraron de golpe tras Offred al final de El cuento de la criada, los lectores no ten\u00edan forma de saber cu\u00e1l iba a ser su futuro: la libertad, la prisi\u00f3n o la muerte.<br \/>\nCon la publicaci\u00f3n de Los testamentos, la espera ha terminado.<br \/>\nMargaret Atwood recupera la historia quince a\u00f1os despu\u00e9s de que Offred se adentrara en lo desconocido, con los testimonios asombrosos de tres narradoras del mundo de Gilead.<\/p>\n","protected":false},"excerpt":{"rendered":"<p>En esta brillante secuela de El cuento de la criada, la aclamada autora Margaret Atwood responde a las preguntas que han cautivado a los lectores durante d\u00e9cadas. \u00abSubo y penetro en la oscuridad del interior; o en la luz.\u00bb Cuando las puertas de la furgoneta se cerraron de golpe tras Offred al final de El [&hellip;]<\/p>\n","protected":false},"featured_media":3805,"template":"","meta":[],"product_brand":[],"product_cat":[47],"product_tag":[54,479,249,45],"class_list":{"0":"post-3801","1":"product","2":"type-product","3":"status-publish","4":"has-post-thumbnail","6":"product_cat-libros-digitales-sagas","7":"product_tag-descargar-ebook","8":"product_tag-los-testamentos","9":"product_tag-margaret-atwood","10":"product_tag-mejor-novela","12":"first","13":"instock","14":"shipping-taxable","15":"purchasable","16":"product-type-variable","17":"has-default-attributes"},"_links":{"self":[{"href":"https:\/\/www.taller-palabras.com\/WordPress_04\/wp-json\/wp\/v2\/product\/3801","targetHints":{"allow":["GET"]}}],"collection":[{"href":"https:\/\/www.taller-palabras.com\/WordPress_04\/wp-json\/wp\/v2\/product"}],"about":[{"href":"https:\/\/www.taller-palabras.com\/WordPress_04\/wp-json\/wp\/v2\/types\/product"}],"wp:featuredmedia":[{"embeddable":true,"href":"https:\/\/www.taller-palabras.com\/WordPress_04\/wp-json\/wp\/v2\/media\/3805"}],"wp:attachment":[{"href":"https:\/\/www.taller-palabras.com\/WordPress_04\/wp-json\/wp\/v2\/media?parent=3801"}],"wp:term":[{"taxonomy":"product_brand","embeddable":true,"href":"https:\/\/www.taller-palabras.com\/WordPress_04\/wp-json\/wp\/v2\/product_brand?post=3801"},{"taxonomy":"product_cat","embeddable":true,"href":"https:\/\/www.taller-palabras.com\/WordPress_04\/wp-json\/wp\/v2\/product_cat?post=3801"},{"taxonomy":"product_tag","embeddable":true,"href":"https:\/\/www.taller-palabras.com\/WordPress_04\/wp-json\/wp\/v2\/product_tag?post=3801"}],"curies":[{"name":"wp","href":"https:\/\/api.w.org\/{rel}","templated":true}]}}