{"id":3838,"date":"2021-06-25T16:46:43","date_gmt":"2021-06-25T19:46:43","guid":{"rendered":"https:\/\/www.taller-palabras.com\/WordPress_04\/?post_type=product&#038;p=3838"},"modified":"2024-03-04T10:06:33","modified_gmt":"2024-03-04T13:06:33","slug":"divergente-1-veronica-roth-ebook","status":"publish","type":"product","link":"https:\/\/www.taller-palabras.com\/WordPress_04\/producto\/divergente-1-veronica-roth-ebook","title":{"rendered":"Saga: Divergente &#8211; (1) Veronica Roth  \/ebook"},"content":{"rendered":"<figure id=\"attachment_3824\" aria-describedby=\"caption-attachment-3824\" style=\"width: 150px\" class=\"wp-caption alignleft\"><img loading=\"lazy\" decoding=\"async\" class=\"wp-image-3824 size-thumbnail\" src=\"https:\/\/www.taller-palabras.com\/WordPress_04\/wp-content\/uploads\/2021\/06\/Veronica_Roth-150x150.jpg\" alt=\"\" width=\"150\" height=\"150\" srcset=\"https:\/\/www.taller-palabras.com\/WordPress_04\/wp-content\/uploads\/2021\/06\/Veronica_Roth-150x150.jpg 150w, https:\/\/www.taller-palabras.com\/WordPress_04\/wp-content\/uploads\/2021\/06\/Veronica_Roth-100x100.jpg 100w, https:\/\/www.taller-palabras.com\/WordPress_04\/wp-content\/uploads\/2021\/06\/Veronica_Roth.jpg 283w\" sizes=\"auto, (max-width: 150px) 100vw, 150px\" \/><figcaption id=\"caption-attachment-3824\" class=\"wp-caption-text\">Autora Veronica Roth<\/figcaption><\/figure>\n<p>Divergent es el primer libro de una trilog\u00eda de aventura y ciencia ficci\u00f3n, escrita por Veronica Roth. La trilog\u00eda se compone de Divergente, Insurgente y Leal.<br \/>\nEn este libro, Beatrice \u201cTris\u201d Pior ha alcanzado la fat\u00eddica edad de diecis\u00e9is a\u00f1os, la etapa en que los adolescentes en el dist\u00f3pico Chicago de Ver\u00f3nica Roth deben seleccionar a cu\u00e1l de los cinco grupos van a unirse de por vida. Cada grupo representa una virtud: Verdad, Abnegaci\u00f3n, Osad\u00eda, Cordialidad y Erudici\u00f3n. Para sorpresa de ella misma y su desinteresada familia Abnegaci\u00f3n, ella elige Osad\u00eda, el camino de la valent\u00eda. Su elecci\u00f3n la expone a los exigentes, violentos ritos de Iniciaci\u00f3n de este grupo, pero tambi\u00e9n a la amenaza de exponer un secreto personal que la puede poner en peligro mortal. La trilog\u00eda Divergente de Ver\u00f3nica Roth para j\u00f3venes adultos se inicia con una aventura fascinante de amor y lealtad jugando bajo las m\u00e1s extremas circunstancia.<\/p>\n","protected":false},"excerpt":{"rendered":"<p>Divergent es el primer libro de una trilog\u00eda de aventura y ciencia ficci\u00f3n, escrita por Veronica Roth. La trilog\u00eda se compone de Divergente, Insurgente y Leal. En este libro, Beatrice \u201cTris\u201d Pior ha alcanzado la fat\u00eddica edad de diecis\u00e9is a\u00f1os, la etapa en que los adolescentes en el dist\u00f3pico Chicago de Ver\u00f3nica Roth deben seleccionar [&hellip;]<\/p>\n","protected":false},"featured_media":3821,"template":"","meta":[],"product_brand":[],"product_cat":[25,47],"product_tag":[136,483,55,481],"class_list":{"0":"post-3838","1":"product","2":"type-product","3":"status-publish","4":"has-post-thumbnail","6":"product_cat-libros-digitales-ebooks","7":"product_cat-libros-digitales-sagas","8":"product_tag-decargar-ebook","9":"product_tag-divergente","10":"product_tag-novelas","11":"product_tag-veronica-roth","13":"first","14":"instock","15":"shipping-taxable","16":"purchasable","17":"product-type-variable","18":"has-default-attributes"},"_links":{"self":[{"href":"https:\/\/www.taller-palabras.com\/WordPress_04\/wp-json\/wp\/v2\/product\/3838","targetHints":{"allow":["GET"]}}],"collection":[{"href":"https:\/\/www.taller-palabras.com\/WordPress_04\/wp-json\/wp\/v2\/product"}],"about":[{"href":"https:\/\/www.taller-palabras.com\/WordPress_04\/wp-json\/wp\/v2\/types\/product"}],"wp:featuredmedia":[{"embeddable":true,"href":"https:\/\/www.taller-palabras.com\/WordPress_04\/wp-json\/wp\/v2\/media\/3821"}],"wp:attachment":[{"href":"https:\/\/www.taller-palabras.com\/WordPress_04\/wp-json\/wp\/v2\/media?parent=3838"}],"wp:term":[{"taxonomy":"product_brand","embeddable":true,"href":"https:\/\/www.taller-palabras.com\/WordPress_04\/wp-json\/wp\/v2\/product_brand?post=3838"},{"taxonomy":"product_cat","embeddable":true,"href":"https:\/\/www.taller-palabras.com\/WordPress_04\/wp-json\/wp\/v2\/product_cat?post=3838"},{"taxonomy":"product_tag","embeddable":true,"href":"https:\/\/www.taller-palabras.com\/WordPress_04\/wp-json\/wp\/v2\/product_tag?post=3838"}],"curies":[{"name":"wp","href":"https:\/\/api.w.org\/{rel}","templated":true}]}}