{"id":3842,"date":"2021-06-26T14:58:05","date_gmt":"2021-06-26T17:58:05","guid":{"rendered":"https:\/\/www.taller-palabras.com\/WordPress_04\/?post_type=product&#038;p=3842"},"modified":"2024-03-04T10:59:22","modified_gmt":"2024-03-04T13:59:22","slug":"pares-y-nones-malorie-blackman-ebook","status":"publish","type":"product","link":"https:\/\/www.taller-palabras.com\/WordPress_04\/producto\/pares-y-nones-malorie-blackman-ebook","title":{"rendered":"Pares y Nones &#8211; Malorie Blackman  \/ebook"},"content":{"rendered":"<figure id=\"attachment_3846\" aria-describedby=\"caption-attachment-3846\" style=\"width: 150px\" class=\"wp-caption alignleft\"><img loading=\"lazy\" decoding=\"async\" class=\"wp-image-3846 size-thumbnail\" src=\"https:\/\/www.taller-palabras.com\/WordPress_04\/wp-content\/uploads\/2021\/06\/Malorie_Blackman-150x150.jpg\" alt=\"\" width=\"150\" height=\"150\" srcset=\"https:\/\/www.taller-palabras.com\/WordPress_04\/wp-content\/uploads\/2021\/06\/Malorie_Blackman-150x150.jpg 150w, https:\/\/www.taller-palabras.com\/WordPress_04\/wp-content\/uploads\/2021\/06\/Malorie_Blackman-100x100.jpg 100w\" sizes=\"auto, (max-width: 150px) 100vw, 150px\" \/><figcaption id=\"caption-attachment-3846\" class=\"wp-caption-text\">Autora Malorie Blackman<\/figcaption><\/figure>\n<p>Sephy es una Par, hija de un destacado pol\u00edtico, pertenece a la \u00e9lite de gente con piel oscura. Callum es un Non, un chico de piel p\u00e1lida, y por tanto miembro de la clase humilde. Hubo un tiempo en que los Nones fueron esclavos de los Pares, y aunque actualmente la esclavitud est\u00e1 abolida, la discriminaci\u00f3n sigue siendo la norma general.<br \/>\nPero Sephy y Callum han sido amigos desde la infancia\u2026 y ahora que ya han crecido, saben que su relaci\u00f3n no puede ir m\u00e1s all\u00e1 de la pura amistad. Hasta que una nueva ley permite que algunos Nones talentosos pasen a los institutos reservados para los Pares. En una atm\u00f3sfera de prejuicios, injusticias e intrigas pol\u00edticas, Sephy y Callum viven un amor contra todo y contra todos, con consecuencias tan tr\u00e1gicas como inesperadas\u2026<\/p>\n","protected":false},"excerpt":{"rendered":"<p>Sephy es una Par, hija de un destacado pol\u00edtico, pertenece a la \u00e9lite de gente con piel oscura. Callum es un Non, un chico de piel p\u00e1lida, y por tanto miembro de la clase humilde. Hubo un tiempo en que los Nones fueron esclavos de los Pares, y aunque actualmente la esclavitud est\u00e1 abolida, la [&hellip;]<\/p>\n","protected":false},"featured_media":3847,"template":"","meta":[],"product_brand":[],"product_cat":[25],"product_tag":[136,484,55,485],"class_list":{"0":"post-3842","1":"product","2":"type-product","3":"status-publish","4":"has-post-thumbnail","6":"product_cat-libros-digitales-ebooks","7":"product_tag-decargar-ebook","8":"product_tag-malorie-blackman","9":"product_tag-novelas","10":"product_tag-pares-y-nones","12":"first","13":"instock","14":"shipping-taxable","15":"purchasable","16":"product-type-variable","17":"has-default-attributes"},"_links":{"self":[{"href":"https:\/\/www.taller-palabras.com\/WordPress_04\/wp-json\/wp\/v2\/product\/3842","targetHints":{"allow":["GET"]}}],"collection":[{"href":"https:\/\/www.taller-palabras.com\/WordPress_04\/wp-json\/wp\/v2\/product"}],"about":[{"href":"https:\/\/www.taller-palabras.com\/WordPress_04\/wp-json\/wp\/v2\/types\/product"}],"wp:featuredmedia":[{"embeddable":true,"href":"https:\/\/www.taller-palabras.com\/WordPress_04\/wp-json\/wp\/v2\/media\/3847"}],"wp:attachment":[{"href":"https:\/\/www.taller-palabras.com\/WordPress_04\/wp-json\/wp\/v2\/media?parent=3842"}],"wp:term":[{"taxonomy":"product_brand","embeddable":true,"href":"https:\/\/www.taller-palabras.com\/WordPress_04\/wp-json\/wp\/v2\/product_brand?post=3842"},{"taxonomy":"product_cat","embeddable":true,"href":"https:\/\/www.taller-palabras.com\/WordPress_04\/wp-json\/wp\/v2\/product_cat?post=3842"},{"taxonomy":"product_tag","embeddable":true,"href":"https:\/\/www.taller-palabras.com\/WordPress_04\/wp-json\/wp\/v2\/product_tag?post=3842"}],"curies":[{"name":"wp","href":"https:\/\/api.w.org\/{rel}","templated":true}]}}