{"id":385,"date":"2018-11-12T18:06:08","date_gmt":"2018-11-12T21:06:08","guid":{"rendered":"https:\/\/www.taller-palabras.com\/WordPress_04\/?post_type=product&#038;p=385"},"modified":"2023-10-02T17:53:30","modified_gmt":"2023-10-02T20:53:30","slug":"las-correcciones-jonathan-franzen-ebook","status":"publish","type":"product","link":"https:\/\/www.taller-palabras.com\/WordPress_04\/producto\/las-correcciones-jonathan-franzen-ebook","title":{"rendered":"Las correcciones &#8211; Jonathan Franzen  \/ebook"},"content":{"rendered":"<figure id=\"attachment_386\" aria-describedby=\"caption-attachment-386\" style=\"width: 150px\" class=\"wp-caption alignleft\"><img loading=\"lazy\" decoding=\"async\" class=\"wp-image-386 size-thumbnail\" src=\"https:\/\/www.taller-palabras.com\/WordPress_04\/wp-content\/uploads\/2018\/11\/Jonathan_Franzen-150x150.jpg\" alt=\"\" width=\"150\" height=\"150\" srcset=\"https:\/\/www.taller-palabras.com\/WordPress_04\/wp-content\/uploads\/2018\/11\/Jonathan_Franzen-150x150.jpg 150w, https:\/\/www.taller-palabras.com\/WordPress_04\/wp-content\/uploads\/2018\/11\/Jonathan_Franzen-324x324.jpg 324w, https:\/\/www.taller-palabras.com\/WordPress_04\/wp-content\/uploads\/2018\/11\/Jonathan_Franzen-100x100.jpg 100w\" sizes=\"auto, (max-width: 150px) 100vw, 150px\" \/><figcaption id=\"caption-attachment-386\" class=\"wp-caption-text\">Autor Jonathan Franzen<\/figcaption><\/figure>\n<p>\u00c9sta es la historia de los Lambert, una familia normal: Alfred, un ingeniero retirado al borde del caos mental y f\u00edsico de un Parkinson terminal; Enid, su mujer, obsesionada con reunir en casa a sus tres hijos durante una \u00faltima cena de Navidad; Chip, un ex profesor despedido por acostarse con una alumna, que emprende negocios turbios en Lituania; Denise, fr\u00eda y juiciosa chef en un restaurante de moda ligada sentimentalmente a su jefe, y Gary, un banquero snob y paranoico atrapado en un matrimonio de pesadilla. El prodigio de esta novela es la secreta conexi\u00f3n entre el universo de los Lambert y el resto del mundo, la Norteam\u00e9rica de los \u00faltimos noventa, un pa\u00eds irascible que se tambalea hacia un nuevo milenio.<\/p>\n<p>\u00abLas correcciones\u00bb es una grandiosa novela tragic\u00f3mica para el siglo que comienza, una obra maestra sobre una familia que se derrumba en una \u00e9poca en que todo tiene arreglo, todo puede corregirse. Este monumental reto estil\u00edstico, divertido, corrosivo y profundamente humano, esta imponente s\u00e1tira social, confirma a Jonathan Franzen como uno de los m\u00e1s brillantes int\u00e9rpretes de la sociedad contempor\u00e1nea.<\/p>\n","protected":false},"excerpt":{"rendered":"<p>\u00c9sta es la historia de los Lambert, una familia normal: Alfred, un ingeniero retirado al borde del caos mental y f\u00edsico de un Parkinson terminal; Enid, su mujer, obsesionada con reunir en casa a sus tres hijos durante una \u00faltima cena de Navidad; Chip, un ex profesor despedido por acostarse con una alumna, que emprende [&hellip;]<\/p>\n","protected":false},"featured_media":389,"template":"","meta":[],"product_brand":[],"product_cat":[25],"product_tag":[136,144,160,55],"class_list":{"0":"post-385","1":"product","2":"type-product","3":"status-publish","4":"has-post-thumbnail","6":"product_cat-libros-digitales-ebooks","7":"product_tag-decargar-ebook","8":"product_tag-jonathan-franzen","9":"product_tag-las-correcciones","10":"product_tag-novelas","12":"first","13":"instock","14":"shipping-taxable","15":"purchasable","16":"product-type-variable","17":"has-default-attributes"},"_links":{"self":[{"href":"https:\/\/www.taller-palabras.com\/WordPress_04\/wp-json\/wp\/v2\/product\/385","targetHints":{"allow":["GET"]}}],"collection":[{"href":"https:\/\/www.taller-palabras.com\/WordPress_04\/wp-json\/wp\/v2\/product"}],"about":[{"href":"https:\/\/www.taller-palabras.com\/WordPress_04\/wp-json\/wp\/v2\/types\/product"}],"wp:featuredmedia":[{"embeddable":true,"href":"https:\/\/www.taller-palabras.com\/WordPress_04\/wp-json\/wp\/v2\/media\/389"}],"wp:attachment":[{"href":"https:\/\/www.taller-palabras.com\/WordPress_04\/wp-json\/wp\/v2\/media?parent=385"}],"wp:term":[{"taxonomy":"product_brand","embeddable":true,"href":"https:\/\/www.taller-palabras.com\/WordPress_04\/wp-json\/wp\/v2\/product_brand?post=385"},{"taxonomy":"product_cat","embeddable":true,"href":"https:\/\/www.taller-palabras.com\/WordPress_04\/wp-json\/wp\/v2\/product_cat?post=385"},{"taxonomy":"product_tag","embeddable":true,"href":"https:\/\/www.taller-palabras.com\/WordPress_04\/wp-json\/wp\/v2\/product_tag?post=385"}],"curies":[{"name":"wp","href":"https:\/\/api.w.org\/{rel}","templated":true}]}}