{"id":3856,"date":"2021-06-26T15:03:52","date_gmt":"2021-06-26T18:03:52","guid":{"rendered":"https:\/\/www.taller-palabras.com\/WordPress_04\/?post_type=product&#038;p=3856"},"modified":"2024-03-06T10:35:04","modified_gmt":"2024-03-06T13:35:04","slug":"relojes-de-sangre-leni-zumas-ebook","status":"publish","type":"product","link":"https:\/\/www.taller-palabras.com\/WordPress_04\/producto\/relojes-de-sangre-leni-zumas-ebook","title":{"rendered":"Relojes de sangre &#8211; Leni Zumas  \/ebook"},"content":{"rendered":"<figure id=\"attachment_3849\" aria-describedby=\"caption-attachment-3849\" style=\"width: 150px\" class=\"wp-caption alignleft\"><img loading=\"lazy\" decoding=\"async\" class=\"wp-image-3849 size-thumbnail\" src=\"https:\/\/www.taller-palabras.com\/WordPress_04\/wp-content\/uploads\/2021\/06\/Leni_Zumas-150x150.jpg\" alt=\"\" width=\"150\" height=\"150\" srcset=\"https:\/\/www.taller-palabras.com\/WordPress_04\/wp-content\/uploads\/2021\/06\/Leni_Zumas-150x150.jpg 150w, https:\/\/www.taller-palabras.com\/WordPress_04\/wp-content\/uploads\/2021\/06\/Leni_Zumas-100x100.jpg 100w\" sizes=\"auto, (max-width: 150px) 100vw, 150px\" \/><figcaption id=\"caption-attachment-3849\" class=\"wp-caption-text\">Autora Leni Zumas<\/figcaption><\/figure>\n<p>En esta feroz e imaginativa novela, el aborto es, una vez m\u00e1s, ilegal en Estados Unidos, la fertilizaci\u00f3n in vitro est\u00e1 prohibida y la Enmienda de Humanidad da derecho a la vida, libertad y propiedad a todos los embriones. En un peque\u00f1o pueblo pesquero de Oreg\u00f3n, cinco mujeres navegan a trav\u00e9s de estas nuevas barreras acompa\u00f1adas de las perpetuas preguntas sobre la maternidad, la identidad y la libertad.<br \/>\nRelojes de sangre es a la vez un drama cuyo misterio se desenvuelve con una energ\u00eda magn\u00e9tica y una devastadora novela de ideas. En la vena de Margaret Atwood y Eileen Myles, Leni Zumas explora los contornos de la experiencia femenina, evocando El cuento de la criada para un nuevo milenio.<\/p>\n","protected":false},"excerpt":{"rendered":"<p>En esta feroz e imaginativa novela, el aborto es, una vez m\u00e1s, ilegal en Estados Unidos, la fertilizaci\u00f3n in vitro est\u00e1 prohibida y la Enmienda de Humanidad da derecho a la vida, libertad y propiedad a todos los embriones. En un peque\u00f1o pueblo pesquero de Oreg\u00f3n, cinco mujeres navegan a trav\u00e9s de estas nuevas barreras [&hellip;]<\/p>\n","protected":false},"featured_media":3848,"template":"","meta":[],"product_brand":[],"product_cat":[25],"product_tag":[136,486,55,487],"class_list":{"0":"post-3856","1":"product","2":"type-product","3":"status-publish","4":"has-post-thumbnail","6":"product_cat-libros-digitales-ebooks","7":"product_tag-decargar-ebook","8":"product_tag-leni-zumas","9":"product_tag-novelas","10":"product_tag-relojes-de-sangre","12":"first","13":"instock","14":"shipping-taxable","15":"purchasable","16":"product-type-variable","17":"has-default-attributes"},"_links":{"self":[{"href":"https:\/\/www.taller-palabras.com\/WordPress_04\/wp-json\/wp\/v2\/product\/3856","targetHints":{"allow":["GET"]}}],"collection":[{"href":"https:\/\/www.taller-palabras.com\/WordPress_04\/wp-json\/wp\/v2\/product"}],"about":[{"href":"https:\/\/www.taller-palabras.com\/WordPress_04\/wp-json\/wp\/v2\/types\/product"}],"wp:featuredmedia":[{"embeddable":true,"href":"https:\/\/www.taller-palabras.com\/WordPress_04\/wp-json\/wp\/v2\/media\/3848"}],"wp:attachment":[{"href":"https:\/\/www.taller-palabras.com\/WordPress_04\/wp-json\/wp\/v2\/media?parent=3856"}],"wp:term":[{"taxonomy":"product_brand","embeddable":true,"href":"https:\/\/www.taller-palabras.com\/WordPress_04\/wp-json\/wp\/v2\/product_brand?post=3856"},{"taxonomy":"product_cat","embeddable":true,"href":"https:\/\/www.taller-palabras.com\/WordPress_04\/wp-json\/wp\/v2\/product_cat?post=3856"},{"taxonomy":"product_tag","embeddable":true,"href":"https:\/\/www.taller-palabras.com\/WordPress_04\/wp-json\/wp\/v2\/product_tag?post=3856"}],"curies":[{"name":"wp","href":"https:\/\/api.w.org\/{rel}","templated":true}]}}