{"id":3878,"date":"2021-06-28T13:38:54","date_gmt":"2021-06-28T16:38:54","guid":{"rendered":"https:\/\/www.taller-palabras.com\/WordPress_04\/?post_type=product&#038;p=3878"},"modified":"2024-03-06T15:42:42","modified_gmt":"2024-03-06T18:42:42","slug":"1984-george-orwell-ebook","status":"publish","type":"product","link":"https:\/\/www.taller-palabras.com\/WordPress_04\/producto\/1984-george-orwell-ebook","title":{"rendered":"1984 &#8211; George Orwell  \/ebook"},"content":{"rendered":"<figure id=\"attachment_3886\" aria-describedby=\"caption-attachment-3886\" style=\"width: 150px\" class=\"wp-caption alignleft\"><img loading=\"lazy\" decoding=\"async\" class=\"wp-image-3886 size-thumbnail\" src=\"https:\/\/www.taller-palabras.com\/WordPress_04\/wp-content\/uploads\/2021\/06\/George_Orwell-150x150.jpg\" alt=\"\" width=\"150\" height=\"150\" srcset=\"https:\/\/www.taller-palabras.com\/WordPress_04\/wp-content\/uploads\/2021\/06\/George_Orwell-150x150.jpg 150w, https:\/\/www.taller-palabras.com\/WordPress_04\/wp-content\/uploads\/2021\/06\/George_Orwell-100x100.jpg 100w\" sizes=\"auto, (max-width: 150px) 100vw, 150px\" \/><figcaption id=\"caption-attachment-3886\" class=\"wp-caption-text\">Autor George Orwell<\/figcaption><\/figure>\n<p>Descripci\u00f3n aterradora de la vida bajo la vigilancia constante del \u00abGran Hermano\u00bb. 1984 sit\u00faa su acci\u00f3n en un Estado totalitario. Como explica O\u2019Brien, el astuto y misterioso miembro de la direcci\u00f3n del partido dominante, el poder es el valor absoluto y \u00fanico: para conquistarlo no hay nada en el mundo que no deba ser sacrificado y, una vez alcanzado, nada queda de importante en la vida a no ser la voluntad de conservarlo a cualquier precio. La vigilancia despiadada de este Superestado ha llegado a apoderarse de la vida y la conciencia de sus s\u00fabditos, interviniendo incluso y sobre todo en las esferas m\u00e1s \u00edntimas de los sentimientos humanos. Todo est\u00e1 controlado por la sombr\u00eda y omnipresente figura del Gran Hermano, el jefe que todo lo ve, todo lo escucha y todo lo dispone. Winston Smith, el protagonista, aparece inicialmente como s\u00edmbolo de la rebeli\u00f3n contra este poder monstruoso, pero conforme el relato avanza est\u00e1 cada vez m\u00e1s cazado por este engranaje, omnipotente y cruel. Por su magn\u00edfico an\u00e1lisis del poder y de las relaciones y dependencias que crea en los individuos, 1984 es una de las novelas m\u00e1s inquietantes y atractivas de este siglo.<\/p>\n","protected":false},"excerpt":{"rendered":"<p>Descripci\u00f3n aterradora de la vida bajo la vigilancia constante del \u00abGran Hermano\u00bb. 1984 sit\u00faa su acci\u00f3n en un Estado totalitario. Como explica O\u2019Brien, el astuto y misterioso miembro de la direcci\u00f3n del partido dominante, el poder es el valor absoluto y \u00fanico: para conquistarlo no hay nada en el mundo que no deba ser sacrificado [&hellip;]<\/p>\n","protected":false},"featured_media":3885,"template":"","meta":[],"product_brand":[],"product_cat":[25],"product_tag":[492,136,493,55],"class_list":{"0":"post-3878","1":"product","2":"type-product","3":"status-publish","4":"has-post-thumbnail","6":"product_cat-libros-digitales-ebooks","7":"product_tag-492","8":"product_tag-decargar-ebook","9":"product_tag-george-orwell","10":"product_tag-novelas","12":"first","13":"instock","14":"shipping-taxable","15":"purchasable","16":"product-type-variable","17":"has-default-attributes"},"_links":{"self":[{"href":"https:\/\/www.taller-palabras.com\/WordPress_04\/wp-json\/wp\/v2\/product\/3878","targetHints":{"allow":["GET"]}}],"collection":[{"href":"https:\/\/www.taller-palabras.com\/WordPress_04\/wp-json\/wp\/v2\/product"}],"about":[{"href":"https:\/\/www.taller-palabras.com\/WordPress_04\/wp-json\/wp\/v2\/types\/product"}],"wp:featuredmedia":[{"embeddable":true,"href":"https:\/\/www.taller-palabras.com\/WordPress_04\/wp-json\/wp\/v2\/media\/3885"}],"wp:attachment":[{"href":"https:\/\/www.taller-palabras.com\/WordPress_04\/wp-json\/wp\/v2\/media?parent=3878"}],"wp:term":[{"taxonomy":"product_brand","embeddable":true,"href":"https:\/\/www.taller-palabras.com\/WordPress_04\/wp-json\/wp\/v2\/product_brand?post=3878"},{"taxonomy":"product_cat","embeddable":true,"href":"https:\/\/www.taller-palabras.com\/WordPress_04\/wp-json\/wp\/v2\/product_cat?post=3878"},{"taxonomy":"product_tag","embeddable":true,"href":"https:\/\/www.taller-palabras.com\/WordPress_04\/wp-json\/wp\/v2\/product_tag?post=3878"}],"curies":[{"name":"wp","href":"https:\/\/api.w.org\/{rel}","templated":true}]}}