{"id":3898,"date":"2021-07-04T10:49:46","date_gmt":"2021-07-04T13:49:46","guid":{"rendered":"https:\/\/www.taller-palabras.com\/WordPress_04\/?post_type=product&#038;p=3898"},"modified":"2024-03-10T11:24:29","modified_gmt":"2024-03-10T14:24:29","slug":"alicia-en-el-pais-de-las-maravillas-lewis-carroll-ebook","status":"publish","type":"product","link":"https:\/\/www.taller-palabras.com\/WordPress_04\/producto\/alicia-en-el-pais-de-las-maravillas-lewis-carroll-ebook","title":{"rendered":"Alicia en el Pa\u00eds de las Maravillas &#8211; Lewis Carroll  \/ebook"},"content":{"rendered":"<figure id=\"attachment_3902\" aria-describedby=\"caption-attachment-3902\" style=\"width: 150px\" class=\"wp-caption alignleft\"><img loading=\"lazy\" decoding=\"async\" class=\"wp-image-3902 size-thumbnail\" src=\"https:\/\/www.taller-palabras.com\/WordPress_04\/wp-content\/uploads\/2021\/07\/Lewis_Carroll-150x150.jpg\" alt=\"\" width=\"150\" height=\"150\" srcset=\"https:\/\/www.taller-palabras.com\/WordPress_04\/wp-content\/uploads\/2021\/07\/Lewis_Carroll-150x150.jpg 150w, https:\/\/www.taller-palabras.com\/WordPress_04\/wp-content\/uploads\/2021\/07\/Lewis_Carroll-100x100.jpg 100w\" sizes=\"auto, (max-width: 150px) 100vw, 150px\" \/><figcaption id=\"caption-attachment-3902\" class=\"wp-caption-text\">Autor Lewis Carroll<\/figcaption><\/figure>\n<p>Varios equ\u00edvocos han signado la lectura de \u00abAlicia en el Pa\u00eds de las Maravillas\u00bb desde que su autor, el reverendo Charles Lutwidge Dodgson (1832-1898), la publicara por su cuenta en 1865 bajo el seud\u00f3nimo de Lewis Carroll. Ilustrada por John Tenniel, dibujante de \u00abPunch\u00bb, esa primera edici\u00f3n tuvo extraordinario e inesperado \u00e9xito; pero ya entonces la obra fue asimilada (\u00bfdegradada?), a la categor\u00eda de \u00abliteratura infantil\u00bb (claro que all\u00ed se encontr\u00f3 con textos de Swift, Defoe y otros compatriotas ilustres). Medio siglo despu\u00e9s, Andr\u00e9 Breton la rescat\u00f3 (\u00bfreivindic\u00f3?), como antecedente preclaro del surrealismo. Mas sobre estos encasillamientos que el texto soport\u00f3 sin mella, hubo quienes se regodearon en considerar a Carroll como un pre-Nabokov, no por su riguroso empleo del lenguaje sino por la posible ambigua mirada que posaba sobre las ni\u00f1as de su amistad. Lewis Carroll, tartamudo, matem\u00e1tico, titiritero, humorista y escritor insigne, seguramente no desestim\u00f3 tales disparates y, como toda respuesta, dej\u00f3 sus escritos.<\/p>\n","protected":false},"excerpt":{"rendered":"<p>Varios equ\u00edvocos han signado la lectura de \u00abAlicia en el Pa\u00eds de las Maravillas\u00bb desde que su autor, el reverendo Charles Lutwidge Dodgson (1832-1898), la publicara por su cuenta en 1865 bajo el seud\u00f3nimo de Lewis Carroll. Ilustrada por John Tenniel, dibujante de \u00abPunch\u00bb, esa primera edici\u00f3n tuvo extraordinario e inesperado \u00e9xito; pero ya entonces [&hellip;]<\/p>\n","protected":false},"featured_media":3905,"template":"","meta":[],"product_brand":[],"product_cat":[25],"product_tag":[496,136,497,55],"class_list":{"0":"post-3898","1":"product","2":"type-product","3":"status-publish","4":"has-post-thumbnail","6":"product_cat-libros-digitales-ebooks","7":"product_tag-alicia-en-el-pais-de-las-maravillas","8":"product_tag-decargar-ebook","9":"product_tag-lewis-carroll","10":"product_tag-novelas","12":"first","13":"instock","14":"shipping-taxable","15":"purchasable","16":"product-type-variable","17":"has-default-attributes"},"_links":{"self":[{"href":"https:\/\/www.taller-palabras.com\/WordPress_04\/wp-json\/wp\/v2\/product\/3898","targetHints":{"allow":["GET"]}}],"collection":[{"href":"https:\/\/www.taller-palabras.com\/WordPress_04\/wp-json\/wp\/v2\/product"}],"about":[{"href":"https:\/\/www.taller-palabras.com\/WordPress_04\/wp-json\/wp\/v2\/types\/product"}],"wp:featuredmedia":[{"embeddable":true,"href":"https:\/\/www.taller-palabras.com\/WordPress_04\/wp-json\/wp\/v2\/media\/3905"}],"wp:attachment":[{"href":"https:\/\/www.taller-palabras.com\/WordPress_04\/wp-json\/wp\/v2\/media?parent=3898"}],"wp:term":[{"taxonomy":"product_brand","embeddable":true,"href":"https:\/\/www.taller-palabras.com\/WordPress_04\/wp-json\/wp\/v2\/product_brand?post=3898"},{"taxonomy":"product_cat","embeddable":true,"href":"https:\/\/www.taller-palabras.com\/WordPress_04\/wp-json\/wp\/v2\/product_cat?post=3898"},{"taxonomy":"product_tag","embeddable":true,"href":"https:\/\/www.taller-palabras.com\/WordPress_04\/wp-json\/wp\/v2\/product_tag?post=3898"}],"curies":[{"name":"wp","href":"https:\/\/api.w.org\/{rel}","templated":true}]}}