{"id":392,"date":"2018-10-28T14:08:59","date_gmt":"2018-10-28T17:08:59","guid":{"rendered":"https:\/\/www.taller-palabras.com\/WordPress_04\/?post_type=product&#038;p=392"},"modified":"2025-07-05T14:21:34","modified_gmt":"2025-07-05T17:21:34","slug":"las-horas-distantes-kate-morton-ebook","status":"publish","type":"product","link":"https:\/\/www.taller-palabras.com\/WordPress_04\/producto\/las-horas-distantes-kate-morton-ebook","title":{"rendered":"Las horas distantes &#8211; Kate Morton  \/ebook"},"content":{"rendered":"<figure id=\"attachment_11394\" aria-describedby=\"caption-attachment-11394\" style=\"width: 150px\" class=\"wp-caption alignleft\"><img loading=\"lazy\" decoding=\"async\" class=\"wp-image-11394 size-thumbnail\" src=\"https:\/\/www.taller-palabras.com\/WordPress_04\/wp-content\/uploads\/2025\/07\/kate_morton-242x300-1-150x150.jpg\" alt=\"\" width=\"150\" height=\"150\" srcset=\"https:\/\/www.taller-palabras.com\/WordPress_04\/wp-content\/uploads\/2025\/07\/kate_morton-242x300-1-150x150.jpg 150w, https:\/\/www.taller-palabras.com\/WordPress_04\/wp-content\/uploads\/2025\/07\/kate_morton-242x300-1-100x100.jpg 100w\" sizes=\"auto, (max-width: 150px) 100vw, 150px\" \/><figcaption id=\"caption-attachment-11394\" class=\"wp-caption-text\">Autora Kate Morton<\/figcaption><\/figure>\n<p>Una carta perdida durante muchos a\u00f1os llega por correo y Edie Burchill se encuentra viajando a Milderhurst Castle, una mansi\u00f3n inglesa en la que viven las hermanas solteras Blythe y en la que se aloj\u00f3 su madre durante la Segunda Guerra Mundial, cuando era una ni\u00f1a de trece a\u00f1os. Las hermanas Blythe mayores son gemelas y se han pasado gran parte de su vida cuidando de su hermana peque\u00f1a, Juniper, que no volvi\u00f3 a ser la misma desde que su prometido la abandon\u00f3 en 1941. En el interior del ruinoso castillo, Edie comienza a desenmara\u00f1ar el pasado de su madre. Pero las piedras de Milderhurst esconden otros secretos, y Edie est\u00e1 a punto de descubrir m\u00e1s de lo que esperaba. La verdad de lo que ocurri\u00f3 en las horas distantes del pasado lleva mucho tiempo a la espera de que alguien la descubra. Morton una vez m\u00e1s cautiva a los lectores con una historia muy atmosf\u00e9rica que cuenta con unos personajes inolvidables acuciados por el amor y las circunstancias y obsesionados por los recuerdos.<\/p>\n<p>Estos formatos digitales los puedes leer en cualquier \u00abLector digital\u00bb o en los celulares y\/o tablets con una aplicaci\u00f3n que puedes bajar\u00a0<a href=\"https:\/\/play.google.com\/store\/search?q=ebook&amp;c=apps&amp;hl=es\" target=\"_blank\" rel=\"noopener noreferrer\">AQU\u00cd<\/a> (Recomendamos Aldiko). O si lo quieres leer en tu PC y\/o Laptop puedes bajarte el programa que recomendamos Adobe Digital Edition\u00a0 <a href=\"https:\/\/www.adobe.com\/es\/solutions\/ebook\/digital-editions\/download.html\" target=\"_blank\" rel=\"noopener noreferrer\">AQU\u00cd <\/a>\u00a0.<br \/>\nTambi\u00e9n puedes bajar una Aplicaci\u00f3n de tu Store preferido \ud83d\ude09<\/p>\n","protected":false},"excerpt":{"rendered":"<p>Una carta perdida durante muchos a\u00f1os llega por correo y Edie Burchill se encuentra viajando a Milderhurst Castle, una mansi\u00f3n inglesa en la que viven las hermanas solteras Blythe y en la que se aloj\u00f3 su madre durante la Segunda Guerra Mundial, cuando era una ni\u00f1a de trece a\u00f1os. Las hermanas Blythe mayores son gemelas [&hellip;]<\/p>\n","protected":false},"featured_media":393,"template":"","meta":[],"product_brand":[],"product_cat":[25],"product_tag":[136,75,159,55],"class_list":{"0":"post-392","1":"product","2":"type-product","3":"status-publish","4":"has-post-thumbnail","6":"product_cat-libros-digitales-ebooks","7":"product_tag-decargar-ebook","8":"product_tag-kate-morton","9":"product_tag-las-horas-distantes","10":"product_tag-novelas","12":"first","13":"instock","14":"shipping-taxable","15":"purchasable","16":"product-type-variable","17":"has-default-attributes"},"_links":{"self":[{"href":"https:\/\/www.taller-palabras.com\/WordPress_04\/wp-json\/wp\/v2\/product\/392","targetHints":{"allow":["GET"]}}],"collection":[{"href":"https:\/\/www.taller-palabras.com\/WordPress_04\/wp-json\/wp\/v2\/product"}],"about":[{"href":"https:\/\/www.taller-palabras.com\/WordPress_04\/wp-json\/wp\/v2\/types\/product"}],"wp:featuredmedia":[{"embeddable":true,"href":"https:\/\/www.taller-palabras.com\/WordPress_04\/wp-json\/wp\/v2\/media\/393"}],"wp:attachment":[{"href":"https:\/\/www.taller-palabras.com\/WordPress_04\/wp-json\/wp\/v2\/media?parent=392"}],"wp:term":[{"taxonomy":"product_brand","embeddable":true,"href":"https:\/\/www.taller-palabras.com\/WordPress_04\/wp-json\/wp\/v2\/product_brand?post=392"},{"taxonomy":"product_cat","embeddable":true,"href":"https:\/\/www.taller-palabras.com\/WordPress_04\/wp-json\/wp\/v2\/product_cat?post=392"},{"taxonomy":"product_tag","embeddable":true,"href":"https:\/\/www.taller-palabras.com\/WordPress_04\/wp-json\/wp\/v2\/product_tag?post=392"}],"curies":[{"name":"wp","href":"https:\/\/api.w.org\/{rel}","templated":true}]}}