{"id":3921,"date":"2021-07-04T11:43:54","date_gmt":"2021-07-04T14:43:54","guid":{"rendered":"https:\/\/www.taller-palabras.com\/WordPress_04\/?post_type=product&#038;p=3921"},"modified":"2024-03-18T13:24:26","modified_gmt":"2024-03-18T16:24:26","slug":"la-luz-fantastica-terry-pratchett-ebook","status":"publish","type":"product","link":"https:\/\/www.taller-palabras.com\/WordPress_04\/producto\/la-luz-fantastica-terry-pratchett-ebook","title":{"rendered":"La luz fant\u00e1stica &#8211; Terry Pratchett  \/ebook"},"content":{"rendered":"<figure id=\"attachment_3904\" aria-describedby=\"caption-attachment-3904\" style=\"width: 150px\" class=\"wp-caption alignleft\"><img loading=\"lazy\" decoding=\"async\" class=\"wp-image-3904 size-thumbnail\" src=\"https:\/\/www.taller-palabras.com\/WordPress_04\/wp-content\/uploads\/2021\/07\/terry_pratchett-150x150.jpg\" alt=\"\" width=\"150\" height=\"150\" srcset=\"https:\/\/www.taller-palabras.com\/WordPress_04\/wp-content\/uploads\/2021\/07\/terry_pratchett-150x150.jpg 150w, https:\/\/www.taller-palabras.com\/WordPress_04\/wp-content\/uploads\/2021\/07\/terry_pratchett-100x100.jpg 100w\" sizes=\"auto, (max-width: 150px) 100vw, 150px\" \/><figcaption id=\"caption-attachment-3904\" class=\"wp-caption-text\">Autor Terry Pratchett<\/figcaption><\/figure>\n<p>La secuela de El Color de la Magia comienza con Rincewind y Dosflores de nuevo sobre el Mundodisco, que de repente parece estar metido en problemas muy, muy serios. Y cuando un mundo entero es quien se mete en problemas, sus habitantes van detr\u00e1s. Ha aparecido una temible estrella roja en el cielo que se hace m\u00e1s grande cada d\u00eda que pasa, y los astr\u00f3logos dicen que no es precisamente una buena se\u00f1al. Aunque claro, los astr\u00f3logos del Mundodisco tambi\u00e9n tienen un zod\u00edaco compuesto de cientos de signos y siguen descubriendo nuevos cada d\u00eda a medida que la tortuga que transporta el mundo se desplaza por el espacio&#8230;<br \/>\nPratchett contin\u00faa con la parodia desenfrenada que inici\u00f3 en la novela anterior, aunque esta vez va dirigida a multitud de cuentos infantiles e historias como Conan el B\u00e1rbaro. Los peligros para Rincewind y Dosflores (porque parece que el Equipaje, el ba\u00fal asesino del segundo, no se preocupa demasiado) incluyen magos, cazarecompensas, trolls, druidas expertos en hardware (no pregunt\u00e9is, leedlo), fan\u00e1ticos religiosos, conjuros con mala leche, dioses y, c\u00f3mo no, esa famosa estrella roja que no presagia nada bueno&#8230;<br \/>\nLa luz fant\u00e1stica es la \u00fanica novela en la serie que contin\u00faa su trama exactamente all\u00ed donde la dej\u00f3 otra novela, por lo que pierde algo de gracia si no has le\u00eddo antes El Color de la Magia. Sin embargo, las referencias a cuentos e historias de esta novela se captan con mucha m\u00e1s facilidad que all\u00ed sin necesidad de haber le\u00eddo nada de fantas\u00eda antes. Podr\u00eda valer como introducci\u00f3n al Mundodisco pero, ya que es una continuaci\u00f3n, yo casi que buscar\u00eda otro.<\/p>\n","protected":false},"excerpt":{"rendered":"<p>La secuela de El Color de la Magia comienza con Rincewind y Dosflores de nuevo sobre el Mundodisco, que de repente parece estar metido en problemas muy, muy serios. Y cuando un mundo entero es quien se mete en problemas, sus habitantes van detr\u00e1s. Ha aparecido una temible estrella roja en el cielo que se [&hellip;]<\/p>\n","protected":false},"featured_media":3907,"template":"","meta":[],"product_brand":[],"product_cat":[25],"product_tag":[136,498,55,499],"class_list":{"0":"post-3921","1":"product","2":"type-product","3":"status-publish","4":"has-post-thumbnail","6":"product_cat-libros-digitales-ebooks","7":"product_tag-decargar-ebook","8":"product_tag-la-luz-fantastica","9":"product_tag-novelas","10":"product_tag-terry-pratchett","12":"first","13":"instock","14":"shipping-taxable","15":"purchasable","16":"product-type-variable","17":"has-default-attributes"},"_links":{"self":[{"href":"https:\/\/www.taller-palabras.com\/WordPress_04\/wp-json\/wp\/v2\/product\/3921","targetHints":{"allow":["GET"]}}],"collection":[{"href":"https:\/\/www.taller-palabras.com\/WordPress_04\/wp-json\/wp\/v2\/product"}],"about":[{"href":"https:\/\/www.taller-palabras.com\/WordPress_04\/wp-json\/wp\/v2\/types\/product"}],"wp:featuredmedia":[{"embeddable":true,"href":"https:\/\/www.taller-palabras.com\/WordPress_04\/wp-json\/wp\/v2\/media\/3907"}],"wp:attachment":[{"href":"https:\/\/www.taller-palabras.com\/WordPress_04\/wp-json\/wp\/v2\/media?parent=3921"}],"wp:term":[{"taxonomy":"product_brand","embeddable":true,"href":"https:\/\/www.taller-palabras.com\/WordPress_04\/wp-json\/wp\/v2\/product_brand?post=3921"},{"taxonomy":"product_cat","embeddable":true,"href":"https:\/\/www.taller-palabras.com\/WordPress_04\/wp-json\/wp\/v2\/product_cat?post=3921"},{"taxonomy":"product_tag","embeddable":true,"href":"https:\/\/www.taller-palabras.com\/WordPress_04\/wp-json\/wp\/v2\/product_tag?post=3921"}],"curies":[{"name":"wp","href":"https:\/\/api.w.org\/{rel}","templated":true}]}}