{"id":3954,"date":"2021-07-18T16:46:36","date_gmt":"2021-07-18T19:46:36","guid":{"rendered":"https:\/\/www.taller-palabras.com\/WordPress_04\/?post_type=product&#038;p=3954"},"modified":"2024-03-21T11:31:27","modified_gmt":"2024-03-21T14:31:27","slug":"dona-barbara-romulo-gallegos-ebook","status":"publish","type":"product","link":"https:\/\/www.taller-palabras.com\/WordPress_04\/producto\/dona-barbara-romulo-gallegos-ebook","title":{"rendered":"Do\u00f1a B\u00e1rbara &#8211; R\u00f3mulo Gallegos \/ebook"},"content":{"rendered":"<figure id=\"attachment_3958\" aria-describedby=\"caption-attachment-3958\" style=\"width: 150px\" class=\"wp-caption alignleft\"><img loading=\"lazy\" decoding=\"async\" class=\"wp-image-3958 size-thumbnail\" src=\"https:\/\/www.taller-palabras.com\/WordPress_04\/wp-content\/uploads\/2021\/07\/Romulo_Gallegos-150x150.jpg\" alt=\"\" width=\"150\" height=\"150\" srcset=\"https:\/\/www.taller-palabras.com\/WordPress_04\/wp-content\/uploads\/2021\/07\/Romulo_Gallegos-150x150.jpg 150w, https:\/\/www.taller-palabras.com\/WordPress_04\/wp-content\/uploads\/2021\/07\/Romulo_Gallegos-100x100.jpg 100w\" sizes=\"auto, (max-width: 150px) 100vw, 150px\" \/><figcaption id=\"caption-attachment-3958\" class=\"wp-caption-text\">Autor R\u00f3mulo Gallegos<\/figcaption><\/figure>\n<p>Do\u00f1a B\u00e1rbara desarrolla un tema paradigm\u00e1tico en la literatura hispanoamericana: el conflicto entre civilizaci\u00f3n y barbarie. Para el autor, dicha barbarie puede ser superada mediante la educaci\u00f3n y el control del instinto. Al lado del colombiano Rivera, Gallegos explora esa intensa y compleja relaci\u00f3n del ser humano con el paisaje, mostrando de qu\u00e9 manera los seres pueden llegar a la degradaci\u00f3n, por la ambici\u00f3n, la avaricia y el ansia del poder. El escenario de este drama es el llano venezolano, que el autor pinta con una plasticidad magistral, tanto en sus descripciones como en la construcci\u00f3n de personajes. Esta novela refleja la cultura venezolana del vig\u00e9simo siglo temprano, de sus opiniones hacia americanos, y de la vida t\u00edpica en los llanos venezolanos. El lenguaje utilizado en este libro mantiene verdad a los t\u00e9rminos familiares usados en la regi\u00f3n del pa\u00eds en donde la historia ocurre.<\/p>\n","protected":false},"excerpt":{"rendered":"<p>Do\u00f1a B\u00e1rbara desarrolla un tema paradigm\u00e1tico en la literatura hispanoamericana: el conflicto entre civilizaci\u00f3n y barbarie. Para el autor, dicha barbarie puede ser superada mediante la educaci\u00f3n y el control del instinto. Al lado del colombiano Rivera, Gallegos explora esa intensa y compleja relaci\u00f3n del ser humano con el paisaje, mostrando de qu\u00e9 manera los [&hellip;]<\/p>\n","protected":false},"featured_media":3964,"template":"","meta":[],"product_brand":[],"product_cat":[25],"product_tag":[136,505,55,504],"class_list":{"0":"post-3954","1":"product","2":"type-product","3":"status-publish","4":"has-post-thumbnail","6":"product_cat-libros-digitales-ebooks","7":"product_tag-decargar-ebook","8":"product_tag-dona-barbara","9":"product_tag-novelas","10":"product_tag-romulo-gallegos","12":"first","13":"instock","14":"shipping-taxable","15":"purchasable","16":"product-type-variable","17":"has-default-attributes"},"_links":{"self":[{"href":"https:\/\/www.taller-palabras.com\/WordPress_04\/wp-json\/wp\/v2\/product\/3954","targetHints":{"allow":["GET"]}}],"collection":[{"href":"https:\/\/www.taller-palabras.com\/WordPress_04\/wp-json\/wp\/v2\/product"}],"about":[{"href":"https:\/\/www.taller-palabras.com\/WordPress_04\/wp-json\/wp\/v2\/types\/product"}],"wp:featuredmedia":[{"embeddable":true,"href":"https:\/\/www.taller-palabras.com\/WordPress_04\/wp-json\/wp\/v2\/media\/3964"}],"wp:attachment":[{"href":"https:\/\/www.taller-palabras.com\/WordPress_04\/wp-json\/wp\/v2\/media?parent=3954"}],"wp:term":[{"taxonomy":"product_brand","embeddable":true,"href":"https:\/\/www.taller-palabras.com\/WordPress_04\/wp-json\/wp\/v2\/product_brand?post=3954"},{"taxonomy":"product_cat","embeddable":true,"href":"https:\/\/www.taller-palabras.com\/WordPress_04\/wp-json\/wp\/v2\/product_cat?post=3954"},{"taxonomy":"product_tag","embeddable":true,"href":"https:\/\/www.taller-palabras.com\/WordPress_04\/wp-json\/wp\/v2\/product_tag?post=3954"}],"curies":[{"name":"wp","href":"https:\/\/api.w.org\/{rel}","templated":true}]}}