{"id":397,"date":"2021-02-16T10:59:55","date_gmt":"2021-02-16T13:59:55","guid":{"rendered":"https:\/\/www.taller-palabras.com\/WordPress_04\/?post_type=product&#038;p=397"},"modified":"2024-06-03T13:29:07","modified_gmt":"2024-06-03T16:29:07","slug":"los-pilares-de-la-tierra-ken-follet-ebook","status":"publish","type":"product","link":"https:\/\/www.taller-palabras.com\/WordPress_04\/producto\/los-pilares-de-la-tierra-ken-follet-ebook","title":{"rendered":"Los pilares de la tierra (1) &#8211; Ken Follet  \/ebook"},"content":{"rendered":"<figure id=\"attachment_404\" aria-describedby=\"caption-attachment-404\" style=\"width: 150px\" class=\"wp-caption alignleft\"><img loading=\"lazy\" decoding=\"async\" class=\"wp-image-404 size-thumbnail\" src=\"https:\/\/www.taller-palabras.com\/WordPress_04\/wp-content\/uploads\/2018\/11\/ken_follett-150x150.jpg\" alt=\"\" width=\"150\" height=\"150\" srcset=\"https:\/\/www.taller-palabras.com\/WordPress_04\/wp-content\/uploads\/2018\/11\/ken_follett-150x150.jpg 150w, https:\/\/www.taller-palabras.com\/WordPress_04\/wp-content\/uploads\/2018\/11\/ken_follett-324x324.jpg 324w, https:\/\/www.taller-palabras.com\/WordPress_04\/wp-content\/uploads\/2018\/11\/ken_follett-100x100.jpg 100w\" sizes=\"auto, (max-width: 150px) 100vw, 150px\" \/><figcaption id=\"caption-attachment-404\" class=\"wp-caption-text\">Autor Ken Follet<\/figcaption><\/figure>\n<p>El gran maestro de la narrativa de acci\u00f3n y suspense nos transporta a la Edad Media, a un fascinante mundo de reyes, damas, caballeros, pugnas feudales, castillos y ciudades amuralladas. El amor y la muerte se entrecruzan vibrantemente en este magistral tapiz cuyo centro es la construcci\u00f3n de una catedral g\u00f3tica. La historia se inicia con el ahorcamiento p\u00fablico de un inocente y finaliza con la humillaci\u00f3n de un rey. Los pilares de la Tierra es la obra maestra de Ken Follett y constituye una excepcional evocaci\u00f3n de una \u00e9poca de violentas pasiones.<\/p>\n<p>Una catedral g\u00f3tica y su construcci\u00f3n sirven de excusa en Los Pilares de la Tierra para la articulaci\u00f3n de una historia que transcurre en la Edad Media, \u00e9poca de caballeros y escuderos, un contexto casi m\u00e1gico donde se entrecruzan sentimientos que trascienden el tiempo. El odio, el amor, la venganza, el miedo y la lucha por una vida digna se dan cita envueltos por un marco hist\u00f3rico atrapante.<\/p>\n<p>Estos formatos digitales los puedes leer en cualquier \u00abLector digital\u00bb o en los celulares y\/o tablets con una aplicaci\u00f3n que puedes bajar\u00a0<a href=\"https:\/\/play.google.com\/store\/search?q=ebook&amp;c=apps&amp;hl=es\" target=\"_blank\" rel=\"noopener noreferrer\">AQU\u00cd<\/a>. O si lo quieres leer en tu PC y\/o Laptop puedes bajarte el programa que recomendamos Adobe Digital Edition\u00a0 <a href=\"https:\/\/www.adobe.com\/es\/solutions\/ebook\/digital-editions\/download.html\" target=\"_blank\" rel=\"noopener noreferrer\">AQU\u00cd <\/a>\u00a0.<br \/>\nTambi\u00e9n puedes bajar una Aplicaci\u00f3n de tu Store preferido \ud83d\ude09<\/p>\n","protected":false},"excerpt":{"rendered":"<p>El gran maestro de la narrativa de acci\u00f3n y suspense nos transporta a la Edad Media, a un fascinante mundo de reyes, damas, caballeros, pugnas feudales, castillos y ciudades amuralladas. El amor y la muerte se entrecruzan vibrantemente en este magistral tapiz cuyo centro es la construcci\u00f3n de una catedral g\u00f3tica. La historia se inicia [&hellip;]<\/p>\n","protected":false},"featured_media":400,"template":"","meta":[],"product_brand":[],"product_cat":[25,47],"product_tag":[136,158,157,55],"class_list":{"0":"post-397","1":"product","2":"type-product","3":"status-publish","4":"has-post-thumbnail","6":"product_cat-libros-digitales-ebooks","7":"product_cat-libros-digitales-sagas","8":"product_tag-decargar-ebook","9":"product_tag-ken-follet","10":"product_tag-los-pilares-de-la-tierra","11":"product_tag-novelas","13":"first","14":"instock","15":"shipping-taxable","16":"purchasable","17":"product-type-variable","18":"has-default-attributes"},"_links":{"self":[{"href":"https:\/\/www.taller-palabras.com\/WordPress_04\/wp-json\/wp\/v2\/product\/397","targetHints":{"allow":["GET"]}}],"collection":[{"href":"https:\/\/www.taller-palabras.com\/WordPress_04\/wp-json\/wp\/v2\/product"}],"about":[{"href":"https:\/\/www.taller-palabras.com\/WordPress_04\/wp-json\/wp\/v2\/types\/product"}],"wp:featuredmedia":[{"embeddable":true,"href":"https:\/\/www.taller-palabras.com\/WordPress_04\/wp-json\/wp\/v2\/media\/400"}],"wp:attachment":[{"href":"https:\/\/www.taller-palabras.com\/WordPress_04\/wp-json\/wp\/v2\/media?parent=397"}],"wp:term":[{"taxonomy":"product_brand","embeddable":true,"href":"https:\/\/www.taller-palabras.com\/WordPress_04\/wp-json\/wp\/v2\/product_brand?post=397"},{"taxonomy":"product_cat","embeddable":true,"href":"https:\/\/www.taller-palabras.com\/WordPress_04\/wp-json\/wp\/v2\/product_cat?post=397"},{"taxonomy":"product_tag","embeddable":true,"href":"https:\/\/www.taller-palabras.com\/WordPress_04\/wp-json\/wp\/v2\/product_tag?post=397"}],"curies":[{"name":"wp","href":"https:\/\/api.w.org\/{rel}","templated":true}]}}