{"id":3977,"date":"2021-07-18T17:01:13","date_gmt":"2021-07-18T20:01:13","guid":{"rendered":"https:\/\/www.taller-palabras.com\/WordPress_04\/?post_type=product&#038;p=3977"},"modified":"2024-03-23T12:00:32","modified_gmt":"2024-03-23T15:00:32","slug":"por-quien-doblan-las-campanas-ernest-hemingway-ebook","status":"publish","type":"product","link":"https:\/\/www.taller-palabras.com\/WordPress_04\/producto\/por-quien-doblan-las-campanas-ernest-hemingway-ebook","title":{"rendered":"Por qui\u00e9n doblan las campanas &#8211; Ernest Hemingway\/ ebook"},"content":{"rendered":"<figure id=\"attachment_3959\" aria-describedby=\"caption-attachment-3959\" style=\"width: 150px\" class=\"wp-caption alignleft\"><img loading=\"lazy\" decoding=\"async\" class=\"wp-image-3959 size-thumbnail\" src=\"https:\/\/www.taller-palabras.com\/WordPress_04\/wp-content\/uploads\/2021\/07\/Ernest_Hemingway-150x150.jpg\" alt=\"\" width=\"150\" height=\"150\" srcset=\"https:\/\/www.taller-palabras.com\/WordPress_04\/wp-content\/uploads\/2021\/07\/Ernest_Hemingway-150x150.jpg 150w, https:\/\/www.taller-palabras.com\/WordPress_04\/wp-content\/uploads\/2021\/07\/Ernest_Hemingway-300x300.jpg 300w, https:\/\/www.taller-palabras.com\/WordPress_04\/wp-content\/uploads\/2021\/07\/Ernest_Hemingway-324x324.jpg 324w, https:\/\/www.taller-palabras.com\/WordPress_04\/wp-content\/uploads\/2021\/07\/Ernest_Hemingway-100x100.jpg 100w, https:\/\/www.taller-palabras.com\/WordPress_04\/wp-content\/uploads\/2021\/07\/Ernest_Hemingway.jpg 329w\" sizes=\"auto, (max-width: 150px) 100vw, 150px\" \/><figcaption id=\"caption-attachment-3959\" class=\"wp-caption-text\">Autor Ernest Hemingway<\/figcaption><\/figure>\n<p>En los tupidos bosques de pinos de una regi\u00f3n monta\u00f1osa espa\u00f1ola un grupo de milicianos se dispone a volar un puente esencial para la ofensiva republicana. La acci\u00f3n cortar\u00e1 las comunicaciones por carretera y evitar\u00e1 el contraataque de los sublevados. Robert Jordan, un joven voluntario de las Brigadas Internacionales, es el dinamitero experto que ha venido a Espa\u00f1a para volar dicho puente. All\u00ed, en las monta\u00f1as, descubrir\u00e1 los peligros y la intensa camarader\u00eda de la guerra. Y descubrir\u00e1 tambi\u00e9n a Mar\u00eda, una joven rescatada por los milicianos de manos de las fuerzas sublevadas de Franco. Mientras atraviesan las monta\u00f1as, Robert Jordan ir\u00e1 conociendo lo sucedido durante los primeros momentos de la sublevaci\u00f3n hasta el momento en que se precipite la tragedia colectiva en que est\u00e1n inmersos.<\/p>\n","protected":false},"excerpt":{"rendered":"<p>En los tupidos bosques de pinos de una regi\u00f3n monta\u00f1osa espa\u00f1ola un grupo de milicianos se dispone a volar un puente esencial para la ofensiva republicana. La acci\u00f3n cortar\u00e1 las comunicaciones por carretera y evitar\u00e1 el contraataque de los sublevados. Robert Jordan, un joven voluntario de las Brigadas Internacionales, es el dinamitero experto que ha [&hellip;]<\/p>\n","protected":false},"featured_media":3963,"template":"","meta":[],"product_brand":[],"product_cat":[25],"product_tag":[136,508,55,509],"class_list":{"0":"post-3977","1":"product","2":"type-product","3":"status-publish","4":"has-post-thumbnail","6":"product_cat-libros-digitales-ebooks","7":"product_tag-decargar-ebook","8":"product_tag-ernest-hemingway","9":"product_tag-novelas","10":"product_tag-por-quien-doblan-las-campanas","12":"first","13":"instock","14":"shipping-taxable","15":"purchasable","16":"product-type-variable","17":"has-default-attributes"},"_links":{"self":[{"href":"https:\/\/www.taller-palabras.com\/WordPress_04\/wp-json\/wp\/v2\/product\/3977","targetHints":{"allow":["GET"]}}],"collection":[{"href":"https:\/\/www.taller-palabras.com\/WordPress_04\/wp-json\/wp\/v2\/product"}],"about":[{"href":"https:\/\/www.taller-palabras.com\/WordPress_04\/wp-json\/wp\/v2\/types\/product"}],"wp:featuredmedia":[{"embeddable":true,"href":"https:\/\/www.taller-palabras.com\/WordPress_04\/wp-json\/wp\/v2\/media\/3963"}],"wp:attachment":[{"href":"https:\/\/www.taller-palabras.com\/WordPress_04\/wp-json\/wp\/v2\/media?parent=3977"}],"wp:term":[{"taxonomy":"product_brand","embeddable":true,"href":"https:\/\/www.taller-palabras.com\/WordPress_04\/wp-json\/wp\/v2\/product_brand?post=3977"},{"taxonomy":"product_cat","embeddable":true,"href":"https:\/\/www.taller-palabras.com\/WordPress_04\/wp-json\/wp\/v2\/product_cat?post=3977"},{"taxonomy":"product_tag","embeddable":true,"href":"https:\/\/www.taller-palabras.com\/WordPress_04\/wp-json\/wp\/v2\/product_tag?post=3977"}],"curies":[{"name":"wp","href":"https:\/\/api.w.org\/{rel}","templated":true}]}}