{"id":3992,"date":"2021-07-22T13:32:24","date_gmt":"2021-07-22T16:32:24","guid":{"rendered":"https:\/\/www.taller-palabras.com\/WordPress_04\/?post_type=product&#038;p=3992"},"modified":"2026-03-31T13:02:29","modified_gmt":"2026-03-31T16:02:29","slug":"bestiario-juan-jose-arreola-ebook","status":"publish","type":"product","link":"https:\/\/www.taller-palabras.com\/WordPress_04\/producto\/bestiario-juan-jose-arreola-ebook","title":{"rendered":"Bestiario &#8211; Juan Jos\u00e9 Arreola \/ ebook"},"content":{"rendered":"<figure id=\"attachment_4000\" aria-describedby=\"caption-attachment-4000\" style=\"width: 150px\" class=\"wp-caption alignleft\"><img loading=\"lazy\" decoding=\"async\" class=\"wp-image-4000 size-thumbnail\" src=\"https:\/\/www.taller-palabras.com\/WordPress_04\/wp-content\/uploads\/2021\/07\/JuanJoseArreola-150x150.jpg\" alt=\"\" width=\"150\" height=\"150\" srcset=\"https:\/\/www.taller-palabras.com\/WordPress_04\/wp-content\/uploads\/2021\/07\/JuanJoseArreola-150x150.jpg 150w, https:\/\/www.taller-palabras.com\/WordPress_04\/wp-content\/uploads\/2021\/07\/JuanJoseArreola-100x100.jpg 100w\" sizes=\"auto, (max-width: 150px) 100vw, 150px\" \/><figcaption id=\"caption-attachment-4000\" class=\"wp-caption-text\">Autor Juan Jos\u00e9 Arreola<\/figcaption><\/figure>\n<p>Tomando como punto de partida los bestiarios medievales en los que con esp\u00edritu cient\u00edfico se catalogaba y describ\u00eda la fauna existente (y la legendaria), Arreola nos expone en &#8216;Bestiario&#8217; su particular colecci\u00f3n de animales que, a trav\u00e9s de su visi\u00f3n po\u00e9tica e ir\u00f3nica, tambi\u00e9n (y sobre todo) le sirve para examinar al ser humano. Para la concepci\u00f3n de este libro, entendido como un todo conceptual, Arreola combin\u00f3 textos suyos ya publicados y los distribuy\u00f3 en cuatro partes (\u00abBestiario\u00bb, \u00abCantos de mal dolor\u00bb, \u00abProsodia\u00bb y \u00abAproximaciones\u00bb) con el fin de que aparecieran por primera vez con esta distribuci\u00f3n en 1972. &#8216;Bestiario&#8217; es una pieza de orfebrer\u00eda de un escritor imposible de encasillar por su originalidad y su diversidad, en la que la concisi\u00f3n de los textos no hace sino aumentar la sorpresa del lector al descubrir un f\u00e9rtil universo de ideas, im\u00e1genes y temas, expresado mediante un lenguaje aparentemente sencillo, pero rico en matices sint\u00e1cticos y sonoros.<\/p>\n","protected":false},"excerpt":{"rendered":"<p>Tomando como punto de partida los bestiarios medievales en los que con esp\u00edritu cient\u00edfico se catalogaba y describ\u00eda la fauna existente (y la legendaria), Arreola nos expone en &#8216;Bestiario&#8217; su particular colecci\u00f3n de animales que, a trav\u00e9s de su visi\u00f3n po\u00e9tica e ir\u00f3nica, tambi\u00e9n (y sobre todo) le sirve para examinar al ser humano. Para [&hellip;]<\/p>\n","protected":false},"featured_media":3997,"template":"","meta":[],"product_brand":[1706],"product_cat":[25],"product_tag":[374,136,510,55],"class_list":{"0":"post-3992","1":"product","2":"type-product","3":"status-publish","4":"has-post-thumbnail","6":"product_brand-grupo1","7":"product_cat-libros-digitales-ebooks","8":"product_tag-bestiario","9":"product_tag-decargar-ebook","10":"product_tag-juan-jose-arreola","11":"product_tag-novelas","13":"first","14":"instock","15":"shipping-taxable","16":"purchasable","17":"product-type-variable","18":"has-default-attributes"},"_links":{"self":[{"href":"https:\/\/www.taller-palabras.com\/WordPress_04\/wp-json\/wp\/v2\/product\/3992","targetHints":{"allow":["GET"]}}],"collection":[{"href":"https:\/\/www.taller-palabras.com\/WordPress_04\/wp-json\/wp\/v2\/product"}],"about":[{"href":"https:\/\/www.taller-palabras.com\/WordPress_04\/wp-json\/wp\/v2\/types\/product"}],"wp:featuredmedia":[{"embeddable":true,"href":"https:\/\/www.taller-palabras.com\/WordPress_04\/wp-json\/wp\/v2\/media\/3997"}],"wp:attachment":[{"href":"https:\/\/www.taller-palabras.com\/WordPress_04\/wp-json\/wp\/v2\/media?parent=3992"}],"wp:term":[{"taxonomy":"product_brand","embeddable":true,"href":"https:\/\/www.taller-palabras.com\/WordPress_04\/wp-json\/wp\/v2\/product_brand?post=3992"},{"taxonomy":"product_cat","embeddable":true,"href":"https:\/\/www.taller-palabras.com\/WordPress_04\/wp-json\/wp\/v2\/product_cat?post=3992"},{"taxonomy":"product_tag","embeddable":true,"href":"https:\/\/www.taller-palabras.com\/WordPress_04\/wp-json\/wp\/v2\/product_tag?post=3992"}],"curies":[{"name":"wp","href":"https:\/\/api.w.org\/{rel}","templated":true}]}}