{"id":4019,"date":"2021-07-22T14:10:43","date_gmt":"2021-07-22T17:10:43","guid":{"rendered":"https:\/\/www.taller-palabras.com\/WordPress_04\/?post_type=product&#038;p=4019"},"modified":"2026-03-31T12:16:10","modified_gmt":"2026-03-31T15:16:10","slug":"manual-de-zoologia-fantastica-jorge-luis-borges-ebook","status":"publish","type":"product","link":"https:\/\/www.taller-palabras.com\/WordPress_04\/producto\/manual-de-zoologia-fantastica-jorge-luis-borges-ebook","title":{"rendered":"Manual de zoolog\u00eda fant\u00e1stica &#8211; Jorge Luis Borges\/ ebook"},"content":{"rendered":"<figure id=\"attachment_2902\" aria-describedby=\"caption-attachment-2902\" style=\"width: 150px\" class=\"wp-caption alignleft\"><img loading=\"lazy\" decoding=\"async\" class=\"wp-image-2902 size-thumbnail\" src=\"https:\/\/www.taller-palabras.com\/WordPress_04\/wp-content\/uploads\/2020\/12\/JorgeLuisBorges-150x150.jpg\" alt=\"\" width=\"150\" height=\"150\" srcset=\"https:\/\/www.taller-palabras.com\/WordPress_04\/wp-content\/uploads\/2020\/12\/JorgeLuisBorges-150x150.jpg 150w, https:\/\/www.taller-palabras.com\/WordPress_04\/wp-content\/uploads\/2020\/12\/JorgeLuisBorges-100x100.jpg 100w\" sizes=\"auto, (max-width: 150px) 100vw, 150px\" \/><figcaption id=\"caption-attachment-2902\" class=\"wp-caption-text\">Autor Jorge Luis Borges<\/figcaption><\/figure>\n<p>En el Manual de zoolog\u00eda fant\u00e1stica, Borges recurre a testimonios donde se contienen descripciones m\u00e1gicas que encarnan en figuras a veces m\u00edticas, casi verdaderas en ocasiones, con el af\u00e1n de integrar un museo excepcional en cuyo recinto lo fant\u00e1stico adquiere autenticidad a trav\u00e9s de experiencias literarias, filos\u00f3ficas y aun teol\u00f3gicas. Los textos b\u00edblicos, chinos e hind\u00faes, las representaciones de algunos m\u00edsticos, los escritores medievales o del Renacimiento, y los sue\u00f1os de poetas y novelistas modernos contribuyen a formar esta serie de animales irreales elegidos y vueltos realidad por su incisiva pluma.<\/p>\n","protected":false},"excerpt":{"rendered":"<p>En el Manual de zoolog\u00eda fant\u00e1stica, Borges recurre a testimonios donde se contienen descripciones m\u00e1gicas que encarnan en figuras a veces m\u00edticas, casi verdaderas en ocasiones, con el af\u00e1n de integrar un museo excepcional en cuyo recinto lo fant\u00e1stico adquiere autenticidad a trav\u00e9s de experiencias literarias, filos\u00f3ficas y aun teol\u00f3gicas. Los textos b\u00edblicos, chinos e [&hellip;]<\/p>\n","protected":false},"featured_media":3999,"template":"","meta":[],"product_brand":[1706],"product_cat":[25],"product_tag":[136,346,513,55],"class_list":{"0":"post-4019","1":"product","2":"type-product","3":"status-publish","4":"has-post-thumbnail","6":"product_brand-grupo1","7":"product_cat-libros-digitales-ebooks","8":"product_tag-decargar-ebook","9":"product_tag-jorge-luis-borges","10":"product_tag-manual-de-zoologia-fantastica","11":"product_tag-novelas","13":"first","14":"instock","15":"shipping-taxable","16":"purchasable","17":"product-type-variable","18":"has-default-attributes"},"_links":{"self":[{"href":"https:\/\/www.taller-palabras.com\/WordPress_04\/wp-json\/wp\/v2\/product\/4019","targetHints":{"allow":["GET"]}}],"collection":[{"href":"https:\/\/www.taller-palabras.com\/WordPress_04\/wp-json\/wp\/v2\/product"}],"about":[{"href":"https:\/\/www.taller-palabras.com\/WordPress_04\/wp-json\/wp\/v2\/types\/product"}],"wp:featuredmedia":[{"embeddable":true,"href":"https:\/\/www.taller-palabras.com\/WordPress_04\/wp-json\/wp\/v2\/media\/3999"}],"wp:attachment":[{"href":"https:\/\/www.taller-palabras.com\/WordPress_04\/wp-json\/wp\/v2\/media?parent=4019"}],"wp:term":[{"taxonomy":"product_brand","embeddable":true,"href":"https:\/\/www.taller-palabras.com\/WordPress_04\/wp-json\/wp\/v2\/product_brand?post=4019"},{"taxonomy":"product_cat","embeddable":true,"href":"https:\/\/www.taller-palabras.com\/WordPress_04\/wp-json\/wp\/v2\/product_cat?post=4019"},{"taxonomy":"product_tag","embeddable":true,"href":"https:\/\/www.taller-palabras.com\/WordPress_04\/wp-json\/wp\/v2\/product_tag?post=4019"}],"curies":[{"name":"wp","href":"https:\/\/api.w.org\/{rel}","templated":true}]}}