{"id":4023,"date":"2021-07-26T12:11:27","date_gmt":"2021-07-26T15:11:27","guid":{"rendered":"https:\/\/www.taller-palabras.com\/WordPress_04\/?post_type=product&#038;p=4023"},"modified":"2024-03-30T14:01:43","modified_gmt":"2024-03-30T17:01:43","slug":"los-viajes-de-gulliver-jonathan-swift-ebook","status":"publish","type":"product","link":"https:\/\/www.taller-palabras.com\/WordPress_04\/producto\/los-viajes-de-gulliver-jonathan-swift-ebook","title":{"rendered":"Los viajes de Gulliver &#8211; Jonathan Swift\/ ebook"},"content":{"rendered":"<figure id=\"attachment_4027\" aria-describedby=\"caption-attachment-4027\" style=\"width: 150px\" class=\"wp-caption alignleft\"><img loading=\"lazy\" decoding=\"async\" class=\"wp-image-4027 size-thumbnail\" src=\"https:\/\/www.taller-palabras.com\/WordPress_04\/wp-content\/uploads\/2021\/07\/Jonathan_Sfift-150x150.jpg\" alt=\"\" width=\"150\" height=\"150\" srcset=\"https:\/\/www.taller-palabras.com\/WordPress_04\/wp-content\/uploads\/2021\/07\/Jonathan_Sfift-150x150.jpg 150w, https:\/\/www.taller-palabras.com\/WordPress_04\/wp-content\/uploads\/2021\/07\/Jonathan_Sfift-100x100.jpg 100w\" sizes=\"auto, (max-width: 150px) 100vw, 150px\" \/><figcaption id=\"caption-attachment-4027\" class=\"wp-caption-text\">Autor Jonathan Swift<\/figcaption><\/figure>\n<p>Las luengas peregrinaciones hacen a los hombres discretos, dijo Cervantes, y lo comprob\u00f3 el capit\u00e1n Lemuel Gulliver tras visitar a los enanos de Liliput, a los gigantes de Brobdingnag, a los disparatados cient\u00edficos que viven en las nubes de Laputa, y a los mesurados caballos del Pa\u00eds de los houyhnhnms. Gulliver advierte que el mismo ser, magn\u00edfico al lado de otro m\u00e1s peque\u00f1o, es rid\u00edculo al lado de otro m\u00e1s grande; que el hombre, tan orgulloso de su superioridad moral, puede resultar despreciable comparado con seres realmente virtuosos. La dura realidad de la conducta humana impide leer esta s\u00e1tira genial sin estremecerse.<\/p>\n","protected":false},"excerpt":{"rendered":"<p>Las luengas peregrinaciones hacen a los hombres discretos, dijo Cervantes, y lo comprob\u00f3 el capit\u00e1n Lemuel Gulliver tras visitar a los enanos de Liliput, a los gigantes de Brobdingnag, a los disparatados cient\u00edficos que viven en las nubes de Laputa, y a los mesurados caballos del Pa\u00eds de los houyhnhnms. Gulliver advierte que el mismo [&hellip;]<\/p>\n","protected":false},"featured_media":4029,"template":"","meta":[],"product_brand":[],"product_cat":[25],"product_tag":[136,514,515,55],"class_list":{"0":"post-4023","1":"product","2":"type-product","3":"status-publish","4":"has-post-thumbnail","6":"product_cat-libros-digitales-ebooks","7":"product_tag-decargar-ebook","8":"product_tag-jonathan-swift","9":"product_tag-los-viajes-de-gulliver","10":"product_tag-novelas","12":"first","13":"instock","14":"shipping-taxable","15":"purchasable","16":"product-type-variable","17":"has-default-attributes"},"_links":{"self":[{"href":"https:\/\/www.taller-palabras.com\/WordPress_04\/wp-json\/wp\/v2\/product\/4023","targetHints":{"allow":["GET"]}}],"collection":[{"href":"https:\/\/www.taller-palabras.com\/WordPress_04\/wp-json\/wp\/v2\/product"}],"about":[{"href":"https:\/\/www.taller-palabras.com\/WordPress_04\/wp-json\/wp\/v2\/types\/product"}],"wp:featuredmedia":[{"embeddable":true,"href":"https:\/\/www.taller-palabras.com\/WordPress_04\/wp-json\/wp\/v2\/media\/4029"}],"wp:attachment":[{"href":"https:\/\/www.taller-palabras.com\/WordPress_04\/wp-json\/wp\/v2\/media?parent=4023"}],"wp:term":[{"taxonomy":"product_brand","embeddable":true,"href":"https:\/\/www.taller-palabras.com\/WordPress_04\/wp-json\/wp\/v2\/product_brand?post=4023"},{"taxonomy":"product_cat","embeddable":true,"href":"https:\/\/www.taller-palabras.com\/WordPress_04\/wp-json\/wp\/v2\/product_cat?post=4023"},{"taxonomy":"product_tag","embeddable":true,"href":"https:\/\/www.taller-palabras.com\/WordPress_04\/wp-json\/wp\/v2\/product_tag?post=4023"}],"curies":[{"name":"wp","href":"https:\/\/api.w.org\/{rel}","templated":true}]}}