{"id":4041,"date":"2021-07-26T12:24:22","date_gmt":"2021-07-26T15:24:22","guid":{"rendered":"https:\/\/www.taller-palabras.com\/WordPress_04\/?post_type=product&#038;p=4041"},"modified":"2024-03-30T14:18:49","modified_gmt":"2024-03-30T17:18:49","slug":"peter-pan-james-matthew-barrie-ebook","status":"publish","type":"product","link":"https:\/\/www.taller-palabras.com\/WordPress_04\/producto\/peter-pan-james-matthew-barrie-ebook","title":{"rendered":"Peter Pan &#8211; James Matthew Barrie\/ ebook"},"content":{"rendered":"<figure id=\"attachment_4028\" aria-describedby=\"caption-attachment-4028\" style=\"width: 150px\" class=\"wp-caption alignleft\"><img loading=\"lazy\" decoding=\"async\" class=\"wp-image-4028 size-thumbnail\" src=\"https:\/\/www.taller-palabras.com\/WordPress_04\/wp-content\/uploads\/2021\/07\/James_Barie-150x150.jpg\" alt=\"\" width=\"150\" height=\"150\" srcset=\"https:\/\/www.taller-palabras.com\/WordPress_04\/wp-content\/uploads\/2021\/07\/James_Barie-150x150.jpg 150w, https:\/\/www.taller-palabras.com\/WordPress_04\/wp-content\/uploads\/2021\/07\/James_Barie-100x100.jpg 100w, https:\/\/www.taller-palabras.com\/WordPress_04\/wp-content\/uploads\/2021\/07\/James_Barie.jpg 283w\" sizes=\"auto, (max-width: 150px) 100vw, 150px\" \/><figcaption id=\"caption-attachment-4028\" class=\"wp-caption-text\">Autor james M. Barrie<\/figcaption><\/figure>\n<p>Un cl\u00e1sico de todos los tiempos: la historia del ni\u00f1o que no quiere crecer ni hacerse mayor, pero busca en Wendy la madre que no tiene; con ella y con otros ni\u00f1os que viven en el hueco de los \u00e1rboles del pa\u00eds de Nunca Jam\u00e1s, viven multitud de aventuras, entre otras la batalla contra el capit\u00e1n Garfio y su banda de piratas.<\/p>\n","protected":false},"excerpt":{"rendered":"<p>Un cl\u00e1sico de todos los tiempos: la historia del ni\u00f1o que no quiere crecer ni hacerse mayor, pero busca en Wendy la madre que no tiene; con ella y con otros ni\u00f1os que viven en el hueco de los \u00e1rboles del pa\u00eds de Nunca Jam\u00e1s, viven multitud de aventuras, entre otras la batalla contra el [&hellip;]<\/p>\n","protected":false},"featured_media":4031,"template":"","meta":[],"product_brand":[],"product_cat":[25],"product_tag":[136,516,55,517],"class_list":{"0":"post-4041","1":"product","2":"type-product","3":"status-publish","4":"has-post-thumbnail","6":"product_cat-libros-digitales-ebooks","7":"product_tag-decargar-ebook","8":"product_tag-james-matthew-barrie","9":"product_tag-novelas","10":"product_tag-peter-pan","12":"first","13":"instock","14":"shipping-taxable","15":"purchasable","16":"product-type-variable","17":"has-default-attributes"},"_links":{"self":[{"href":"https:\/\/www.taller-palabras.com\/WordPress_04\/wp-json\/wp\/v2\/product\/4041","targetHints":{"allow":["GET"]}}],"collection":[{"href":"https:\/\/www.taller-palabras.com\/WordPress_04\/wp-json\/wp\/v2\/product"}],"about":[{"href":"https:\/\/www.taller-palabras.com\/WordPress_04\/wp-json\/wp\/v2\/types\/product"}],"wp:featuredmedia":[{"embeddable":true,"href":"https:\/\/www.taller-palabras.com\/WordPress_04\/wp-json\/wp\/v2\/media\/4031"}],"wp:attachment":[{"href":"https:\/\/www.taller-palabras.com\/WordPress_04\/wp-json\/wp\/v2\/media?parent=4041"}],"wp:term":[{"taxonomy":"product_brand","embeddable":true,"href":"https:\/\/www.taller-palabras.com\/WordPress_04\/wp-json\/wp\/v2\/product_brand?post=4041"},{"taxonomy":"product_cat","embeddable":true,"href":"https:\/\/www.taller-palabras.com\/WordPress_04\/wp-json\/wp\/v2\/product_cat?post=4041"},{"taxonomy":"product_tag","embeddable":true,"href":"https:\/\/www.taller-palabras.com\/WordPress_04\/wp-json\/wp\/v2\/product_tag?post=4041"}],"curies":[{"name":"wp","href":"https:\/\/api.w.org\/{rel}","templated":true}]}}