{"id":4045,"date":"2021-07-26T12:28:49","date_gmt":"2021-07-26T15:28:49","guid":{"rendered":"https:\/\/www.taller-palabras.com\/WordPress_04\/?post_type=product&#038;p=4045"},"modified":"2026-03-31T12:18:29","modified_gmt":"2026-03-31T15:18:29","slug":"pedro-paramo-juan-rulfo-ebook","status":"publish","type":"product","link":"https:\/\/www.taller-palabras.com\/WordPress_04\/producto\/pedro-paramo-juan-rulfo-ebook","title":{"rendered":"Pedro P\u00e1ramo &#8211; Juan Rulfo\/ ebook"},"content":{"rendered":"<figure id=\"attachment_4013\" aria-describedby=\"caption-attachment-4013\" style=\"width: 150px\" class=\"wp-caption alignleft\"><img loading=\"lazy\" decoding=\"async\" class=\"wp-image-4013 size-thumbnail\" src=\"https:\/\/www.taller-palabras.com\/WordPress_04\/wp-content\/uploads\/2021\/07\/JuanRulfo-150x150.jpg\" alt=\"\" width=\"150\" height=\"150\" srcset=\"https:\/\/www.taller-palabras.com\/WordPress_04\/wp-content\/uploads\/2021\/07\/JuanRulfo-150x150.jpg 150w, https:\/\/www.taller-palabras.com\/WordPress_04\/wp-content\/uploads\/2021\/07\/JuanRulfo-300x300.jpg 300w, https:\/\/www.taller-palabras.com\/WordPress_04\/wp-content\/uploads\/2021\/07\/JuanRulfo-768x768.jpg 768w, https:\/\/www.taller-palabras.com\/WordPress_04\/wp-content\/uploads\/2021\/07\/JuanRulfo-324x324.jpg 324w, https:\/\/www.taller-palabras.com\/WordPress_04\/wp-content\/uploads\/2021\/07\/JuanRulfo-416x416.jpg 416w, https:\/\/www.taller-palabras.com\/WordPress_04\/wp-content\/uploads\/2021\/07\/JuanRulfo-100x100.jpg 100w, https:\/\/www.taller-palabras.com\/WordPress_04\/wp-content\/uploads\/2021\/07\/JuanRulfo.jpg 960w\" sizes=\"auto, (max-width: 150px) 100vw, 150px\" \/><figcaption id=\"caption-attachment-4013\" class=\"wp-caption-text\">Autor Juan Rulfo<\/figcaption><\/figure>\n<p>Pedro P\u00e1ramo se public\u00f3 en 1955, dos a\u00f1os despu\u00e9s de los relatos de El llano en llamas. En el arranque de la novela, Juan Preciado promete a su madre en el lecho de muerte ir en busca de su padre, Pedro P\u00e1ramo, un peque\u00f1o cacique pueblerino a quien no conoce. \u00abEl olvido en que nos tuvo c\u00f3braselo caro\u00bb le dice ella, y Juan parte hacia Comala, un pueblo m\u00edtico que es el verdadero protagonista de estas p\u00e1ginas. All\u00ed, envuelto en una tierra vieja que est\u00e1 sobre las brasas de la tierra, \u00aben la mera boca del infierno\u00bb, se encontrar\u00e1 con las voces de la memoria de personajes de ensue\u00f1o, que ir\u00e1n tejiendo una historia de deseos y pasado, de muertos y visiones irreales, que abarca desde mediados del XIX a las revueltas cristeras de comienzos del XX. Anclada en terreno firme, la novela se dispara en m\u00faltiples direcciones rompiendo el tiempo, confundiendo realidad y alucinaci\u00f3n, fundiendo violencia y lirismo con sus conversaciones entrecortadas. Entre espectros, la desolaci\u00f3n de Comala hace realidad ese \u00abvalle de l\u00e1grimas\u00bb que compone la geograf\u00eda universal del dolor, llena de ecos, violencia y aire envenenado.<\/p>\n","protected":false},"excerpt":{"rendered":"<p>Pedro P\u00e1ramo se public\u00f3 en 1955, dos a\u00f1os despu\u00e9s de los relatos de El llano en llamas. En el arranque de la novela, Juan Preciado promete a su madre en el lecho de muerte ir en busca de su padre, Pedro P\u00e1ramo, un peque\u00f1o cacique pueblerino a quien no conoce. \u00abEl olvido en que nos [&hellip;]<\/p>\n","protected":false},"featured_media":4030,"template":"","meta":[],"product_brand":[1706],"product_cat":[25],"product_tag":[136,511,55,518],"class_list":{"0":"post-4045","1":"product","2":"type-product","3":"status-publish","4":"has-post-thumbnail","6":"product_brand-grupo1","7":"product_cat-libros-digitales-ebooks","8":"product_tag-decargar-ebook","9":"product_tag-juan-rulfo","10":"product_tag-novelas","11":"product_tag-pedro-paramo","13":"first","14":"instock","15":"shipping-taxable","16":"purchasable","17":"product-type-variable","18":"has-default-attributes"},"_links":{"self":[{"href":"https:\/\/www.taller-palabras.com\/WordPress_04\/wp-json\/wp\/v2\/product\/4045","targetHints":{"allow":["GET"]}}],"collection":[{"href":"https:\/\/www.taller-palabras.com\/WordPress_04\/wp-json\/wp\/v2\/product"}],"about":[{"href":"https:\/\/www.taller-palabras.com\/WordPress_04\/wp-json\/wp\/v2\/types\/product"}],"wp:featuredmedia":[{"embeddable":true,"href":"https:\/\/www.taller-palabras.com\/WordPress_04\/wp-json\/wp\/v2\/media\/4030"}],"wp:attachment":[{"href":"https:\/\/www.taller-palabras.com\/WordPress_04\/wp-json\/wp\/v2\/media?parent=4045"}],"wp:term":[{"taxonomy":"product_brand","embeddable":true,"href":"https:\/\/www.taller-palabras.com\/WordPress_04\/wp-json\/wp\/v2\/product_brand?post=4045"},{"taxonomy":"product_cat","embeddable":true,"href":"https:\/\/www.taller-palabras.com\/WordPress_04\/wp-json\/wp\/v2\/product_cat?post=4045"},{"taxonomy":"product_tag","embeddable":true,"href":"https:\/\/www.taller-palabras.com\/WordPress_04\/wp-json\/wp\/v2\/product_tag?post=4045"}],"curies":[{"name":"wp","href":"https:\/\/api.w.org\/{rel}","templated":true}]}}