{"id":4068,"date":"2021-08-01T12:08:39","date_gmt":"2021-08-01T15:08:39","guid":{"rendered":"https:\/\/www.taller-palabras.com\/WordPress_04\/?post_type=product&#038;p=4068"},"modified":"2024-01-15T11:13:55","modified_gmt":"2024-01-15T14:13:55","slug":"el-jugador-fiodor-dostoyevski-ebook-copia","status":"publish","type":"product","link":"https:\/\/www.taller-palabras.com\/WordPress_04\/producto\/el-jugador-fiodor-dostoyevski-ebook-copia","title":{"rendered":"El jugador &#8211; Fiodor Dostoyevski\/ ebook"},"content":{"rendered":"<figure id=\"attachment_2696\" aria-describedby=\"caption-attachment-2696\" style=\"width: 150px\" class=\"wp-caption alignleft\"><img loading=\"lazy\" decoding=\"async\" class=\"wp-image-2696 size-thumbnail\" src=\"https:\/\/www.taller-palabras.com\/WordPress_04\/wp-content\/uploads\/2020\/11\/FiodorDostoyevski-150x150.jpg\" alt=\"\" width=\"150\" height=\"150\" srcset=\"https:\/\/www.taller-palabras.com\/WordPress_04\/wp-content\/uploads\/2020\/11\/FiodorDostoyevski-150x150.jpg 150w, https:\/\/www.taller-palabras.com\/WordPress_04\/wp-content\/uploads\/2020\/11\/FiodorDostoyevski-100x100.jpg 100w\" sizes=\"auto, (max-width: 150px) 100vw, 150px\" \/><figcaption id=\"caption-attachment-2696\" class=\"wp-caption-text\">Autor Fiodor M. Dostoievski<\/figcaption><\/figure>\n<p>Novela de indudable trasfondo autobiogr\u00e1fico, EL JUGADOR (1866) refleja los dos grandes impulsos el juego y la pasi\u00f3n amorosa que dominaron la vida de Fi\u00f3dor Dostoyevski (1821-1881). En medio de una galer\u00eda de personajes desarraigados y trashumantes que deambulan por la ciudad-balneario de Wiesbaden (el \u00abRoulettenburg\u00bb de la ficci\u00f3n), la pat\u00e9tica figura de Aleksei Ivanovich personifica el goce y la angustia del tipo humano que acaba por canalizar toda su capacidad de protesta en la pasi\u00f3n por el juego como v\u00eda de acceso, mediante el dolor y el envilecimiento, a una libertad vorazmente deseada.<\/p>\n","protected":false},"excerpt":{"rendered":"<p>Novela de indudable trasfondo autobiogr\u00e1fico, EL JUGADOR (1866) refleja los dos grandes impulsos el juego y la pasi\u00f3n amorosa que dominaron la vida de Fi\u00f3dor Dostoyevski (1821-1881). En medio de una galer\u00eda de personajes desarraigados y trashumantes que deambulan por la ciudad-balneario de Wiesbaden (el \u00abRoulettenburg\u00bb de la ficci\u00f3n), la pat\u00e9tica figura de Aleksei Ivanovich [&hellip;]<\/p>\n","protected":false},"featured_media":4072,"template":"","meta":[],"product_brand":[],"product_cat":[25],"product_tag":[136,521,315,55],"class_list":{"0":"post-4068","1":"product","2":"type-product","3":"status-publish","4":"has-post-thumbnail","6":"product_cat-libros-digitales-ebooks","7":"product_tag-decargar-ebook","8":"product_tag-el-jugador","9":"product_tag-fiodor-dostoyevski","10":"product_tag-novelas","12":"first","13":"instock","14":"shipping-taxable","15":"purchasable","16":"product-type-variable","17":"has-default-attributes"},"_links":{"self":[{"href":"https:\/\/www.taller-palabras.com\/WordPress_04\/wp-json\/wp\/v2\/product\/4068","targetHints":{"allow":["GET"]}}],"collection":[{"href":"https:\/\/www.taller-palabras.com\/WordPress_04\/wp-json\/wp\/v2\/product"}],"about":[{"href":"https:\/\/www.taller-palabras.com\/WordPress_04\/wp-json\/wp\/v2\/types\/product"}],"wp:featuredmedia":[{"embeddable":true,"href":"https:\/\/www.taller-palabras.com\/WordPress_04\/wp-json\/wp\/v2\/media\/4072"}],"wp:attachment":[{"href":"https:\/\/www.taller-palabras.com\/WordPress_04\/wp-json\/wp\/v2\/media?parent=4068"}],"wp:term":[{"taxonomy":"product_brand","embeddable":true,"href":"https:\/\/www.taller-palabras.com\/WordPress_04\/wp-json\/wp\/v2\/product_brand?post=4068"},{"taxonomy":"product_cat","embeddable":true,"href":"https:\/\/www.taller-palabras.com\/WordPress_04\/wp-json\/wp\/v2\/product_cat?post=4068"},{"taxonomy":"product_tag","embeddable":true,"href":"https:\/\/www.taller-palabras.com\/WordPress_04\/wp-json\/wp\/v2\/product_tag?post=4068"}],"curies":[{"name":"wp","href":"https:\/\/api.w.org\/{rel}","templated":true}]}}