{"id":4093,"date":"2021-08-01T12:36:10","date_gmt":"2021-08-01T15:36:10","guid":{"rendered":"https:\/\/www.taller-palabras.com\/WordPress_04\/?post_type=product&#038;p=4093"},"modified":"2024-04-02T13:45:58","modified_gmt":"2024-04-02T16:45:58","slug":"othello-william-shakespeare-ebook","status":"publish","type":"product","link":"https:\/\/www.taller-palabras.com\/WordPress_04\/producto\/othello-william-shakespeare-ebook","title":{"rendered":"Othello &#8211; William Shakespeare\/ ebook"},"content":{"rendered":"<figure id=\"attachment_4083\" aria-describedby=\"caption-attachment-4083\" style=\"width: 150px\" class=\"wp-caption alignleft\"><img loading=\"lazy\" decoding=\"async\" class=\"wp-image-4083 size-thumbnail\" src=\"https:\/\/www.taller-palabras.com\/WordPress_04\/wp-content\/uploads\/2021\/08\/WilliamS-150x150.jpg\" alt=\"\" width=\"150\" height=\"150\" srcset=\"https:\/\/www.taller-palabras.com\/WordPress_04\/wp-content\/uploads\/2021\/08\/WilliamS-150x150.jpg 150w, https:\/\/www.taller-palabras.com\/WordPress_04\/wp-content\/uploads\/2021\/08\/WilliamS-100x100.jpg 100w\" sizes=\"auto, (max-width: 150px) 100vw, 150px\" \/><figcaption id=\"caption-attachment-4083\" class=\"wp-caption-text\">Autor William Shakespeare<\/figcaption><\/figure>\n<p>La historia original del moro de Venecia, de Gianbattista Cinthio (1565), sirvi\u00f3 a William Shakespeare para crear Otelo, la \u00fanica de sus \u00abgrandes tragedias\u00bb basada en una obra de ficci\u00f3n. Contraviniendo la imagen isabelina del \u00abmoro\u00bb, Shakespeare invierte los papeles de los protagonistas y otorga a Otelo el car\u00e1cter de hombre noble y aristocr\u00e1tico, mientras que reserva para el italiano Yago la perversidad y la hipocres\u00eda, desarrollando en \u00e9l uno de los estudios m\u00e1s profundos del mal. Otelo se representa como la tragedia de la incomprensi\u00f3n, en la que luchan el amor puro, la pasi\u00f3n, el orgullo, los celos, la venganza&#8230;, y en la que al final el protagonista, como un aut\u00e9ntico h\u00e9roe tr\u00e1gico, consciente de su degradaci\u00f3n y de su perdida, escribe su propio epitafio con la angustia del h\u00e9roe destrozado. \u00c1ngel-Luis Pujante, catedr\u00e1tico de Filolog\u00eda Inglesa de la Universidad de Murcia, argumenta en su Introducci\u00f3n los procedimientos ret\u00f3ricos y po\u00e9ticos de esta obra de acci\u00f3n, cuya iron\u00eda estructural y dram\u00e1tica la convierte en una de las tragedias m\u00e1s intensas del teatro universal.<\/p>\n","protected":false},"excerpt":{"rendered":"<p>La historia original del moro de Venecia, de Gianbattista Cinthio (1565), sirvi\u00f3 a William Shakespeare para crear Otelo, la \u00fanica de sus \u00abgrandes tragedias\u00bb basada en una obra de ficci\u00f3n. Contraviniendo la imagen isabelina del \u00abmoro\u00bb, Shakespeare invierte los papeles de los protagonistas y otorga a Otelo el car\u00e1cter de hombre noble y aristocr\u00e1tico, mientras [&hellip;]<\/p>\n","protected":false},"featured_media":4098,"template":"","meta":[],"product_brand":[],"product_cat":[25],"product_tag":[136,55,525,522],"class_list":{"0":"post-4093","1":"product","2":"type-product","3":"status-publish","4":"has-post-thumbnail","6":"product_cat-libros-digitales-ebooks","7":"product_tag-decargar-ebook","8":"product_tag-novelas","9":"product_tag-otelo","10":"product_tag-william-shakespeare","12":"first","13":"instock","14":"shipping-taxable","15":"purchasable","16":"product-type-variable","17":"has-default-attributes"},"_links":{"self":[{"href":"https:\/\/www.taller-palabras.com\/WordPress_04\/wp-json\/wp\/v2\/product\/4093","targetHints":{"allow":["GET"]}}],"collection":[{"href":"https:\/\/www.taller-palabras.com\/WordPress_04\/wp-json\/wp\/v2\/product"}],"about":[{"href":"https:\/\/www.taller-palabras.com\/WordPress_04\/wp-json\/wp\/v2\/types\/product"}],"wp:featuredmedia":[{"embeddable":true,"href":"https:\/\/www.taller-palabras.com\/WordPress_04\/wp-json\/wp\/v2\/media\/4098"}],"wp:attachment":[{"href":"https:\/\/www.taller-palabras.com\/WordPress_04\/wp-json\/wp\/v2\/media?parent=4093"}],"wp:term":[{"taxonomy":"product_brand","embeddable":true,"href":"https:\/\/www.taller-palabras.com\/WordPress_04\/wp-json\/wp\/v2\/product_brand?post=4093"},{"taxonomy":"product_cat","embeddable":true,"href":"https:\/\/www.taller-palabras.com\/WordPress_04\/wp-json\/wp\/v2\/product_cat?post=4093"},{"taxonomy":"product_tag","embeddable":true,"href":"https:\/\/www.taller-palabras.com\/WordPress_04\/wp-json\/wp\/v2\/product_tag?post=4093"}],"curies":[{"name":"wp","href":"https:\/\/api.w.org\/{rel}","templated":true}]}}