{"id":4101,"date":"2021-08-01T13:17:12","date_gmt":"2021-08-01T16:17:12","guid":{"rendered":"https:\/\/www.taller-palabras.com\/WordPress_04\/?post_type=product&#038;p=4101"},"modified":"2024-04-05T10:16:54","modified_gmt":"2024-04-05T13:16:54","slug":"la-conjura-de-los-necios-john-kennedy-toole-ebook","status":"publish","type":"product","link":"https:\/\/www.taller-palabras.com\/WordPress_04\/producto\/la-conjura-de-los-necios-john-kennedy-toole-ebook","title":{"rendered":"La conjura de los necios &#8211; John Kennedy Toole\/ ebook"},"content":{"rendered":"<figure id=\"attachment_4105\" aria-describedby=\"caption-attachment-4105\" style=\"width: 150px\" class=\"wp-caption alignleft\"><img loading=\"lazy\" decoding=\"async\" class=\"wp-image-4105 size-thumbnail\" src=\"https:\/\/www.taller-palabras.com\/WordPress_04\/wp-content\/uploads\/2021\/08\/JhonKToole-150x150.jpg\" alt=\"\" width=\"150\" height=\"150\" srcset=\"https:\/\/www.taller-palabras.com\/WordPress_04\/wp-content\/uploads\/2021\/08\/JhonKToole-150x150.jpg 150w, https:\/\/www.taller-palabras.com\/WordPress_04\/wp-content\/uploads\/2021\/08\/JhonKToole-100x100.jpg 100w\" sizes=\"auto, (max-width: 150px) 100vw, 150px\" \/><figcaption id=\"caption-attachment-4105\" class=\"wp-caption-text\">Autor John Kennedy Toole<\/figcaption><\/figure>\n<p>La conjura de los necios es una disparatada, \u00e1cida e inteligent\u00edsima novela. Pero no s\u00f3lo eso, tambi\u00e9n es tremendamente divertida y amarga a la vez. La carcajada escapa por s\u00ed sola ante las situaciones desproporcionadas de esta gran tragicomedia. Ignatius J. Really es, probablemente, uno de los mejores personajes jam\u00e1s creados y al que muchos no dudan en comparar con el Quijote. M\u00e1s a\u00fan, es el antiprotagonista perfecto para una novela repleta de excelentes personajes, situados en la portuaria ciudad de Nueva Orleans, magistral Ignatius. \u00c9l es un incomprendido, una persona de treinta y pocos a\u00f1os que vive en la casa de su madre y que lucha por lograr un mundo mejor desde el interior de su habitaci\u00f3n. Pero cruelmente se ver\u00e1 arrastrado a vagar por las calles de Nueva Orleans en busca de trabajo, obligado a adentrarse en la sociedad, con la que mantiene una relaci\u00f3n de repulsi\u00f3n mutua, para poder sufragar los gastos causados por su madre en un accidente de coche mientras conduc\u00eda ebria. El autor, John K. Toole, consigue una cr\u00edtica clase media. Logra mantener el inter\u00e9s del lector (incluso mayor en una segunda lectura que en la primera) con un abanico de personajes a cu\u00e1l m\u00e1s desagradable. No deja t\u00edtere con cabeza y, a trav\u00e9s de la tortuosa y enrevesada personalidad de Ignatius, da un repaso a la \u00e9poca que le toc\u00f3 vivir en un tono de burla que contrasta con la triste visi\u00f3n de las vidas de los personajes retratados. No encontramos \u00fanicamente una loca y angustiosa historia de cr\u00edtica social, sino que el argumento engancha desde el comienzo. Momento en el que, como dice su protagonista, Fortuna hace girar su rueda hacia abajo y nunca sabemos cual es la desagradable sorpresa que nos depara el destino. A partir de aqu\u00ed, unas situaciones enganchan con otras, al igual que lo van haciendo los personajes, y se va formando una enorme bola de nieve que terminar\u00e1 estallando al final de la novela. Tras terminar La conjura de los necios, a sus 32 a\u00f1os, el autor intent\u00f3 infructuosamente que la publicasen. Ello deriv\u00f3 en una profunda depresi\u00f3n que le condujo al suicidio. Gracias a la tenacidad e insistencia de su madre hoy podemos disfrutar de esta deliciosa obra galardonada con el Premio Pulitzer.<\/p>\n","protected":false},"excerpt":{"rendered":"<p>La conjura de los necios es una disparatada, \u00e1cida e inteligent\u00edsima novela. Pero no s\u00f3lo eso, tambi\u00e9n es tremendamente divertida y amarga a la vez. La carcajada escapa por s\u00ed sola ante las situaciones desproporcionadas de esta gran tragicomedia. Ignatius J. Really es, probablemente, uno de los mejores personajes jam\u00e1s creados y al que muchos [&hellip;]<\/p>\n","protected":false},"featured_media":4106,"template":"","meta":[],"product_brand":[],"product_cat":[25],"product_tag":[136,526,527,55],"class_list":{"0":"post-4101","1":"product","2":"type-product","3":"status-publish","4":"has-post-thumbnail","6":"product_cat-libros-digitales-ebooks","7":"product_tag-decargar-ebook","8":"product_tag-john-kennedy-toole","9":"product_tag-la-conjura-de-los-necios","10":"product_tag-novelas","12":"first","13":"instock","14":"shipping-taxable","15":"purchasable","16":"product-type-variable","17":"has-default-attributes"},"_links":{"self":[{"href":"https:\/\/www.taller-palabras.com\/WordPress_04\/wp-json\/wp\/v2\/product\/4101","targetHints":{"allow":["GET"]}}],"collection":[{"href":"https:\/\/www.taller-palabras.com\/WordPress_04\/wp-json\/wp\/v2\/product"}],"about":[{"href":"https:\/\/www.taller-palabras.com\/WordPress_04\/wp-json\/wp\/v2\/types\/product"}],"wp:featuredmedia":[{"embeddable":true,"href":"https:\/\/www.taller-palabras.com\/WordPress_04\/wp-json\/wp\/v2\/media\/4106"}],"wp:attachment":[{"href":"https:\/\/www.taller-palabras.com\/WordPress_04\/wp-json\/wp\/v2\/media?parent=4101"}],"wp:term":[{"taxonomy":"product_brand","embeddable":true,"href":"https:\/\/www.taller-palabras.com\/WordPress_04\/wp-json\/wp\/v2\/product_brand?post=4101"},{"taxonomy":"product_cat","embeddable":true,"href":"https:\/\/www.taller-palabras.com\/WordPress_04\/wp-json\/wp\/v2\/product_cat?post=4101"},{"taxonomy":"product_tag","embeddable":true,"href":"https:\/\/www.taller-palabras.com\/WordPress_04\/wp-json\/wp\/v2\/product_tag?post=4101"}],"curies":[{"name":"wp","href":"https:\/\/api.w.org\/{rel}","templated":true}]}}