{"id":4114,"date":"2021-08-01T13:46:36","date_gmt":"2021-08-01T16:46:36","guid":{"rendered":"https:\/\/www.taller-palabras.com\/WordPress_04\/?post_type=product&#038;p=4114"},"modified":"2024-04-06T15:23:20","modified_gmt":"2024-04-06T18:23:20","slug":"el-gran-gatsby-francis-scott-fitzgerald-ebook","status":"publish","type":"product","link":"https:\/\/www.taller-palabras.com\/WordPress_04\/producto\/el-gran-gatsby-francis-scott-fitzgerald-ebook","title":{"rendered":"El gran Gatsby &#8211; Francis Scott Fitzgerald\/ ebook"},"content":{"rendered":"<figure id=\"attachment_4127\" aria-describedby=\"caption-attachment-4127\" style=\"width: 150px\" class=\"wp-caption alignleft\"><img loading=\"lazy\" decoding=\"async\" class=\"wp-image-4127 size-thumbnail\" src=\"https:\/\/www.taller-palabras.com\/WordPress_04\/wp-content\/uploads\/2021\/08\/fitzgerald-150x150.jpg\" alt=\"\" width=\"150\" height=\"150\" srcset=\"https:\/\/www.taller-palabras.com\/WordPress_04\/wp-content\/uploads\/2021\/08\/fitzgerald-150x150.jpg 150w, https:\/\/www.taller-palabras.com\/WordPress_04\/wp-content\/uploads\/2021\/08\/fitzgerald-100x100.jpg 100w\" sizes=\"auto, (max-width: 150px) 100vw, 150px\" \/><figcaption id=\"caption-attachment-4127\" class=\"wp-caption-text\">Autor Francis Scott Fitzgerald<\/figcaption><\/figure>\n<p>Jay Gatsby, el caballero que reina sobre West Egg, el anfitri\u00f3n de las noches sin tregua, pero tambi\u00e9n el triunfador marcado por el tr\u00e1gico sino de una soledad no pretendida, es el arquetipo de esos a\u00f1os veinte que se iniciaron con la Prohibici\u00f3n y discurrieron en el gangsterismo y la corrupci\u00f3n pol\u00edtica organizada. Protagonista de una d\u00e9cada que culminar\u00eda con la cat\u00e1strofe de 1929, su imagen de esplendor no hace sino anunciar un drama inevitable. Triunfo de perpetua juventud, brillantez animada por el exceso, fueron tambi\u00e9n las constantes de la vida de Francis Scott Fitzgerald, quien nos ofrece en El gran Gatsby una de sus obras mayores.<\/p>\n","protected":false},"excerpt":{"rendered":"<p>Jay Gatsby, el caballero que reina sobre West Egg, el anfitri\u00f3n de las noches sin tregua, pero tambi\u00e9n el triunfador marcado por el tr\u00e1gico sino de una soledad no pretendida, es el arquetipo de esos a\u00f1os veinte que se iniciaron con la Prohibici\u00f3n y discurrieron en el gangsterismo y la corrupci\u00f3n pol\u00edtica organizada. Protagonista de [&hellip;]<\/p>\n","protected":false},"featured_media":4123,"template":"","meta":[],"product_brand":[],"product_cat":[25],"product_tag":[136,531,530,55],"class_list":{"0":"post-4114","1":"product","2":"type-product","3":"status-publish","4":"has-post-thumbnail","6":"product_cat-libros-digitales-ebooks","7":"product_tag-decargar-ebook","8":"product_tag-el-gran-gatsby","9":"product_tag-francis-scott-fitzgerald","10":"product_tag-novelas","12":"first","13":"instock","14":"shipping-taxable","15":"purchasable","16":"product-type-variable","17":"has-default-attributes"},"_links":{"self":[{"href":"https:\/\/www.taller-palabras.com\/WordPress_04\/wp-json\/wp\/v2\/product\/4114","targetHints":{"allow":["GET"]}}],"collection":[{"href":"https:\/\/www.taller-palabras.com\/WordPress_04\/wp-json\/wp\/v2\/product"}],"about":[{"href":"https:\/\/www.taller-palabras.com\/WordPress_04\/wp-json\/wp\/v2\/types\/product"}],"wp:featuredmedia":[{"embeddable":true,"href":"https:\/\/www.taller-palabras.com\/WordPress_04\/wp-json\/wp\/v2\/media\/4123"}],"wp:attachment":[{"href":"https:\/\/www.taller-palabras.com\/WordPress_04\/wp-json\/wp\/v2\/media?parent=4114"}],"wp:term":[{"taxonomy":"product_brand","embeddable":true,"href":"https:\/\/www.taller-palabras.com\/WordPress_04\/wp-json\/wp\/v2\/product_brand?post=4114"},{"taxonomy":"product_cat","embeddable":true,"href":"https:\/\/www.taller-palabras.com\/WordPress_04\/wp-json\/wp\/v2\/product_cat?post=4114"},{"taxonomy":"product_tag","embeddable":true,"href":"https:\/\/www.taller-palabras.com\/WordPress_04\/wp-json\/wp\/v2\/product_tag?post=4114"}],"curies":[{"name":"wp","href":"https:\/\/api.w.org\/{rel}","templated":true}]}}