{"id":4156,"date":"2021-08-18T13:47:33","date_gmt":"2021-08-18T16:47:33","guid":{"rendered":"https:\/\/www.taller-palabras.com\/WordPress_04\/?post_type=product&#038;p=4156"},"modified":"2024-04-15T17:26:31","modified_gmt":"2024-04-15T20:26:31","slug":"los-dias-del-fuego-3-liliana-bodoc-ebook","status":"publish","type":"product","link":"https:\/\/www.taller-palabras.com\/WordPress_04\/producto\/los-dias-del-fuego-3-liliana-bodoc-ebook","title":{"rendered":"Saga: Los d\u00edas del fuego (3) &#8211; Liliana Bodoc  \/ebook"},"content":{"rendered":"<figure id=\"attachment_2338\" aria-describedby=\"caption-attachment-2338\" style=\"width: 150px\" class=\"wp-caption alignleft\"><img loading=\"lazy\" decoding=\"async\" class=\"wp-image-2338 size-thumbnail\" src=\"https:\/\/www.taller-palabras.com\/WordPress_04\/wp-content\/uploads\/2020\/08\/Liliana-Bodoc-150x150.jpg\" alt=\"\" width=\"150\" height=\"150\" srcset=\"https:\/\/www.taller-palabras.com\/WordPress_04\/wp-content\/uploads\/2020\/08\/Liliana-Bodoc-150x150.jpg 150w, https:\/\/www.taller-palabras.com\/WordPress_04\/wp-content\/uploads\/2020\/08\/Liliana-Bodoc-100x100.jpg 100w\" sizes=\"auto, (max-width: 150px) 100vw, 150px\" \/><figcaption id=\"caption-attachment-2338\" class=\"wp-caption-text\">Autora Liliana Bodoc<\/figcaption><\/figure>\n<p>A pesar de las victorias en las batallas nada sigue igual en el Continente del Venado. El pa\u00eds del Sol, con su pr\u00edncipe traidor, Molitzm\u00f3s, est\u00e1 bajo el dominio de los sideresios. En las Tierras F\u00e9rtiles est\u00e1n entrenando a sus mejores hijos para salir exitosos. Mientras tanto, en las Tierras Antiguas la resistencia se organiza, al tiempo que se intentan evitar las jugarretas de Mis\u00e1ianes, quien todo lo ve desde la extra\u00f1a e inquietante atm\u00f3sfera que rodea su mente. En Los Confines, los hombres han debido abandonar sus hogares, mientras los ancianos, ni\u00f1os y mujeres aguardan hambrientos su regreso. La selva protege a los zitzahay, que han aprendido el arte del silencio para nos ser descubiertos por el enemigo.<\/p>\n","protected":false},"excerpt":{"rendered":"<p>A pesar de las victorias en las batallas nada sigue igual en el Continente del Venado. El pa\u00eds del Sol, con su pr\u00edncipe traidor, Molitzm\u00f3s, est\u00e1 bajo el dominio de los sideresios. En las Tierras F\u00e9rtiles est\u00e1n entrenando a sus mejores hijos para salir exitosos. Mientras tanto, en las Tierras Antiguas la resistencia se organiza, [&hellip;]<\/p>\n","protected":false},"featured_media":4160,"template":"","meta":[],"product_brand":[],"product_cat":[47],"product_tag":[54,251,535,45],"class_list":{"0":"post-4156","1":"product","2":"type-product","3":"status-publish","4":"has-post-thumbnail","6":"product_cat-libros-digitales-sagas","7":"product_tag-descargar-ebook","8":"product_tag-liliana-bodoc","9":"product_tag-los-dias-del-fuego","10":"product_tag-mejor-novela","12":"first","13":"instock","14":"shipping-taxable","15":"purchasable","16":"product-type-variable","17":"has-default-attributes"},"_links":{"self":[{"href":"https:\/\/www.taller-palabras.com\/WordPress_04\/wp-json\/wp\/v2\/product\/4156","targetHints":{"allow":["GET"]}}],"collection":[{"href":"https:\/\/www.taller-palabras.com\/WordPress_04\/wp-json\/wp\/v2\/product"}],"about":[{"href":"https:\/\/www.taller-palabras.com\/WordPress_04\/wp-json\/wp\/v2\/types\/product"}],"wp:featuredmedia":[{"embeddable":true,"href":"https:\/\/www.taller-palabras.com\/WordPress_04\/wp-json\/wp\/v2\/media\/4160"}],"wp:attachment":[{"href":"https:\/\/www.taller-palabras.com\/WordPress_04\/wp-json\/wp\/v2\/media?parent=4156"}],"wp:term":[{"taxonomy":"product_brand","embeddable":true,"href":"https:\/\/www.taller-palabras.com\/WordPress_04\/wp-json\/wp\/v2\/product_brand?post=4156"},{"taxonomy":"product_cat","embeddable":true,"href":"https:\/\/www.taller-palabras.com\/WordPress_04\/wp-json\/wp\/v2\/product_cat?post=4156"},{"taxonomy":"product_tag","embeddable":true,"href":"https:\/\/www.taller-palabras.com\/WordPress_04\/wp-json\/wp\/v2\/product_tag?post=4156"}],"curies":[{"name":"wp","href":"https:\/\/api.w.org\/{rel}","templated":true}]}}