{"id":4189,"date":"2020-01-12T15:52:30","date_gmt":"2020-01-12T18:52:30","guid":{"rendered":"https:\/\/www.taller-palabras.com\/WordPress_04\/?post_type=product&#038;p=4189"},"modified":"2026-03-31T12:09:29","modified_gmt":"2026-03-31T15:09:29","slug":"el-amor-en-los-tiempos-del-colera-gabriel-garcia-marquez-ebook","status":"publish","type":"product","link":"https:\/\/www.taller-palabras.com\/WordPress_04\/producto\/el-amor-en-los-tiempos-del-colera-gabriel-garcia-marquez-ebook","title":{"rendered":"El amor en los tiempos del c\u00f3lera &#8211; Gabriel Garc\u00eda M\u00e1rquez  \/ebook"},"content":{"rendered":"<figure id=\"attachment_823\" aria-describedby=\"caption-attachment-823\" style=\"width: 150px\" class=\"wp-caption alignleft\"><img loading=\"lazy\" decoding=\"async\" class=\"wp-image-823 size-thumbnail\" src=\"https:\/\/www.taller-palabras.com\/WordPress_04\/wp-content\/uploads\/2020\/01\/garcia_marquez-150x150.jpg\" alt=\"\" width=\"150\" height=\"150\" srcset=\"https:\/\/www.taller-palabras.com\/WordPress_04\/wp-content\/uploads\/2020\/01\/garcia_marquez-150x150.jpg 150w, https:\/\/www.taller-palabras.com\/WordPress_04\/wp-content\/uploads\/2020\/01\/garcia_marquez-100x100.jpg 100w\" sizes=\"auto, (max-width: 150px) 100vw, 150px\" \/><figcaption id=\"caption-attachment-823\" class=\"wp-caption-text\">Autor Gabriel Garc\u00eda M\u00e1rquez<\/figcaption><\/figure>\n<p>De j\u00f3venes, Florentino Ariza y Fermina Daza se enamoran apasionadamente, pero Fermina eventualmente decide casarse con un m\u00e9dico rico y de muy buena familia. Florentino est\u00e1 anonadado, pero es un rom\u00e1ntico. Su carrera en los negocios florece, y aunque sostiene 622 peque\u00f1os romances, su coraz\u00f3n todav\u00eda pertenece a Fermina. Cuando al fin el esposo de ella muere, Florentino acude al funeral con toda intenci\u00f3n. A los cincuenta a\u00f1os, nueve meses y cuatro d\u00edas de haberle profesado amor a Fermina, lo har\u00e1 una vez m\u00e1s. Con sagacidad humor\u00edstica y depurado estilo, Garc\u00eda M\u00e1rquez traza la historia excepcional de un amor que no ha sido correspondido por medio siglo. Aunque nunca parece estar propiamente contenido, el amor fluye a trav\u00e9s de la novela de mil maneras \u2013alegre, melanc\u00f3lico, enriquecedor, pero siempre sorprendente\u2013.<\/p>\n","protected":false},"excerpt":{"rendered":"<p>De j\u00f3venes, Florentino Ariza y Fermina Daza se enamoran apasionadamente, pero Fermina eventualmente decide casarse con un m\u00e9dico rico y de muy buena familia. Florentino est\u00e1 anonadado, pero es un rom\u00e1ntico. Su carrera en los negocios florece, y aunque sostiene 622 peque\u00f1os romances, su coraz\u00f3n todav\u00eda pertenece a Fermina. Cuando al fin el esposo de [&hellip;]<\/p>\n","protected":false},"featured_media":4193,"template":"","meta":[],"product_brand":[1706],"product_cat":[25],"product_tag":[136,537,171,55],"class_list":{"0":"post-4189","1":"product","2":"type-product","3":"status-publish","4":"has-post-thumbnail","6":"product_brand-grupo1","7":"product_cat-libros-digitales-ebooks","8":"product_tag-decargar-ebook","9":"product_tag-el-amor-en-los-tiempos-del-colera","10":"product_tag-gabriel-garcia-marquez","11":"product_tag-novelas","13":"first","14":"instock","15":"shipping-taxable","16":"purchasable","17":"product-type-variable","18":"has-default-attributes"},"_links":{"self":[{"href":"https:\/\/www.taller-palabras.com\/WordPress_04\/wp-json\/wp\/v2\/product\/4189","targetHints":{"allow":["GET"]}}],"collection":[{"href":"https:\/\/www.taller-palabras.com\/WordPress_04\/wp-json\/wp\/v2\/product"}],"about":[{"href":"https:\/\/www.taller-palabras.com\/WordPress_04\/wp-json\/wp\/v2\/types\/product"}],"wp:featuredmedia":[{"embeddable":true,"href":"https:\/\/www.taller-palabras.com\/WordPress_04\/wp-json\/wp\/v2\/media\/4193"}],"wp:attachment":[{"href":"https:\/\/www.taller-palabras.com\/WordPress_04\/wp-json\/wp\/v2\/media?parent=4189"}],"wp:term":[{"taxonomy":"product_brand","embeddable":true,"href":"https:\/\/www.taller-palabras.com\/WordPress_04\/wp-json\/wp\/v2\/product_brand?post=4189"},{"taxonomy":"product_cat","embeddable":true,"href":"https:\/\/www.taller-palabras.com\/WordPress_04\/wp-json\/wp\/v2\/product_cat?post=4189"},{"taxonomy":"product_tag","embeddable":true,"href":"https:\/\/www.taller-palabras.com\/WordPress_04\/wp-json\/wp\/v2\/product_tag?post=4189"}],"curies":[{"name":"wp","href":"https:\/\/api.w.org\/{rel}","templated":true}]}}