{"id":4201,"date":"2020-01-12T15:53:03","date_gmt":"2020-01-12T18:53:03","guid":{"rendered":"https:\/\/www.taller-palabras.com\/WordPress_04\/?post_type=product&#038;p=4201"},"modified":"2026-03-31T11:36:20","modified_gmt":"2026-03-31T14:36:20","slug":"el-otono-del-patriarca-gabriel-garcia-marquez-ebook","status":"publish","type":"product","link":"https:\/\/www.taller-palabras.com\/WordPress_04\/producto\/el-otono-del-patriarca-gabriel-garcia-marquez-ebook","title":{"rendered":"El oto\u00f1o del patriarca &#8211; Gabriel Garc\u00eda M\u00e1rquez  \/ebook"},"content":{"rendered":"<figure id=\"attachment_823\" aria-describedby=\"caption-attachment-823\" style=\"width: 150px\" class=\"wp-caption alignleft\"><img loading=\"lazy\" decoding=\"async\" class=\"wp-image-823 size-thumbnail\" src=\"https:\/\/www.taller-palabras.com\/WordPress_04\/wp-content\/uploads\/2020\/01\/garcia_marquez-150x150.jpg\" alt=\"\" width=\"150\" height=\"150\" srcset=\"https:\/\/www.taller-palabras.com\/WordPress_04\/wp-content\/uploads\/2020\/01\/garcia_marquez-150x150.jpg 150w, https:\/\/www.taller-palabras.com\/WordPress_04\/wp-content\/uploads\/2020\/01\/garcia_marquez-100x100.jpg 100w\" sizes=\"auto, (max-width: 150px) 100vw, 150px\" \/><figcaption id=\"caption-attachment-823\" class=\"wp-caption-text\">Autor Gabriel Garc\u00eda M\u00e1rquez<\/figcaption><\/figure>\n<p>Gabriel Garc\u00eda M\u00e1rquez ha declarado una y otra vez que El oto\u00f1o del patriarca es la novela en la que m\u00e1s trabajo y esfuerzo invirti\u00f3. En efecto, Garc\u00eda M\u00e1rquez ha construido una maquinaria narrativa perfecta que desgrana una historia universal -la agon\u00eda y muerte de un dictador- en forma c\u00edclica, experimental y real al mismo tiempo, en seis bloques narrativos sin di\u00e1logos, sin puntos y aparte, repitiendo una an\u00e9cdota siempre igual y siempre distinta, acumulando hechos y descripciones deslumbrantes.<\/p>\n","protected":false},"excerpt":{"rendered":"<p>Gabriel Garc\u00eda M\u00e1rquez ha declarado una y otra vez que El oto\u00f1o del patriarca es la novela en la que m\u00e1s trabajo y esfuerzo invirti\u00f3. En efecto, Garc\u00eda M\u00e1rquez ha construido una maquinaria narrativa perfecta que desgrana una historia universal -la agon\u00eda y muerte de un dictador- en forma c\u00edclica, experimental y real al mismo [&hellip;]<\/p>\n","protected":false},"featured_media":4194,"template":"","meta":[],"product_brand":[1706],"product_cat":[25],"product_tag":[136,538,171,55],"class_list":{"0":"post-4201","1":"product","2":"type-product","3":"status-publish","4":"has-post-thumbnail","6":"product_brand-grupo1","7":"product_cat-libros-digitales-ebooks","8":"product_tag-decargar-ebook","9":"product_tag-el-otono-del-patriarca","10":"product_tag-gabriel-garcia-marquez","11":"product_tag-novelas","13":"first","14":"instock","15":"shipping-taxable","16":"purchasable","17":"product-type-variable","18":"has-default-attributes"},"_links":{"self":[{"href":"https:\/\/www.taller-palabras.com\/WordPress_04\/wp-json\/wp\/v2\/product\/4201","targetHints":{"allow":["GET"]}}],"collection":[{"href":"https:\/\/www.taller-palabras.com\/WordPress_04\/wp-json\/wp\/v2\/product"}],"about":[{"href":"https:\/\/www.taller-palabras.com\/WordPress_04\/wp-json\/wp\/v2\/types\/product"}],"wp:featuredmedia":[{"embeddable":true,"href":"https:\/\/www.taller-palabras.com\/WordPress_04\/wp-json\/wp\/v2\/media\/4194"}],"wp:attachment":[{"href":"https:\/\/www.taller-palabras.com\/WordPress_04\/wp-json\/wp\/v2\/media?parent=4201"}],"wp:term":[{"taxonomy":"product_brand","embeddable":true,"href":"https:\/\/www.taller-palabras.com\/WordPress_04\/wp-json\/wp\/v2\/product_brand?post=4201"},{"taxonomy":"product_cat","embeddable":true,"href":"https:\/\/www.taller-palabras.com\/WordPress_04\/wp-json\/wp\/v2\/product_cat?post=4201"},{"taxonomy":"product_tag","embeddable":true,"href":"https:\/\/www.taller-palabras.com\/WordPress_04\/wp-json\/wp\/v2\/product_tag?post=4201"}],"curies":[{"name":"wp","href":"https:\/\/api.w.org\/{rel}","templated":true}]}}