{"id":4212,"date":"2020-01-12T15:54:49","date_gmt":"2020-01-12T18:54:49","guid":{"rendered":"https:\/\/www.taller-palabras.com\/WordPress_04\/?post_type=product&#038;p=4212"},"modified":"2026-03-31T12:08:58","modified_gmt":"2026-03-31T15:08:58","slug":"memoria-de-mis-putas-tristes-gabriel-garcia-marquez-ebook","status":"publish","type":"product","link":"https:\/\/www.taller-palabras.com\/WordPress_04\/producto\/memoria-de-mis-putas-tristes-gabriel-garcia-marquez-ebook","title":{"rendered":"Memoria de mis putas tristes &#8211; Gabriel Garc\u00eda M\u00e1rquez  \/ebook"},"content":{"rendered":"<figure id=\"attachment_823\" aria-describedby=\"caption-attachment-823\" style=\"width: 150px\" class=\"wp-caption alignleft\"><img loading=\"lazy\" decoding=\"async\" class=\"wp-image-823 size-thumbnail\" src=\"https:\/\/www.taller-palabras.com\/WordPress_04\/wp-content\/uploads\/2020\/01\/garcia_marquez-150x150.jpg\" alt=\"\" width=\"150\" height=\"150\" srcset=\"https:\/\/www.taller-palabras.com\/WordPress_04\/wp-content\/uploads\/2020\/01\/garcia_marquez-150x150.jpg 150w, https:\/\/www.taller-palabras.com\/WordPress_04\/wp-content\/uploads\/2020\/01\/garcia_marquez-100x100.jpg 100w\" sizes=\"auto, (max-width: 150px) 100vw, 150px\" \/><figcaption id=\"caption-attachment-823\" class=\"wp-caption-text\">Autor Gabriel Garc\u00eda M\u00e1rquez<\/figcaption><\/figure>\n<p>Para festejar su nonag\u00e9simo cumplea\u00f1os un hombre solicita a la madame de un burdel una joven virgen. Mientras se prepara para esa noche recuerda su relaci\u00f3n con las mujeres y el amor, a sus padres\u2026 Cuando conoce a la ni\u00f1a se encapricha, hasta el punto de quedarse con ella en su casa.<br \/>\nEsta novela de Gabriel Garc\u00eda M\u00e1rquez es una conmovedora reflexi\u00f3n que celebra las alegr\u00edas del enamoramiento, las desventuras de la vejez y, ante todo, lo que sucede cuando sexo y amor se juntan para darle un sentido a la existencia. Nos encontramos ante un relato aparentemente sencillo pero cargado de resonancias, una historia narrada con el excepcional estilo y la maestr\u00eda en el arte de contar de los que solo es capaz el autor colombiano.<\/p>\n","protected":false},"excerpt":{"rendered":"<p>Para festejar su nonag\u00e9simo cumplea\u00f1os un hombre solicita a la madame de un burdel una joven virgen. Mientras se prepara para esa noche recuerda su relaci\u00f3n con las mujeres y el amor, a sus padres\u2026 Cuando conoce a la ni\u00f1a se encapricha, hasta el punto de quedarse con ella en su casa. Esta novela de [&hellip;]<\/p>\n","protected":false},"featured_media":4209,"template":"","meta":[],"product_brand":[1706],"product_cat":[25],"product_tag":[136,171,539,55],"class_list":{"0":"post-4212","1":"product","2":"type-product","3":"status-publish","4":"has-post-thumbnail","6":"product_brand-grupo1","7":"product_cat-libros-digitales-ebooks","8":"product_tag-decargar-ebook","9":"product_tag-gabriel-garcia-marquez","10":"product_tag-memoria-de-mis-putas-tristes","11":"product_tag-novelas","13":"first","14":"instock","15":"shipping-taxable","16":"purchasable","17":"product-type-variable","18":"has-default-attributes"},"_links":{"self":[{"href":"https:\/\/www.taller-palabras.com\/WordPress_04\/wp-json\/wp\/v2\/product\/4212","targetHints":{"allow":["GET"]}}],"collection":[{"href":"https:\/\/www.taller-palabras.com\/WordPress_04\/wp-json\/wp\/v2\/product"}],"about":[{"href":"https:\/\/www.taller-palabras.com\/WordPress_04\/wp-json\/wp\/v2\/types\/product"}],"wp:featuredmedia":[{"embeddable":true,"href":"https:\/\/www.taller-palabras.com\/WordPress_04\/wp-json\/wp\/v2\/media\/4209"}],"wp:attachment":[{"href":"https:\/\/www.taller-palabras.com\/WordPress_04\/wp-json\/wp\/v2\/media?parent=4212"}],"wp:term":[{"taxonomy":"product_brand","embeddable":true,"href":"https:\/\/www.taller-palabras.com\/WordPress_04\/wp-json\/wp\/v2\/product_brand?post=4212"},{"taxonomy":"product_cat","embeddable":true,"href":"https:\/\/www.taller-palabras.com\/WordPress_04\/wp-json\/wp\/v2\/product_cat?post=4212"},{"taxonomy":"product_tag","embeddable":true,"href":"https:\/\/www.taller-palabras.com\/WordPress_04\/wp-json\/wp\/v2\/product_tag?post=4212"}],"curies":[{"name":"wp","href":"https:\/\/api.w.org\/{rel}","templated":true}]}}