{"id":422,"date":"2019-09-23T10:13:13","date_gmt":"2019-09-23T13:13:13","guid":{"rendered":"https:\/\/www.taller-palabras.com\/WordPress_04\/?post_type=product&#038;p=422"},"modified":"2023-10-10T14:51:31","modified_gmt":"2023-10-10T17:51:31","slug":"santo-oficio-de-la-memoria-mempo-giardinelli","status":"publish","type":"product","link":"https:\/\/www.taller-palabras.com\/WordPress_04\/producto\/santo-oficio-de-la-memoria-mempo-giardinelli","title":{"rendered":"Santo Oficio De La Memoria &#8211; Mempo Giardinelli \/ebook"},"content":{"rendered":"<figure id=\"attachment_427\" aria-describedby=\"caption-attachment-427\" style=\"width: 150px\" class=\"wp-caption alignleft\"><img loading=\"lazy\" decoding=\"async\" class=\"wp-image-427 size-thumbnail\" src=\"https:\/\/www.taller-palabras.com\/WordPress_04\/wp-content\/uploads\/2019\/03\/Mempo_Giardinelli-150x150.jpg\" alt=\"\" width=\"150\" height=\"150\" srcset=\"https:\/\/www.taller-palabras.com\/WordPress_04\/wp-content\/uploads\/2019\/03\/Mempo_Giardinelli-150x150.jpg 150w, https:\/\/www.taller-palabras.com\/WordPress_04\/wp-content\/uploads\/2019\/03\/Mempo_Giardinelli-324x324.jpg 324w, https:\/\/www.taller-palabras.com\/WordPress_04\/wp-content\/uploads\/2019\/03\/Mempo_Giardinelli-100x100.jpg 100w\" sizes=\"auto, (max-width: 150px) 100vw, 150px\" \/><figcaption id=\"caption-attachment-427\" class=\"wp-caption-text\">Autor. Mempo Giardinelli<\/figcaption><\/figure>\n<p>\u00ab<em>Santo Oficio de la Memoria<\/em>\u00a0es como sentarse junto al fuego noches y noches para escuchar la voz de una familia. Muy bien escrita y con mucha pasi\u00f3n, en un relato ameno y divertido\u00bb. Osvaldo Soriano (Buenos Aires) De esta saga de una familia de inmigrantes italianos en Argentina que atraviesa en tres generaciones todo el siglo XX, ha dicho el Jurado que otorg\u00f3 el Premio R\u00f3mulo Gallegos: \u00abCuando me sumerg\u00ed en esta narrativa \u00e9pica, picaresca, sensual y tan rica en im\u00e1genes po\u00e9ticas sobre la inmigraci\u00f3n italiana a la Argentina, me dije: \u00e9ste es el Premio R\u00f3mulo Gallegos, qu\u00e9 duda cabe\u00bb. Fernando Alegr\u00eda (Chile) \u00abEn esta novela se penetra por el poder de la narraci\u00f3n, el clima humano que crea. Fue eso, que le da poderosa significaci\u00f3n, lo que nos llev\u00f3 a concederle el Premio\u00bb. Arturo Uslar-Pietri (Venezuela) \u00abExtraordinario poder creativo para una narrativa muy proustiana. Con gran visi\u00f3n po\u00e9tica de lo colectivo, y una investigaci\u00f3n incre\u00edble, enfoca el dif\u00edcil problema de la identidad latinoamericana desde escenarios muy variados. Giardinelli es un escritor de indudable calidad y talento, y con esta novela se posiciona a la altura de los m\u00e1s grandes del continente\u00bb.<\/p>\n","protected":false},"excerpt":{"rendered":"<p>\u00abSanto Oficio de la Memoria\u00a0es como sentarse junto al fuego noches y noches para escuchar la voz de una familia. Muy bien escrita y con mucha pasi\u00f3n, en un relato ameno y divertido\u00bb. Osvaldo Soriano (Buenos Aires) De esta saga de una familia de inmigrantes italianos en Argentina que atraviesa en tres generaciones todo el [&hellip;]<\/p>\n","protected":false},"featured_media":428,"template":"","meta":[],"product_brand":[],"product_cat":[25],"product_tag":[136,154,55,153],"class_list":{"0":"post-422","1":"product","2":"type-product","3":"status-publish","4":"has-post-thumbnail","6":"product_cat-libros-digitales-ebooks","7":"product_tag-decargar-ebook","8":"product_tag-mempo-giardinelli","9":"product_tag-novelas","10":"product_tag-santo-oficio-de-la-memoria","12":"first","13":"instock","14":"shipping-taxable","15":"purchasable","16":"product-type-variable","17":"has-default-attributes"},"_links":{"self":[{"href":"https:\/\/www.taller-palabras.com\/WordPress_04\/wp-json\/wp\/v2\/product\/422","targetHints":{"allow":["GET"]}}],"collection":[{"href":"https:\/\/www.taller-palabras.com\/WordPress_04\/wp-json\/wp\/v2\/product"}],"about":[{"href":"https:\/\/www.taller-palabras.com\/WordPress_04\/wp-json\/wp\/v2\/types\/product"}],"wp:featuredmedia":[{"embeddable":true,"href":"https:\/\/www.taller-palabras.com\/WordPress_04\/wp-json\/wp\/v2\/media\/428"}],"wp:attachment":[{"href":"https:\/\/www.taller-palabras.com\/WordPress_04\/wp-json\/wp\/v2\/media?parent=422"}],"wp:term":[{"taxonomy":"product_brand","embeddable":true,"href":"https:\/\/www.taller-palabras.com\/WordPress_04\/wp-json\/wp\/v2\/product_brand?post=422"},{"taxonomy":"product_cat","embeddable":true,"href":"https:\/\/www.taller-palabras.com\/WordPress_04\/wp-json\/wp\/v2\/product_cat?post=422"},{"taxonomy":"product_tag","embeddable":true,"href":"https:\/\/www.taller-palabras.com\/WordPress_04\/wp-json\/wp\/v2\/product_tag?post=422"}],"curies":[{"name":"wp","href":"https:\/\/api.w.org\/{rel}","templated":true}]}}