{"id":4229,"date":"2021-09-04T17:14:24","date_gmt":"2021-09-04T20:14:24","guid":{"rendered":"https:\/\/www.taller-palabras.com\/WordPress_04\/?post_type=product&#038;p=4229"},"modified":"2024-04-16T12:48:29","modified_gmt":"2024-04-16T15:48:29","slug":"la-casa-de-las-bellas-durmientes-yasunari-kawabata-ebook","status":"publish","type":"product","link":"https:\/\/www.taller-palabras.com\/WordPress_04\/producto\/la-casa-de-las-bellas-durmientes-yasunari-kawabata-ebook","title":{"rendered":"La casa de las bellas durmientes &#8211; Yasunari Kawabata  \/ebook"},"content":{"rendered":"<figure id=\"attachment_4224\" aria-describedby=\"caption-attachment-4224\" style=\"width: 150px\" class=\"wp-caption alignleft\"><img loading=\"lazy\" decoding=\"async\" class=\"wp-image-4224 size-thumbnail\" src=\"https:\/\/www.taller-palabras.com\/WordPress_04\/wp-content\/uploads\/2021\/09\/Yasunari-Kawabata-150x150.jpg\" alt=\"\" width=\"150\" height=\"150\" srcset=\"https:\/\/www.taller-palabras.com\/WordPress_04\/wp-content\/uploads\/2021\/09\/Yasunari-Kawabata-150x150.jpg 150w, https:\/\/www.taller-palabras.com\/WordPress_04\/wp-content\/uploads\/2021\/09\/Yasunari-Kawabata-100x100.jpg 100w\" sizes=\"auto, (max-width: 150px) 100vw, 150px\" \/><figcaption id=\"caption-attachment-4224\" class=\"wp-caption-text\">Autor Yasunari Kawabata<\/figcaption><\/figure>\n<p>Las tres narraciones presentes en este volumen (\u00abLa casa de las bellas durmientes\u00bb, \u00abUn brazo\u00bb y \u00abDe p\u00e1jaros y animales\u00bb) tienen como tema principal la alienaci\u00f3n en diversas formas, as\u00ed como deseos antiguos y reprimidos. La primera historia, quiz\u00e1 una de las m\u00e1s famosas del autor, habla sobre el viejo Eguchi: un solitario anciano que llega a una posada atendida por una anciana. En ella los hombres mayores pagan para dormir con una bella joven, adormecida de antemano, sin tocarla. La finalidad de ello, seg\u00fan lo advierte el viejo Eguchi, es revivir los recuerdos que puede producir la juventud tan cercana. Y es as\u00ed como el anciano Eguchi, sin saberlo, empieza a recordar a una mujer de su juventud y el romance que vivieron durante su escape amoroso.<\/p>\n","protected":false},"excerpt":{"rendered":"<p>Las tres narraciones presentes en este volumen (\u00abLa casa de las bellas durmientes\u00bb, \u00abUn brazo\u00bb y \u00abDe p\u00e1jaros y animales\u00bb) tienen como tema principal la alienaci\u00f3n en diversas formas, as\u00ed como deseos antiguos y reprimidos. La primera historia, quiz\u00e1 una de las m\u00e1s famosas del autor, habla sobre el viejo Eguchi: un solitario anciano que [&hellip;]<\/p>\n","protected":false},"featured_media":4206,"template":"","meta":[],"product_brand":[],"product_cat":[25],"product_tag":[136,541,55,540],"class_list":{"0":"post-4229","1":"product","2":"type-product","3":"status-publish","4":"has-post-thumbnail","6":"product_cat-libros-digitales-ebooks","7":"product_tag-decargar-ebook","8":"product_tag-la-casa-de-las-bellas-durmientes","9":"product_tag-novelas","10":"product_tag-yasunari-kawabata","12":"first","13":"instock","14":"shipping-taxable","15":"purchasable","16":"product-type-variable","17":"has-default-attributes"},"_links":{"self":[{"href":"https:\/\/www.taller-palabras.com\/WordPress_04\/wp-json\/wp\/v2\/product\/4229","targetHints":{"allow":["GET"]}}],"collection":[{"href":"https:\/\/www.taller-palabras.com\/WordPress_04\/wp-json\/wp\/v2\/product"}],"about":[{"href":"https:\/\/www.taller-palabras.com\/WordPress_04\/wp-json\/wp\/v2\/types\/product"}],"wp:featuredmedia":[{"embeddable":true,"href":"https:\/\/www.taller-palabras.com\/WordPress_04\/wp-json\/wp\/v2\/media\/4206"}],"wp:attachment":[{"href":"https:\/\/www.taller-palabras.com\/WordPress_04\/wp-json\/wp\/v2\/media?parent=4229"}],"wp:term":[{"taxonomy":"product_brand","embeddable":true,"href":"https:\/\/www.taller-palabras.com\/WordPress_04\/wp-json\/wp\/v2\/product_brand?post=4229"},{"taxonomy":"product_cat","embeddable":true,"href":"https:\/\/www.taller-palabras.com\/WordPress_04\/wp-json\/wp\/v2\/product_cat?post=4229"},{"taxonomy":"product_tag","embeddable":true,"href":"https:\/\/www.taller-palabras.com\/WordPress_04\/wp-json\/wp\/v2\/product_tag?post=4229"}],"curies":[{"name":"wp","href":"https:\/\/api.w.org\/{rel}","templated":true}]}}