{"id":4233,"date":"2021-09-04T17:19:13","date_gmt":"2021-09-04T20:19:13","guid":{"rendered":"https:\/\/www.taller-palabras.com\/WordPress_04\/?post_type=product&#038;p=4233"},"modified":"2024-04-16T13:32:03","modified_gmt":"2024-04-16T16:32:03","slug":"la-camara-sangrienta-angela-carter-ebook","status":"publish","type":"product","link":"https:\/\/www.taller-palabras.com\/WordPress_04\/producto\/la-camara-sangrienta-angela-carter-ebook","title":{"rendered":"La c\u00e1mara sangrienta &#8211; Angela Carter  \/ebook"},"content":{"rendered":"<figure id=\"attachment_4223\" aria-describedby=\"caption-attachment-4223\" style=\"width: 150px\" class=\"wp-caption alignleft\"><img loading=\"lazy\" decoding=\"async\" class=\"wp-image-4223 size-thumbnail\" src=\"https:\/\/www.taller-palabras.com\/WordPress_04\/wp-content\/uploads\/2021\/09\/angela-carter-150x150.jpg\" alt=\"\" width=\"150\" height=\"150\" srcset=\"https:\/\/www.taller-palabras.com\/WordPress_04\/wp-content\/uploads\/2021\/09\/angela-carter-150x150.jpg 150w, https:\/\/www.taller-palabras.com\/WordPress_04\/wp-content\/uploads\/2021\/09\/angela-carter-100x100.jpg 100w\" sizes=\"auto, (max-width: 150px) 100vw, 150px\" \/><figcaption id=\"caption-attachment-4223\" class=\"wp-caption-text\">Autora Angela Carter<\/figcaption><\/figure>\n<p>La c\u00e1mara sangrienta, publicada originalmente en 1979, es una colecci\u00f3n de diez relatos expl\u00edcitamente basados en cuentos de hadas, en especial, de Charles Perrault, pero tambi\u00e9n de Jeanne Marie Leprince de Beaumont, del folclore europeo, e incluso de la radionovela, con claras influencias de la narrativa del Marqu\u00e9s de Sade.<br \/>\nSu autora, Angela Carter, afirm\u00f3 que se sent\u00eda impelida a escribir \u00abcuentos g\u00f3ticos, cuentos crueles, cuentos de terror, narrativas fabulosas que tratan directamente del imaginario del inconsciente\u00bb. Pero Carter no se limit\u00f3 a versionar cuentos de hadas desde una nueva perspectiva, sino que los recre\u00f3 por completo \u00abal extraer el contenido latente de los cuentos tradicionales y usarlo como punto de partida de nuevas historias. As\u00ed, estos relatos ahondan en temas de feminismo y metamorfosis, con un \u00e9nfasis especial en los roles de las mujeres en las relaciones, en los aspectos inmorales y perversos del matrimonio y el sexo, y en el equilibrio de poder en esas relaciones.<br \/>\nLa ilustradora chilena Alejandra Acosta ha puesto sus l\u00e1pices al servicio de estas historias sorprendentes y necesarias, convirtiendo este cl\u00e1sico en una obra, si cabe, infinitamente m\u00e1s bella. Como muchos cr\u00edticos han comentado en las \u00faltimas d\u00e9cadas, el motivo por el que La c\u00e1mara sangrienta deslumbra con brillantez es que consigue ilustrar un argumento feminista realmente moderno: que las mujeres tienen un poder y unos derechos inherentes, as\u00ed como la responsabilidad de utilizar el primero y reivindicar los segundos. Y con su trabajo, Carter y Acosta lo han demostrado sobradamente.<\/p>\n","protected":false},"excerpt":{"rendered":"<p>La c\u00e1mara sangrienta, publicada originalmente en 1979, es una colecci\u00f3n de diez relatos expl\u00edcitamente basados en cuentos de hadas, en especial, de Charles Perrault, pero tambi\u00e9n de Jeanne Marie Leprince de Beaumont, del folclore europeo, e incluso de la radionovela, con claras influencias de la narrativa del Marqu\u00e9s de Sade. Su autora, Angela Carter, afirm\u00f3 [&hellip;]<\/p>\n","protected":false},"featured_media":4207,"template":"","meta":[],"product_brand":[],"product_cat":[25],"product_tag":[542,136,543,55],"class_list":{"0":"post-4233","1":"product","2":"type-product","3":"status-publish","4":"has-post-thumbnail","6":"product_cat-libros-digitales-ebooks","7":"product_tag-angela-carter","8":"product_tag-decargar-ebook","9":"product_tag-la-camara-sangrienta","10":"product_tag-novelas","12":"first","13":"instock","14":"shipping-taxable","15":"purchasable","16":"product-type-variable","17":"has-default-attributes"},"_links":{"self":[{"href":"https:\/\/www.taller-palabras.com\/WordPress_04\/wp-json\/wp\/v2\/product\/4233","targetHints":{"allow":["GET"]}}],"collection":[{"href":"https:\/\/www.taller-palabras.com\/WordPress_04\/wp-json\/wp\/v2\/product"}],"about":[{"href":"https:\/\/www.taller-palabras.com\/WordPress_04\/wp-json\/wp\/v2\/types\/product"}],"wp:featuredmedia":[{"embeddable":true,"href":"https:\/\/www.taller-palabras.com\/WordPress_04\/wp-json\/wp\/v2\/media\/4207"}],"wp:attachment":[{"href":"https:\/\/www.taller-palabras.com\/WordPress_04\/wp-json\/wp\/v2\/media?parent=4233"}],"wp:term":[{"taxonomy":"product_brand","embeddable":true,"href":"https:\/\/www.taller-palabras.com\/WordPress_04\/wp-json\/wp\/v2\/product_brand?post=4233"},{"taxonomy":"product_cat","embeddable":true,"href":"https:\/\/www.taller-palabras.com\/WordPress_04\/wp-json\/wp\/v2\/product_cat?post=4233"},{"taxonomy":"product_tag","embeddable":true,"href":"https:\/\/www.taller-palabras.com\/WordPress_04\/wp-json\/wp\/v2\/product_tag?post=4233"}],"curies":[{"name":"wp","href":"https:\/\/api.w.org\/{rel}","templated":true}]}}