{"id":430,"date":"2019-03-24T15:40:20","date_gmt":"2019-03-24T18:40:20","guid":{"rendered":"https:\/\/www.taller-palabras.com\/WordPress_04\/?post_type=product&#038;p=430"},"modified":"2023-10-06T11:00:33","modified_gmt":"2023-10-06T14:00:33","slug":"tatiana-y-alexander-paullina-simons-saga-2","status":"publish","type":"product","link":"https:\/\/www.taller-palabras.com\/WordPress_04\/producto\/tatiana-y-alexander-paullina-simons-saga-2","title":{"rendered":"Saga: Tatiana y Alexander (2) &#8211; Paullina Simons  \/ebook"},"content":{"rendered":"<figure id=\"attachment_192\" aria-describedby=\"caption-attachment-192\" style=\"width: 150px\" class=\"wp-caption alignleft\"><img loading=\"lazy\" decoding=\"async\" class=\"wp-image-192 size-thumbnail\" src=\"https:\/\/www.taller-palabras.com\/WordPress_04\/wp-content\/uploads\/2018\/10\/Paullina-150x150.jpg\" alt=\"\" width=\"150\" height=\"150\" srcset=\"https:\/\/www.taller-palabras.com\/WordPress_04\/wp-content\/uploads\/2018\/10\/Paullina-150x150.jpg 150w, https:\/\/www.taller-palabras.com\/WordPress_04\/wp-content\/uploads\/2018\/10\/Paullina-324x324.jpg 324w, https:\/\/www.taller-palabras.com\/WordPress_04\/wp-content\/uploads\/2018\/10\/Paullina-100x100.jpg 100w\" sizes=\"auto, (max-width: 150px) 100vw, 150px\" \/><figcaption id=\"caption-attachment-192\" class=\"wp-caption-text\">Autora Paullina Simons<\/figcaption><\/figure>\n<p>Tatiana, embarazada y viuda a sus dieciocho a\u00f1os, huye de un Leningrado en ruinas para empezar una nueva vida en Estados Unidos. Pero los fantasmas del pasado no descansan: todav\u00eda cree que Alexander, su marido y comandante del Ej\u00e9rcito Rojo, est\u00e1 vivo. Entre tanto, en la Uni\u00f3n Sovi\u00e9tica Alexander se salva en el \u00faltimo momento de una ejecuci\u00f3n.<\/p>\n<p>Tatiana viajar\u00e1 hasta Europa como enfermera de la Cruz Roja y se enfrentar\u00e1 al horror de la guerra para encontrar al hombre de su vida\u2026<\/p>\n<p>Dolor y esperanza, amistad y traici\u00f3n se mezclan en esta conmovedora novela protagonizada por dos personajes entra\u00f1ables y llenos de coraje, capaces de desafiar por amor al destino m\u00e1s cruel.<\/p>\n","protected":false},"excerpt":{"rendered":"<p>Tatiana, embarazada y viuda a sus dieciocho a\u00f1os, huye de un Leningrado en ruinas para empezar una nueva vida en Estados Unidos. Pero los fantasmas del pasado no descansan: todav\u00eda cree que Alexander, su marido y comandante del Ej\u00e9rcito Rojo, est\u00e1 vivo. Entre tanto, en la Uni\u00f3n Sovi\u00e9tica Alexander se salva en el \u00faltimo momento [&hellip;]<\/p>\n","protected":false},"featured_media":434,"template":"","meta":[],"product_brand":[],"product_cat":[25,47],"product_tag":[136,55,152],"class_list":{"0":"post-430","1":"product","2":"type-product","3":"status-publish","4":"has-post-thumbnail","6":"product_cat-libros-digitales-ebooks","7":"product_cat-libros-digitales-sagas","8":"product_tag-decargar-ebook","9":"product_tag-novelas","10":"product_tag-tatiana-y-alexander-paullina-simons","12":"first","13":"instock","14":"shipping-taxable","15":"purchasable","16":"product-type-variable","17":"has-default-attributes"},"_links":{"self":[{"href":"https:\/\/www.taller-palabras.com\/WordPress_04\/wp-json\/wp\/v2\/product\/430","targetHints":{"allow":["GET"]}}],"collection":[{"href":"https:\/\/www.taller-palabras.com\/WordPress_04\/wp-json\/wp\/v2\/product"}],"about":[{"href":"https:\/\/www.taller-palabras.com\/WordPress_04\/wp-json\/wp\/v2\/types\/product"}],"wp:featuredmedia":[{"embeddable":true,"href":"https:\/\/www.taller-palabras.com\/WordPress_04\/wp-json\/wp\/v2\/media\/434"}],"wp:attachment":[{"href":"https:\/\/www.taller-palabras.com\/WordPress_04\/wp-json\/wp\/v2\/media?parent=430"}],"wp:term":[{"taxonomy":"product_brand","embeddable":true,"href":"https:\/\/www.taller-palabras.com\/WordPress_04\/wp-json\/wp\/v2\/product_brand?post=430"},{"taxonomy":"product_cat","embeddable":true,"href":"https:\/\/www.taller-palabras.com\/WordPress_04\/wp-json\/wp\/v2\/product_cat?post=430"},{"taxonomy":"product_tag","embeddable":true,"href":"https:\/\/www.taller-palabras.com\/WordPress_04\/wp-json\/wp\/v2\/product_tag?post=430"}],"curies":[{"name":"wp","href":"https:\/\/api.w.org\/{rel}","templated":true}]}}