{"id":4309,"date":"2021-09-20T14:43:01","date_gmt":"2021-09-20T17:43:01","guid":{"rendered":"https:\/\/www.taller-palabras.com\/WordPress_04\/?post_type=product&#038;p=4309"},"modified":"2024-04-18T16:28:40","modified_gmt":"2024-04-18T19:28:40","slug":"juanita-la-larga-juan-valera-ebook","status":"publish","type":"product","link":"https:\/\/www.taller-palabras.com\/WordPress_04\/producto\/juanita-la-larga-juan-valera-ebook","title":{"rendered":"Juanita la Larga &#8211; Juan Valera \/ebook)"},"content":{"rendered":"<figure id=\"attachment_4278\" aria-describedby=\"caption-attachment-4278\" style=\"width: 150px\" class=\"wp-caption alignleft\"><img loading=\"lazy\" decoding=\"async\" class=\"wp-image-4278 size-thumbnail\" src=\"https:\/\/www.taller-palabras.com\/WordPress_04\/wp-content\/uploads\/2021\/09\/Juan_Varela-150x150.jpg\" alt=\"\" width=\"150\" height=\"150\" srcset=\"https:\/\/www.taller-palabras.com\/WordPress_04\/wp-content\/uploads\/2021\/09\/Juan_Varela-150x150.jpg 150w, https:\/\/www.taller-palabras.com\/WordPress_04\/wp-content\/uploads\/2021\/09\/Juan_Varela-100x100.jpg 100w\" sizes=\"auto, (max-width: 150px) 100vw, 150px\" \/><figcaption id=\"caption-attachment-4278\" class=\"wp-caption-text\">Autor Juan Varela<\/figcaption><\/figure>\n<p>Juanita la Larga narra un tema cl\u00e1sico, el amor entre un hombre y una joven que se enfrentan a las adversidades para defender su amor. Recrea Valera un ambiente arc\u00e1dico, forjado con sus recuerdos de adolescencia y juventud, con una mezcla de lenguaje culto y coloquial que hace amen\u00edsima su lectura. Villalegre, identificada por la cr\u00edtica con las poblaciones de la infancia y juventud de Valera, Cabra o Do\u00f1a Menc\u00eda, es un para\u00edso, con ciertas limitaciones como el cacique, el respeto por el orden social establecido o el qu\u00e9 dir\u00e1n. En la novela tienen cabida elementos de todas las tendencias narrativas del siglo XIX, con preponderancia del humor (bajo la forma de la iron\u00eda, la sorna o el sarcasmo, seg\u00fan qu\u00e9 personajes y situaciones), en una obra id\u00edlica, alegre como ninguna otra del autor, sin el menor dejo de amargura, y la m\u00e1s ver\u00eddica en cuanto a emociones, en el contexto de la vida rural que ning\u00fan escritor realista pudo realizar. Juanita la Larga respet\u00f3, sobre todos los dem\u00e1s, el \u00fanico precepto, no sujeto a \u00e9pocas, al que se adscribi\u00f3 Valera sin reservas: la novela debe ser independiente de toda ideolog\u00eda o directriz intelectual, para que conserve en toda su pureza su naturaleza de obra de arte aut\u00f3noma, es decir, el arte por el arte, tan perfectamente definido y desarrollado en la obra cr\u00edtica de Valera, un autor que cultiv\u00f3 con acierto todos los g\u00e9neros narrativos.<\/p>\n","protected":false},"excerpt":{"rendered":"<p>Juanita la Larga narra un tema cl\u00e1sico, el amor entre un hombre y una joven que se enfrentan a las adversidades para defender su amor. Recrea Valera un ambiente arc\u00e1dico, forjado con sus recuerdos de adolescencia y juventud, con una mezcla de lenguaje culto y coloquial que hace amen\u00edsima su lectura. Villalegre, identificada por la [&hellip;]<\/p>\n","protected":false},"featured_media":4288,"template":"","meta":[],"product_brand":[],"product_cat":[25],"product_tag":[54,553,554,45],"class_list":{"0":"post-4309","1":"product","2":"type-product","3":"status-publish","4":"has-post-thumbnail","6":"product_cat-libros-digitales-ebooks","7":"product_tag-descargar-ebook","8":"product_tag-juan-valera","9":"product_tag-juanita-la-larga","10":"product_tag-mejor-novela","12":"first","13":"instock","14":"shipping-taxable","15":"purchasable","16":"product-type-variable","17":"has-default-attributes"},"_links":{"self":[{"href":"https:\/\/www.taller-palabras.com\/WordPress_04\/wp-json\/wp\/v2\/product\/4309","targetHints":{"allow":["GET"]}}],"collection":[{"href":"https:\/\/www.taller-palabras.com\/WordPress_04\/wp-json\/wp\/v2\/product"}],"about":[{"href":"https:\/\/www.taller-palabras.com\/WordPress_04\/wp-json\/wp\/v2\/types\/product"}],"wp:featuredmedia":[{"embeddable":true,"href":"https:\/\/www.taller-palabras.com\/WordPress_04\/wp-json\/wp\/v2\/media\/4288"}],"wp:attachment":[{"href":"https:\/\/www.taller-palabras.com\/WordPress_04\/wp-json\/wp\/v2\/media?parent=4309"}],"wp:term":[{"taxonomy":"product_brand","embeddable":true,"href":"https:\/\/www.taller-palabras.com\/WordPress_04\/wp-json\/wp\/v2\/product_brand?post=4309"},{"taxonomy":"product_cat","embeddable":true,"href":"https:\/\/www.taller-palabras.com\/WordPress_04\/wp-json\/wp\/v2\/product_cat?post=4309"},{"taxonomy":"product_tag","embeddable":true,"href":"https:\/\/www.taller-palabras.com\/WordPress_04\/wp-json\/wp\/v2\/product_tag?post=4309"}],"curies":[{"name":"wp","href":"https:\/\/api.w.org\/{rel}","templated":true}]}}