{"id":4319,"date":"2021-09-20T14:49:41","date_gmt":"2021-09-20T17:49:41","guid":{"rendered":"https:\/\/www.taller-palabras.com\/WordPress_04\/?post_type=product&#038;p=4319"},"modified":"2024-04-23T11:14:49","modified_gmt":"2024-04-23T14:14:49","slug":"el-decameron-giovanni-boccaccio-ebook","status":"publish","type":"product","link":"https:\/\/www.taller-palabras.com\/WordPress_04\/producto\/el-decameron-giovanni-boccaccio-ebook","title":{"rendered":"El Decamer\u00f3n &#8211; Giovanni Boccaccio \/ebook)"},"content":{"rendered":"<figure id=\"attachment_4277\" aria-describedby=\"caption-attachment-4277\" style=\"width: 150px\" class=\"wp-caption alignleft\"><img loading=\"lazy\" decoding=\"async\" class=\"wp-image-4277 size-thumbnail\" src=\"https:\/\/www.taller-palabras.com\/WordPress_04\/wp-content\/uploads\/2021\/09\/giovanni_Boccaccio-150x150.jpg\" alt=\"\" width=\"150\" height=\"150\" srcset=\"https:\/\/www.taller-palabras.com\/WordPress_04\/wp-content\/uploads\/2021\/09\/giovanni_Boccaccio-150x150.jpg 150w, https:\/\/www.taller-palabras.com\/WordPress_04\/wp-content\/uploads\/2021\/09\/giovanni_Boccaccio-100x100.jpg 100w\" sizes=\"auto, (max-width: 150px) 100vw, 150px\" \/><figcaption id=\"caption-attachment-4277\" class=\"wp-caption-text\">Autor Giovanni Boccaccio<\/figcaption><\/figure>\n<p>Escrita entre 1349 y 1351, es una colecci\u00f3n de cien cuentos de variada procedencia donde el autor muestra su inigualable destreza de narrador, perspicacia psicol\u00f3gica, certera pincelada sat\u00edrica y magn\u00edfica descripci\u00f3n de las costumbres de aquel tiempo. Los cuentos son relatados por un grupo de diez j\u00f3venes que se retiran a las afueras de Florencia para protegerse del contagio de la peste que asolaba la ciudad; all\u00ed, durante diez d\u00edas, cada uno de ellos tiene que gestionar una jornada y todas sus actividades; entre \u00e9stas destacas especialmente las reuniones donde, para pasar el tiempo, los presentes tienen que contar un cuento. Los temas son muy variados, abundan los licenciosos, pero tambi\u00e9n se narran historias sentimentales, tr\u00e1gicas y moralizantes.<\/p>\n","protected":false},"excerpt":{"rendered":"<p>Escrita entre 1349 y 1351, es una colecci\u00f3n de cien cuentos de variada procedencia donde el autor muestra su inigualable destreza de narrador, perspicacia psicol\u00f3gica, certera pincelada sat\u00edrica y magn\u00edfica descripci\u00f3n de las costumbres de aquel tiempo. Los cuentos son relatados por un grupo de diez j\u00f3venes que se retiran a las afueras de Florencia [&hellip;]<\/p>\n","protected":false},"featured_media":4285,"template":"","meta":[],"product_brand":[],"product_cat":[25],"product_tag":[54,556,555,45],"class_list":{"0":"post-4319","1":"product","2":"type-product","3":"status-publish","4":"has-post-thumbnail","6":"product_cat-libros-digitales-ebooks","7":"product_tag-descargar-ebook","8":"product_tag-el-decameron","9":"product_tag-giovanni-boccaccio","10":"product_tag-mejor-novela","12":"first","13":"instock","14":"shipping-taxable","15":"purchasable","16":"product-type-variable","17":"has-default-attributes"},"_links":{"self":[{"href":"https:\/\/www.taller-palabras.com\/WordPress_04\/wp-json\/wp\/v2\/product\/4319","targetHints":{"allow":["GET"]}}],"collection":[{"href":"https:\/\/www.taller-palabras.com\/WordPress_04\/wp-json\/wp\/v2\/product"}],"about":[{"href":"https:\/\/www.taller-palabras.com\/WordPress_04\/wp-json\/wp\/v2\/types\/product"}],"wp:featuredmedia":[{"embeddable":true,"href":"https:\/\/www.taller-palabras.com\/WordPress_04\/wp-json\/wp\/v2\/media\/4285"}],"wp:attachment":[{"href":"https:\/\/www.taller-palabras.com\/WordPress_04\/wp-json\/wp\/v2\/media?parent=4319"}],"wp:term":[{"taxonomy":"product_brand","embeddable":true,"href":"https:\/\/www.taller-palabras.com\/WordPress_04\/wp-json\/wp\/v2\/product_brand?post=4319"},{"taxonomy":"product_cat","embeddable":true,"href":"https:\/\/www.taller-palabras.com\/WordPress_04\/wp-json\/wp\/v2\/product_cat?post=4319"},{"taxonomy":"product_tag","embeddable":true,"href":"https:\/\/www.taller-palabras.com\/WordPress_04\/wp-json\/wp\/v2\/product_tag?post=4319"}],"curies":[{"name":"wp","href":"https:\/\/api.w.org\/{rel}","templated":true}]}}