{"id":4346,"date":"2021-09-21T15:10:58","date_gmt":"2021-09-21T18:10:58","guid":{"rendered":"https:\/\/www.taller-palabras.com\/WordPress_04\/?post_type=product&#038;p=4346"},"modified":"2024-04-23T14:06:45","modified_gmt":"2024-04-23T17:06:45","slug":"la-tesis-de-nancy-ramon-j-sender","status":"publish","type":"product","link":"https:\/\/www.taller-palabras.com\/WordPress_04\/producto\/la-tesis-de-nancy-ramon-j-sender","title":{"rendered":"La tesis de Nancy &#8211; Ram\u00f3n J. Sender \/ebook"},"content":{"rendered":"<figure id=\"attachment_4353\" aria-describedby=\"caption-attachment-4353\" style=\"width: 150px\" class=\"wp-caption alignleft\"><img loading=\"lazy\" decoding=\"async\" class=\"wp-image-4353 size-thumbnail\" src=\"https:\/\/www.taller-palabras.com\/WordPress_04\/wp-content\/uploads\/2021\/09\/RamonJSander-150x150.jpg\" alt=\"\" width=\"150\" height=\"150\" srcset=\"https:\/\/www.taller-palabras.com\/WordPress_04\/wp-content\/uploads\/2021\/09\/RamonJSander-150x150.jpg 150w, https:\/\/www.taller-palabras.com\/WordPress_04\/wp-content\/uploads\/2021\/09\/RamonJSander-100x100.jpg 100w\" sizes=\"auto, (max-width: 150px) 100vw, 150px\" \/><figcaption id=\"caption-attachment-4353\" class=\"wp-caption-text\">Autor Ram\u00f3n J. Sender<\/figcaption><\/figure>\n<p>Se trata de una novela epistolar y la autora de las cartas es Nancy, una joven estudiante americana de lenguas rom\u00e1nicas que viene a Espa\u00f1a, concretamente hasta Alcal\u00e1 de Guada\u00edra (Sevilla), para realizar su tesis doctoral sobre las costumbres y la cultura espa\u00f1olas. Sus experiencias con la cultura andaluza son puestas por escrito en cartas que env\u00eda a su prima Betsy de Pensilvania. Y Ram\u00f3n J. Sender entra en la ficci\u00f3n novelesca como un amigo de Betsy que conoce por esta las cartas y, como las encuentra interesantes, decide traducirlas al castellano y publicarlas. El autor, por tanto, echa mano de un recurso que antes hab\u00eda empleado Cervantes: presentar al verdadero autor de la novela como un simple traductor o recopilador de textos reales escritos por un tercero. Evidentemente, es solo un recurso que dota de veracidad al contenido de la novela. La tesis de Nancy es un libro de burlas contra personajes estereotipados: el terrateniente caciquil, el gitano aprovechado, el se\u00f1orito burgu\u00e9s in\u00fatil, el viejo verde, la americana tontorrona, etc. Una novela de humor en la que su autor hace uso de los malentendidos idiom\u00e1ticos (sobre todo, a partir de las peculiaridades del habla andaluza), ya que, como suele ser habitual cuando alguien no domina un idioma extranjero, veremos que cada dos por tres se van sucediendo an\u00e9cdotas y situaciones de lo m\u00e1s rocambolesco. Y la guinda del pastel es cuando Nancy se echa un novio gitano, hecho que seg\u00fan ella la ayudar\u00e1 a\u00fan m\u00e1s a comprender las costumbres espa\u00f1olas. Pero, al mismo tiempo, es una cr\u00edtica mirada a la Espa\u00f1a de su tiempo que Ram\u00f3n J. Sender hace a trav\u00e9s de los ojos de una sorprendida estudiante norteamericana. Refleja a la vez la tradici\u00f3n y la modernidad de un pa\u00eds que se abr\u00eda t\u00edmidamente al mundo desarrollado pero que guardaba todav\u00eda, en algunos momentos como un tesoro, pero en otros como un lastre, el profundo poso de siglos de costumbrismo dif\u00edcil de asumir, interpretar y comprender, no s\u00f3lo para el viajero entusiasta como Nancy, sino para muchos espa\u00f1oles a los que los avatares de su vida y de su naci\u00f3n hab\u00edan llevado, como a Sender, a un exilio forzado o voluntario.<\/p>\n","protected":false},"excerpt":{"rendered":"<p>Se trata de una novela epistolar y la autora de las cartas es Nancy, una joven estudiante americana de lenguas rom\u00e1nicas que viene a Espa\u00f1a, concretamente hasta Alcal\u00e1 de Guada\u00edra (Sevilla), para realizar su tesis doctoral sobre las costumbres y la cultura espa\u00f1olas. Sus experiencias con la cultura andaluza son puestas por escrito en cartas [&hellip;]<\/p>\n","protected":false},"featured_media":4354,"template":"","meta":[],"product_brand":[],"product_cat":[25],"product_tag":[54,563,45,562],"class_list":{"0":"post-4346","1":"product","2":"type-product","3":"status-publish","4":"has-post-thumbnail","6":"product_cat-libros-digitales-ebooks","7":"product_tag-descargar-ebook","8":"product_tag-la-tesis-de-nancy","9":"product_tag-mejor-novela","10":"product_tag-ramon-j-sender","12":"first","13":"instock","14":"shipping-taxable","15":"purchasable","16":"product-type-variable","17":"has-default-attributes"},"_links":{"self":[{"href":"https:\/\/www.taller-palabras.com\/WordPress_04\/wp-json\/wp\/v2\/product\/4346","targetHints":{"allow":["GET"]}}],"collection":[{"href":"https:\/\/www.taller-palabras.com\/WordPress_04\/wp-json\/wp\/v2\/product"}],"about":[{"href":"https:\/\/www.taller-palabras.com\/WordPress_04\/wp-json\/wp\/v2\/types\/product"}],"wp:featuredmedia":[{"embeddable":true,"href":"https:\/\/www.taller-palabras.com\/WordPress_04\/wp-json\/wp\/v2\/media\/4354"}],"wp:attachment":[{"href":"https:\/\/www.taller-palabras.com\/WordPress_04\/wp-json\/wp\/v2\/media?parent=4346"}],"wp:term":[{"taxonomy":"product_brand","embeddable":true,"href":"https:\/\/www.taller-palabras.com\/WordPress_04\/wp-json\/wp\/v2\/product_brand?post=4346"},{"taxonomy":"product_cat","embeddable":true,"href":"https:\/\/www.taller-palabras.com\/WordPress_04\/wp-json\/wp\/v2\/product_cat?post=4346"},{"taxonomy":"product_tag","embeddable":true,"href":"https:\/\/www.taller-palabras.com\/WordPress_04\/wp-json\/wp\/v2\/product_tag?post=4346"}],"curies":[{"name":"wp","href":"https:\/\/api.w.org\/{rel}","templated":true}]}}