{"id":4369,"date":"2021-10-04T12:59:45","date_gmt":"2021-10-04T15:59:45","guid":{"rendered":"https:\/\/www.taller-palabras.com\/WordPress_04\/?post_type=product&#038;p=4369"},"modified":"2024-04-25T10:41:37","modified_gmt":"2024-04-25T13:41:37","slug":"el-principito-antoine-de-saint-exupery-ebook","status":"publish","type":"product","link":"https:\/\/www.taller-palabras.com\/WordPress_04\/producto\/el-principito-antoine-de-saint-exupery-ebook","title":{"rendered":"El principito &#8211; Antoine de Saint-Exupery \/ebook"},"content":{"rendered":"<figure id=\"attachment_4358\" aria-describedby=\"caption-attachment-4358\" style=\"width: 150px\" class=\"wp-caption alignleft\"><img loading=\"lazy\" decoding=\"async\" class=\"wp-image-4358 size-thumbnail\" src=\"https:\/\/www.taller-palabras.com\/WordPress_04\/wp-content\/uploads\/2021\/10\/Antoine_Exupery-150x150.jpg\" alt=\"\" width=\"150\" height=\"150\" srcset=\"https:\/\/www.taller-palabras.com\/WordPress_04\/wp-content\/uploads\/2021\/10\/Antoine_Exupery-150x150.jpg 150w, https:\/\/www.taller-palabras.com\/WordPress_04\/wp-content\/uploads\/2021\/10\/Antoine_Exupery-100x100.jpg 100w\" sizes=\"auto, (max-width: 150px) 100vw, 150px\" \/><figcaption id=\"caption-attachment-4358\" class=\"wp-caption-text\">Autor Antoine de Saint-Exupery<\/figcaption><\/figure>\n<p>&#8216;El Principito&#8217; (en franc\u00e9s: &#8216;Le Petit Prince&#8217;), publicado el 6 de abril de 1943, es el relato corto m\u00e1s conocido del escritor y aviador franc\u00e9s Antoine de Saint-Exup\u00e9ry. Lo escribi\u00f3 mientras se hospedaba en un hotel en Nueva York y fue publicado por primera vez en los Estados Unidos. Ha sido traducido a ciento ochenta lenguas y dialectos, convirti\u00e9ndose en una de las obras m\u00e1s reconocidas de la literatura universal. El principito habita un peque\u00f1\u00edsimo asteroide, que comparte con una flor caprichosa y tres volcanes. Pero tiene \u00abproblemas\u00bb con la flor y empieza a experimentar la soledad; hasta que decide abandonar el planeta en busca de un amigo. Buscando esa amistad recorre varios planetas, habitados sucesivamente por un rey, un vanidoso, un borracho, un hombre de negocios, un farolero, un ge\u00f3grafo\u2026 El concepto de \u00abseriedad\u00bb que tienen estas \u00abpersonas mayores\u00bb le deja perplejo y confuso. Prosiguiendo su b\u00fasqueda llega al planeta Tierra, pero en su enorme extensi\u00f3n siente m\u00e1s que nunca la soledad. Una serpiente le da su versi\u00f3n pesimista sobre los hombres y lo poco que se puede esperar de ellos. Tampoco el zorro contribuye a mejorar su opini\u00f3n, pero en cambio le ense\u00f1a el modo de hacerse amigos: hay que crear lazos, hay que dejarse \u00abdomesticar\u00bb. Y al final le regala su secreto: \u00abS\u00f3lo se ve bien con el coraz\u00f3n. Lo esencial es invisible a los ojos\u00bb. De pronto, el principito se da cuenta de que su flor le ha \u00abdomesticado\u00bb y decide regresar a su planeta vali\u00e9ndose de los medios expeditivos que le ofrece la serpiente. Y es entonces cuando entra en contacto con el aviador; tambi\u00e9n el hombre habr\u00e1 encontrado un amigo\u2026<\/p>\n","protected":false},"excerpt":{"rendered":"<p>&#8216;El Principito&#8217; (en franc\u00e9s: &#8216;Le Petit Prince&#8217;), publicado el 6 de abril de 1943, es el relato corto m\u00e1s conocido del escritor y aviador franc\u00e9s Antoine de Saint-Exup\u00e9ry. Lo escribi\u00f3 mientras se hospedaba en un hotel en Nueva York y fue publicado por primera vez en los Estados Unidos. Ha sido traducido a ciento ochenta [&hellip;]<\/p>\n","protected":false},"featured_media":4357,"template":"","meta":[],"product_brand":[],"product_cat":[25],"product_tag":[565,54,566,45],"class_list":{"0":"post-4369","1":"product","2":"type-product","3":"status-publish","4":"has-post-thumbnail","6":"product_cat-libros-digitales-ebooks","7":"product_tag-antoine-de-saint-exupery","8":"product_tag-descargar-ebook","9":"product_tag-el-principito","10":"product_tag-mejor-novela","12":"first","13":"instock","14":"shipping-taxable","15":"purchasable","16":"product-type-variable","17":"has-default-attributes"},"_links":{"self":[{"href":"https:\/\/www.taller-palabras.com\/WordPress_04\/wp-json\/wp\/v2\/product\/4369","targetHints":{"allow":["GET"]}}],"collection":[{"href":"https:\/\/www.taller-palabras.com\/WordPress_04\/wp-json\/wp\/v2\/product"}],"about":[{"href":"https:\/\/www.taller-palabras.com\/WordPress_04\/wp-json\/wp\/v2\/types\/product"}],"wp:featuredmedia":[{"embeddable":true,"href":"https:\/\/www.taller-palabras.com\/WordPress_04\/wp-json\/wp\/v2\/media\/4357"}],"wp:attachment":[{"href":"https:\/\/www.taller-palabras.com\/WordPress_04\/wp-json\/wp\/v2\/media?parent=4369"}],"wp:term":[{"taxonomy":"product_brand","embeddable":true,"href":"https:\/\/www.taller-palabras.com\/WordPress_04\/wp-json\/wp\/v2\/product_brand?post=4369"},{"taxonomy":"product_cat","embeddable":true,"href":"https:\/\/www.taller-palabras.com\/WordPress_04\/wp-json\/wp\/v2\/product_cat?post=4369"},{"taxonomy":"product_tag","embeddable":true,"href":"https:\/\/www.taller-palabras.com\/WordPress_04\/wp-json\/wp\/v2\/product_tag?post=4369"}],"curies":[{"name":"wp","href":"https:\/\/api.w.org\/{rel}","templated":true}]}}