{"id":438,"date":"2019-03-24T14:21:38","date_gmt":"2019-03-24T17:21:38","guid":{"rendered":"https:\/\/www.taller-palabras.com\/WordPress_04\/?post_type=product&#038;p=438"},"modified":"2025-06-30T17:23:54","modified_gmt":"2025-06-30T20:23:54","slug":"el-retrato-de-una-dama-henry-james","status":"publish","type":"product","link":"https:\/\/www.taller-palabras.com\/WordPress_04\/producto\/el-retrato-de-una-dama-henry-james","title":{"rendered":"El retrato de una dama &#8211; Henry James \/ebook"},"content":{"rendered":"<figure id=\"attachment_440\" aria-describedby=\"caption-attachment-440\" style=\"width: 150px\" class=\"wp-caption alignleft\"><img loading=\"lazy\" decoding=\"async\" class=\"wp-image-440 size-thumbnail\" src=\"https:\/\/www.taller-palabras.com\/WordPress_04\/wp-content\/uploads\/2019\/03\/henry-james-150x150.jpg\" alt=\"\" width=\"150\" height=\"150\" srcset=\"https:\/\/www.taller-palabras.com\/WordPress_04\/wp-content\/uploads\/2019\/03\/henry-james-150x150.jpg 150w, https:\/\/www.taller-palabras.com\/WordPress_04\/wp-content\/uploads\/2019\/03\/henry-james-300x300.jpg 300w, https:\/\/www.taller-palabras.com\/WordPress_04\/wp-content\/uploads\/2019\/03\/henry-james-324x324.jpg 324w, https:\/\/www.taller-palabras.com\/WordPress_04\/wp-content\/uploads\/2019\/03\/henry-james-100x100.jpg 100w, https:\/\/www.taller-palabras.com\/WordPress_04\/wp-content\/uploads\/2019\/03\/henry-james.jpg 402w\" sizes=\"auto, (max-width: 150px) 100vw, 150px\" \/><figcaption id=\"caption-attachment-440\" class=\"wp-caption-text\">Autor Henry James<\/figcaption><\/figure>\n<p>Para muchos, la obra maestra de Henry James, que re\u00fane los temas esenciales de su literatura: la psicolog\u00eda femenina, las diferencias entre Europa y Am\u00e9rica, la educaci\u00f3n y el arte.<br \/>\nEl retrato de una dama es una de las grandes novelas del siglo XIX. Su protagonista es Isabel Archer, una bella joven estadounidense que recibe una sustanciosa herencia y decide emprender un viaje por Europa. La familia quiere que se case pronto, pero ella defiende su independencia, hasta que los acontecimientos se precipitan de un modo inesperado.<br \/>\n\u00bfEs posible mantener la atenci\u00f3n del lector por m\u00e1s de 500 p\u00e1ginas con una trama trabada? \u00bfEs posible que un lector sienta inter\u00e9s por acciones casi inexistentes que parecen no llevarnos a ning\u00fan lado? \u00bfSe puede discurrir sobre personajes que se mueven como arrastrados por una orquesta de c\u00e1mara casi inm\u00f3viles, casi impasibles? \u00bfC\u00f3mo se logra atraer a un lector de pleno siglo XXI con protagonistas que semejan delicadas piezas de cer\u00e1mica esmaltada?<br \/>\nHenry James lo logra. Apuesta a otras cuestiones de fondo y logra que nos desembaracemos de la trama como si \u00e9sta no fuera importante para una historia, consigue que acciones m\u00ednimas sean la excusa perfecta para entrar en las acciones m\u00e1ximas que tienen lugar en el interior de personajes que no necesitan de la acci\u00f3n violenta para rebel\u00e1rsenos.<\/p>\n","protected":false},"excerpt":{"rendered":"<p>Para muchos, la obra maestra de Henry James, que re\u00fane los temas esenciales de su literatura: la psicolog\u00eda femenina, las diferencias entre Europa y Am\u00e9rica, la educaci\u00f3n y el arte. El retrato de una dama es una de las grandes novelas del siglo XIX. Su protagonista es Isabel Archer, una bella joven estadounidense que recibe [&hellip;]<\/p>\n","protected":false},"featured_media":445,"template":"","meta":[],"product_brand":[],"product_cat":[25],"product_tag":[136,150,151,55],"class_list":{"0":"post-438","1":"product","2":"type-product","3":"status-publish","4":"has-post-thumbnail","6":"product_cat-libros-digitales-ebooks","7":"product_tag-decargar-ebook","8":"product_tag-el-retrato-de-una-dama","9":"product_tag-henry-james","10":"product_tag-novelas","12":"first","13":"instock","14":"shipping-taxable","15":"purchasable","16":"product-type-variable","17":"has-default-attributes"},"_links":{"self":[{"href":"https:\/\/www.taller-palabras.com\/WordPress_04\/wp-json\/wp\/v2\/product\/438","targetHints":{"allow":["GET"]}}],"collection":[{"href":"https:\/\/www.taller-palabras.com\/WordPress_04\/wp-json\/wp\/v2\/product"}],"about":[{"href":"https:\/\/www.taller-palabras.com\/WordPress_04\/wp-json\/wp\/v2\/types\/product"}],"wp:featuredmedia":[{"embeddable":true,"href":"https:\/\/www.taller-palabras.com\/WordPress_04\/wp-json\/wp\/v2\/media\/445"}],"wp:attachment":[{"href":"https:\/\/www.taller-palabras.com\/WordPress_04\/wp-json\/wp\/v2\/media?parent=438"}],"wp:term":[{"taxonomy":"product_brand","embeddable":true,"href":"https:\/\/www.taller-palabras.com\/WordPress_04\/wp-json\/wp\/v2\/product_brand?post=438"},{"taxonomy":"product_cat","embeddable":true,"href":"https:\/\/www.taller-palabras.com\/WordPress_04\/wp-json\/wp\/v2\/product_cat?post=438"},{"taxonomy":"product_tag","embeddable":true,"href":"https:\/\/www.taller-palabras.com\/WordPress_04\/wp-json\/wp\/v2\/product_tag?post=438"}],"curies":[{"name":"wp","href":"https:\/\/api.w.org\/{rel}","templated":true}]}}